{"id":5934,"date":"2023-06-24T12:30:09","date_gmt":"2023-06-24T10:30:09","guid":{"rendered":"https:\/\/antcube.shop\/product\/antcube-terra-nidum-20x20-l-beige\/"},"modified":"2026-04-04T16:23:10","modified_gmt":"2026-04-04T14:23:10","slug":"antcube-terra-nidum-20x20-l-beige","status":"publish","type":"product","link":"https:\/\/antcube.shop\/nb\/produkt\/antcube-terra-nidum-20x20-l-beige\/","title":{"rendered":"ANTCUBE - Digfix Terra nidum 20\u00d720 - L - beige"},"content":{"rendered":"<p><strong>Dimensjoner:<\/strong> 183x160x20 mm<\/p>\n<p><strong>Materiell:<\/strong> gravbart materiale p\u00e5 harpiksbasis.<\/p>\n<p><strong>Beskrivelse:<\/strong> Terra nidum-platen (lat. earth nidum) av gravedyktig materiale passer perfekt til v\u00e5re ANTCUBE-maurtuer. Den kan brukes b\u00e5de t\u00f8rt og v\u00e5tt. Den er ogs\u00e5 egnet for mange maurarter, spesielt de som bygger reir i sand og i (d\u00f8dt) trevirke. Det kan brukes i stedet for sand-lamblandinger eller reirinnlegg av kork. Fordelen med dette reiret er at det er lettere \u00e5 kontrollere fuktingen av platen p\u00e5 grunn av en godt synlig misfarging, og fargen p\u00e5 platen gir en flott kontrast til de vanligvis m\u00f8rkere fargede maurartene. I tillegg kan de indre rutene i maurtuen ikke tilsmusses med substrat, slik tilfellet er med for eksempel sand- og leireblandinger, noe som gir perfekt innsyn til reiret. Reirmaterialet v\u00e5rt har ogs\u00e5 en mye fastere struktur, slik at ganger og kamre som maurene graver, ikke kollapser.<\/p>\n<p><strong>Merk:<\/strong> Den naturlige fargenyansen kan variere mellom beige\/sand og lysebrun. Fargenyansen p\u00e5virker ikke kvaliteten.<br \/>\nP\u00e5 grunn av produksjonsfeil kan dimensjonene variere med +\/- 1 mm.<\/p>","protected":false},"excerpt":{"rendered":"<p>St\u00f8rrelse: <strong>L<\/strong><\/p>","protected":false},"featured_media":5928,"comment_status":"open","ping_status":"closed","template":"","meta":{"_acf_changed":false,"content-type":"","_monsterinsights_skip_tracking":false,"_monsterinsights_sitenote_active":false,"_monsterinsights_sitenote_note":"","_monsterinsights_sitenote_category":0},"product_brand":[],"product_cat":[257,87,88],"product_tag":[],"class_list":{"0":"post-5934","1":"product","2":"type-product","3":"status-publish","4":"has-post-thumbnail","6":"product_cat-new-innovatve-products","7":"product_cat-nest-insets","8":"product_cat-digfix","10":"first","11":"instock","12":"taxable","13":"shipping-taxable","14":"purchasable","15":"product-type-simple"},"acf":[],"aioseo_notices":[],"jetpack_sharing_enabled":true,"_links":{"self":[{"href":"https:\/\/antcube.shop\/nb\/wp-json\/wp\/v2\/product\/5934","targetHints":{"allow":["GET"]}}],"collection":[{"href":"https:\/\/antcube.shop\/nb\/wp-json\/wp\/v2\/product"}],"about":[{"href":"https:\/\/antcube.shop\/nb\/wp-json\/wp\/v2\/types\/product"}],"replies":[{"embeddable":true,"href":"https:\/\/antcube.shop\/nb\/wp-json\/wp\/v2\/comments?post=5934"}],"wp:featuredmedia":[{"embeddable":true,"href":"https:\/\/antcube.shop\/nb\/wp-json\/wp\/v2\/media\/5928"}],"wp:attachment":[{"href":"https:\/\/antcube.shop\/nb\/wp-json\/wp\/v2\/media?parent=5934"}],"wp:term":[{"taxonomy":"product_brand","embeddable":true,"href":"https:\/\/antcube.shop\/nb\/wp-json\/wp\/v2\/product_brand?post=5934"},{"taxonomy":"product_cat","embeddable":true,"href":"https:\/\/antcube.shop\/nb\/wp-json\/wp\/v2\/product_cat?post=5934"},{"taxonomy":"product_tag","embeddable":true,"href":"https:\/\/antcube.shop\/nb\/wp-json\/wp\/v2\/product_tag?post=5934"}],"curies":[{"name":"wp","href":"https:\/\/api.w.org\/{rel}","templated":true}]}}