{"id":5475,"date":"2023-02-10T13:18:16","date_gmt":"2023-02-10T12:18:16","guid":{"rendered":"https:\/\/antcube.shop\/produkt\/popcorn-nest-20x20-l\/"},"modified":"2026-03-09T17:50:04","modified_gmt":"2026-03-09T16:50:04","slug":"popcorn-nest-20x20-l","status":"publish","type":"product","link":"https:\/\/antcube.shop\/nb\/produkt\/popcorn-nest-20x20-l\/","title":{"rendered":"Popcorn Nest 20\u00d720 - L"},"content":{"rendered":"<p><strong>Dimensjoner:<\/strong> 184 x 160 x 18 mm<\/p>\n<p><strong>Materiell:<\/strong> popcorn presset med sukrose og protein<\/p>\n<p><strong>Passer kun til<\/strong> i st\u00f8rrelsen p\u00e5 v\u00e5re maurfarmer <strong>L<\/strong><\/p>\n<p><strong>Beskrivelse:<\/strong> Dette popcornreiret med prefabrikkerte passasjer og kamre er perfekt som kornkammer for for eksempel Messor maur, men ogs\u00e5 andre kornsamlende maurarter. Det har et hull som tilgang til reiret. Popcornreiret absorberer fuktighet og kan utvide seg som et resultat, s\u00e5<strong> det b\u00f8r absolutt holdes t\u00f8rt<\/strong>. Messor barbarus aksepterer v\u00e5rt ANTCUBE Popcorn Nest veldig godt som et kornkammer. Over tid vil maurene begynne \u00e5 utvide popcornreiret og spise seg gjennom redematerialet.<\/p>\n<p>Popcorn Nest skal bare brukes til maurarter som krever sv\u00e6rt lite eller ingen fuktighet i reiromr\u00e5det.<\/p>","protected":false},"excerpt":{"rendered":"<p>Dimensjoner: 184 x 160 x 18 mm Materiale: popcorn presset med sukrose og protein Passer kun i v\u00e5re maurtuer i st\u00f8rrelse L Beskrivelse: Dette popcornreiret med prefabrikkerte passasjer og kamre er perfekt som kornkammer for for eksempel Messor maur, men ogs\u00e5 andre kornsamlende maurarter. Det har et hull som reir","protected":false},"featured_media":5459,"comment_status":"open","ping_status":"closed","template":"","meta":{"_acf_changed":false,"content-type":"","_monsterinsights_skip_tracking":false,"_monsterinsights_sitenote_active":false,"_monsterinsights_sitenote_note":"","_monsterinsights_sitenote_category":0},"product_brand":[],"product_cat":[257,344,87],"product_tag":[],"class_list":{"0":"post-5475","1":"product","2":"type-product","3":"status-publish","4":"has-post-thumbnail","6":"product_cat-new-innovatve-products","7":"product_cat-popcorn","8":"product_cat-nest-insets","10":"first","11":"instock","12":"taxable","13":"shipping-taxable","14":"purchasable","15":"product-type-simple"},"acf":[],"aioseo_notices":[],"jetpack_sharing_enabled":true,"_links":{"self":[{"href":"https:\/\/antcube.shop\/nb\/wp-json\/wp\/v2\/product\/5475","targetHints":{"allow":["GET"]}}],"collection":[{"href":"https:\/\/antcube.shop\/nb\/wp-json\/wp\/v2\/product"}],"about":[{"href":"https:\/\/antcube.shop\/nb\/wp-json\/wp\/v2\/types\/product"}],"replies":[{"embeddable":true,"href":"https:\/\/antcube.shop\/nb\/wp-json\/wp\/v2\/comments?post=5475"}],"wp:featuredmedia":[{"embeddable":true,"href":"https:\/\/antcube.shop\/nb\/wp-json\/wp\/v2\/media\/5459"}],"wp:attachment":[{"href":"https:\/\/antcube.shop\/nb\/wp-json\/wp\/v2\/media?parent=5475"}],"wp:term":[{"taxonomy":"product_brand","embeddable":true,"href":"https:\/\/antcube.shop\/nb\/wp-json\/wp\/v2\/product_brand?post=5475"},{"taxonomy":"product_cat","embeddable":true,"href":"https:\/\/antcube.shop\/nb\/wp-json\/wp\/v2\/product_cat?post=5475"},{"taxonomy":"product_tag","embeddable":true,"href":"https:\/\/antcube.shop\/nb\/wp-json\/wp\/v2\/product_tag?post=5475"}],"curies":[{"name":"wp","href":"https:\/\/api.w.org\/{rel}","templated":true}]}}