{"id":5380,"date":"2023-02-01T17:57:19","date_gmt":"2023-02-01T16:57:19","guid":{"rendered":"https:\/\/antcube.shop\/produkt\/bundle-offer-lasius-niger\/"},"modified":"2026-04-15T09:41:53","modified_gmt":"2026-04-15T07:41:53","slug":"bundle-offer-lasius-niger","status":"publish","type":"product","link":"https:\/\/antcube.shop\/nb\/produkt\/bundle-offer-lasius-niger\/","title":{"rendered":"Pakketilbud - Lasius niger"},"content":{"rendered":"<p><span data-text-color=\"secondary\"><strong>Pakketilbud som inkluderer en Lasius niger maurkoloni (dronning + 26-50 arbeidere + yngel), et startsett Combi M med fluktbeskyttelsesramme, rutenettinnsats 50 mm, formicariumbunn - 20x20 cm, klart drikketr\u00e5g 20 ml - svamp, et glass med v\u00e5re spesielle hele blancherte sirisser 10 g (fuktig protein) og en honningduggblandingsp\u00e5fyllingspakke 10 ml.<\/strong><\/span><\/p>\n<p><span data-text-color=\"alert\"><strong>Bare s\u00e5 lenge lageret rekker.<\/strong><\/span><\/p>\n<p><strong>Alt du trenger til en Lasius niger-maurkoloni<\/strong><br \/>\nDenne pakken inneholder alt du trenger for \u00e5 f\u00e5 en Lasius niger-koloni gjennom de f\u00f8rste m\u00e5nedene. Den kan utvides fleksibelt og er spesielt egnet for nybegynnere innen maurhold.<\/p>\n<p>Maurarten Lasius niger Lasius niger, ogs\u00e5 kjent som \"svart l\u00f8ypemaur\", er en av de mest popul\u00e6re artene for nybegynnere innen maurhold. Den er en av de sm\u00e5 til mellomstore maurene og er sv\u00e6rt n\u00f8ysom. Den er utbredt i hele Europa, men finnes ogs\u00e5 i Asia, Afrika og Nord-Amerika.<\/p>\n<p><strong>Mat for Lasius niger<\/strong><br \/>\nI naturen holder Lasius niger ofte bladlus for \u00e5 samle honningdugg produsert fra plantesaft. Dermed beskytter de dem og transporterer dem til og med til unge skudd.<br \/>\nI formicariumet kan du ganske enkelt plassere noen infiserte kvister (f.eks. roser, hylleb\u00e6r, rips) i en vase og se dyrene melke dem. I formicariumet er det best \u00e5 gi honningoppl\u00f8sning og proteinmat (enten levende sm\u00e5 insekter eller t\u00f8rket proteinmat).<\/p>\n<p><strong>Vinterdvale hos Lasius niger<\/strong><br \/>\nLasius niger g\u00e5r i dvale mellom slutten av oktober og slutten av mars ved 5-8 grader. I formikariet kan du ganske enkelt plassere hele formikariet i et kj\u00f8lig rom, eller (hvis formikariet har en uttagbar redeinnsats) plassere redeinnsatsen i for eksempel kj\u00f8leskapet. Man b\u00f8r imidlertid passe p\u00e5 at maurene ikke utsettes for temperaturer under 0 grader, da de aldri er like godt beskyttet mot kulde i formikariet som i naturen. Det finnes ogs\u00e5 rapporter fra oppdrettere som holder Lasius niger uten dvale. Dette kan imidlertid f\u00f8re til forkortet levetid for kolonien eller bremse utviklingen av yngelen. Under dvalen trenger ikke dyrene \u00e5 f\u00f4res, eller de kan f\u00f4res sv\u00e6rt lite om n\u00f8dvendig. Du b\u00f8r imidlertid sjekke luftfuktigheten regelmessig og se opp for mugg!<\/p>\n<p><strong>Innhold:<\/strong><\/p>\n<p>1x Lasius niger (dronning + 26-50 arbeidere + yngel)<br \/>\n1x Cricket Jam 25g<br \/>\n1x Honeydew honey 10ml refill pack<\/p>\n<p>1x ANTCUBE - Arena 20x20x20 - Combi M<br \/>\n1x myr arena deksel 20\u00d720<br \/>\n4x Festepunkt for arenadeksel<br \/>\n1x Myr arena ramme 20\u00d720<br \/>\n1x pad for formicariums &#8211; 20x20cm<\/p>\n<p>2x grid insert &#8211; 50mm<br \/>\n2x grid insert &#8211; 27mm<br \/>\n1x ANTCUBE - Digfix plate 20\u00d720 - S<br \/>\n1x soil &#8211; Sand-loam red &#8211; 200g<\/p>\n<p>1x Foil thermometer display<br \/>\n1x drinking clear 5ml &#8211; sponge<br \/>\n1x drikkekar 2ml - 360 grader<br \/>\n1x Feeding dish white rectangle &#8211; 3 compartments<br \/>\n1x h\u00e5ndlupe - 2x - 30 mm<br \/>\n1x Transparent plastic tweezers<br \/>\n1x pinsett fj\u00e6rst\u00e5l - bred - myk<br \/>\n1x plastpipette 3 ml<br \/>\n1x maur fluktbeskyttelse olje 10ml<br \/>\n1x Foam wiper 150x18x2.5mm<\/p>\n<p><strong>Beskrivelse:<\/strong><br \/>\nDette startsettet - Combi er egnet for de fleste maurarter som hekker i bakken.<br \/>\nSettet er sv\u00e6rt kompakt, og det medf\u00f8lgende tilbeh\u00f8ret er redusert til det mest n\u00f8dvendige.<br \/>\nDet er derfor et rimelig sett laget av materialer av h\u00f8y kvalitet, som er ideelt for \u00e5 komme i gang med maurhold.<br \/>\nDet medf\u00f8lgende substratet sand - leirbeige er godt akseptert av de fleste jordboende maurarter.<\/p>\n<p>Det er imidlertid ogs\u00e5 mulig \u00e5 plassere andre jordunderlag eller reirinnlegg i reiromr\u00e5det p\u00e5 arenaen.<br \/>\nAnnet nyttig tilbeh\u00f8r finner du under forslagene (se nedenfor).<\/p>\n<p><strong>Anbefaling:<\/strong> Vi anbefaler et substratlag p\u00e5 2 mm h\u00f8yde, slik at dyrene ikke kan grave seg inn i arenaen og i stedet bruker g\u00e5rden som er beregnet til dette form\u00e5let. Vi anbefaler ogs\u00e5 at redematerialet i g\u00e5rden (sand\/leire, Digfix osv.) er lett prikket p\u00e5 ett sted for \u00e5 gj\u00f8re det lettere for dyrene \u00e5 grave.<\/p>\n<p><strong>Viktig:<\/strong> Fukt substratet f\u00f8r bruk, slik at blandingen kan binde seg og utvikle et fast grep i maurfarmen. I tillegg kan et t\u00f8rt og st\u00f8vete substrat f\u00f8re til at maurens luftveier blokkeres og i verste fall f\u00f8re til at dyrene kveles.<\/p>\n<p><strong>Merk:<\/strong><br \/>\nN\u00e5r du bruker v\u00e5re reirinnlegg, m\u00e5 du v\u00e6re oppmerksom p\u00e5 at disse er 8 mm smalere, siden de opprinnelig ble utviklet for \u00e5 passe til v\u00e5re smalere myre- og arenainnsatser! I s\u00e5 fall m\u00e5 mellomrommet fylles med fyllmateriale som gips eller leire.<\/p>\n<p><strong>Merknader om produksjon<\/strong><br \/>\nGlasset er sk\u00e5ret i henhold til DIN 1249 med en toleranse p\u00e5 +\/- 1 mm. For ekstremt sm\u00e5 maurarter er ekstra r\u00f8mningsbeskyttelse viktig.<\/p>\n<p><strong>Instruksjoner: <\/strong>(Versjon 2023, den oppdaterte versjonen for 2024 vil v\u00e6re tilgjengelig senest 04\/2024)<strong><br \/>\n<\/strong><\/p>\n<p>- DE<a href=\"https:\/\/www.antstore.net\/shop\/images\/info\/de\/Gebrauchsanweisung%20Starter%20Set%20Combi.pdf\"> Gebrauchsanweisung Starter Set Combi<\/a> (PDF 7,98 MB)<\/p>\n<p>- DA<a href=\"https:\/\/www.antstore.net\/shop\/images\/info\/en\/Instructions%20for%20use%20-%20Starter%20Set%20Combi.pdf\"> Bruksanvisning - Startsett Combi<\/a> (PDF 7,94 MB)<\/p>\n<p>- ES<a href=\"https:\/\/www.antstore.net\/shop\/images\/info\/es\/Manual%20de%20instrucciones%20-%20Set%20de%20inicio%20Combi.pdf\"> Manual de instrucciones - Set de inicio Combi (instruksjonsmanual)<\/a> (PDF 7,94 MB)<\/p>\n<p>- FR<a href=\"https:\/\/www.antstore.net\/shop\/images\/info\/fr\/Manuel%20d'instruction%20-%20Kit%20de%20d%C3%A9marrage%20Combi.pdf\"> Manual d'instruction - Kit de d\u00e9marrage Combi<\/a> (PDF 7,95 MB)<\/p>\n<p><strong>Notater om Cricket Jam:<\/strong><br \/>\nV\u00e5re blancherte sirisser er en enkel m\u00e5te \u00e5 gi maurene dine nykonserverte proteiner uten \u00e5 m\u00e5tte f\u00f4re med levende insekter. De inneholdte sirissene (Acheta domesticus) er sk\u00e5nsomt blancherte for \u00e5 sikre at n\u00e6ringsverdier, smak og aroma beholdes. I tillegg mykgj\u00f8res insektenes kitinskall p\u00e5 denne m\u00e5ten, slik at det blir lettere \u00e5 ford\u00f8ye. Bindingene i kollagenproteinene brytes ned slik at maurene kan utnytte dem bedre. Acheta domesticus p\u00e5 boks har samme n\u00e6ringsverdi som levende sirisser, men er lettere \u00e5 ford\u00f8ye.<\/p>\n<p>Cricket Jam er ikke egnet til jakt p\u00e5 maurarter som krever levende f\u00f8de (f.eks. poneriner (stormaur) som Harpegnathos eller Odontomachus).<\/p>\n<p><strong>Ytterligere fordeler:<\/strong><br \/>\nGarantert fri for midd<br \/>\nKan porsjoneres og fortynnes med vann<br \/>\nSterilisert og vakuumpakket<br \/>\nUten tilsetningsstoffer<br \/>\nF\u00e5rekyllinger fra b\u00e6rekraftig, rent \u00f8kologisk oppdrett, f\u00f4ret med organisk avfall.<\/p>\n<p><strong>Merk:<\/strong><br \/>\nKan oppbevares i kj\u00f8leskapet i ca. fire dager etter \u00e5pning. Lengre holdbarhet hvis den fryses.<br \/>\nV\u00e6r oppmerksom: F\u00f8rst porsjonere, deretter fryse.<\/p>\n<p><strong>Merknad om honningdugg:<\/strong><br \/>\nInnhold: 10 ml<br \/>\nDette er et naturlig produkt, som vi har raffinert etter omfattende testing i laboratoriet v\u00e5rt og utviklet til en mat som maurene aksepterer sv\u00e6rt godt. \u00c5rsaken er at ubehandlet honningdugghonning i sin konsentrerte opprinnelige form ikke aksepteres godt av maur og deres metabolisme.<br \/>\nHonningduggen v\u00e5r ble samlet i de uforurensede, ville fjellskogene i Bulgaria. Honningdugg produseres bare i en sv\u00e6rt begrenset periode, omtrent to m\u00e5neder om sommeren. Den er derfor sv\u00e6rt sjelden. P\u00e5 grunn av skogens spesielle jordsmonn og klimaet lagres viktige n\u00e6ringsstoffer i tr\u00e6rnes blader, som absorberes av bladlusene. Det er dette som gj\u00f8r denne honningduggblandingen s\u00e5 ettertraktet for maur.<\/p>\n<p><strong>Bruksomr\u00e5de:<\/strong><br \/>\nMengden mat b\u00f8r konsumeres innen ca. 3 dager.<\/p>\n<p><strong>Beskrivelse:<\/strong><br \/>\nI motsetning til blomsterhonning utvinnes honningdugg av sekreter fra insekter som suger p\u00e5 planter, for eksempel bladlus. Honningdugg er en popul\u00e6r matkilde for mange insekter som maur, bier og humler. Bier og humler slikker honningdugg fra bladene eller n\u00e5lene p\u00e5 ulike tr\u00e6r. Maur som Lasius niger holder bokstavelig talt bladlusene i live. De forsvarer dem til og med mot rovdyr og b\u00e6rer dem til nye skudd.<\/p>\n<p>Honningdugg er spesielt popul\u00e6rt blant maur p\u00e5 grunn av sine noe annerledes bestanddeler. De viktigste sukkerartene i honningdugg er sukrose og fruktose, men det finnes ogs\u00e5 mindre mengder maltose, trehalose, melezitose, raffinose og andre oligosakkarider. I tillegg til sukker og vann inneholder honningdugg ogs\u00e5 essensielle aminosyrer, mineraler, sporstoffer, adenosiner, fosfater og andre ingredienser som vitaminer.<\/p>\n<p><strong>Bruk:<\/strong><br \/>\nFor honningspisende maurarter (Meliphagidae)<br \/>\nDette er et tilleggsf\u00f4r<br \/>\nDet kan tilbys dyrene etter hvert som de f\u00e5r det. Ettersom sukkerkonsentrasjonen reduseres p\u00e5 grunn av fuktigheten og en gj\u00e6ringsprosess starter, b\u00f8r f\u00f4ret skiftes ut hver 3. dag. Rengj\u00f8r f\u00f4rsk\u00e5len\/r\u00f8ret grundig f\u00f8r det brukes p\u00e5 nytt.<br \/>\nN\u00e5r pakningen er \u00e5pnet, skal den oppbevares tett lukket frem til utl\u00f8psdatoen.<\/p>\n<p><strong>N\u00e6ringsinnhold per 100 g:<\/strong><br \/>\nca. 2,7 % fettstoffer<br \/>\nhvorav mettet ca. 0,45 %<br \/>\nca. 95 % karbohydrater<br \/>\nhvorav sukker ca. 71<br \/>\nca. 2,85%-protein<br \/>\nMineraler (kalium, kalsium, kobber, jern, natrium, magnesium, fosfor, sink og andre sporstoffer) Aminosyrer (prolin, leucin, fenylalanin, alanin, histidin, isoleucin, glutaminsyre, arginin, asparaginsyre, etc.) Organiske syrer Enzymer (fermenter)Smaksstoffer Inhibiner (antibakterielle stoffer) Blomster Pollen<\/p>\n<p><strong>Lagring:<\/strong><br \/>\nFor \u00e5 sikre kvaliteten p\u00e5 f\u00f4ret b\u00f8r det oppbevares m\u00f8rkt og t\u00f8rt.<\/p>\n<p><strong>Merk:<\/strong><br \/>\nTilleggsf\u00f4r for honningspisende maur.<br \/>\nSe pakningsvedlegget for sammensetning, analytiske ingredienser, holdbarhetsdato og batchnummer.<\/p>\n<p>Informasjonstelefon +49 30 439703870<\/p>\n<p>Ansvarlig veterin\u00e6r- og mattilsyn:<br \/>\nSteglitz veterin\u00e6rkontor<br \/>\nK\u00f6nigin-Luise-Str. 92<br \/>\n14195 Berlin<\/p>","protected":false},"excerpt":{"rendered":"<p>St\u00f8rrelse: M<\/p>","protected":false},"featured_media":7115,"comment_status":"open","ping_status":"closed","template":"","meta":{"_acf_changed":false,"content-type":"","_monsterinsights_skip_tracking":false,"_monsterinsights_sitenote_active":false,"_monsterinsights_sitenote_note":"","_monsterinsights_sitenote_category":0},"product_brand":[],"product_cat":[355,73,78],"product_tag":[],"class_list":{"0":"post-5380","1":"product","2":"type-product","3":"status-publish","4":"has-post-thumbnail","6":"product_cat-bundle-offers","7":"product_cat-starter-sets","8":"product_cat-starter-sets-combi","10":"first","11":"instock","12":"taxable","13":"shipping-taxable","14":"purchasable","15":"product-type-simple"},"acf":[],"aioseo_notices":[],"jetpack_sharing_enabled":true,"_links":{"self":[{"href":"https:\/\/antcube.shop\/nb\/wp-json\/wp\/v2\/product\/5380","targetHints":{"allow":["GET"]}}],"collection":[{"href":"https:\/\/antcube.shop\/nb\/wp-json\/wp\/v2\/product"}],"about":[{"href":"https:\/\/antcube.shop\/nb\/wp-json\/wp\/v2\/types\/product"}],"replies":[{"embeddable":true,"href":"https:\/\/antcube.shop\/nb\/wp-json\/wp\/v2\/comments?post=5380"}],"wp:featuredmedia":[{"embeddable":true,"href":"https:\/\/antcube.shop\/nb\/wp-json\/wp\/v2\/media\/7115"}],"wp:attachment":[{"href":"https:\/\/antcube.shop\/nb\/wp-json\/wp\/v2\/media?parent=5380"}],"wp:term":[{"taxonomy":"product_brand","embeddable":true,"href":"https:\/\/antcube.shop\/nb\/wp-json\/wp\/v2\/product_brand?post=5380"},{"taxonomy":"product_cat","embeddable":true,"href":"https:\/\/antcube.shop\/nb\/wp-json\/wp\/v2\/product_cat?post=5380"},{"taxonomy":"product_tag","embeddable":true,"href":"https:\/\/antcube.shop\/nb\/wp-json\/wp\/v2\/product_tag?post=5380"}],"curies":[{"name":"wp","href":"https:\/\/api.w.org\/{rel}","templated":true}]}}