{"id":5378,"date":"2023-02-01T17:48:16","date_gmt":"2023-02-01T16:48:16","guid":{"rendered":"https:\/\/antcube.shop\/produkt\/honigtau-mix-in-2ml-futterrohrchen-10-st\/"},"modified":"2026-04-15T10:50:16","modified_gmt":"2026-04-15T08:50:16","slug":"honningduggeblanding-i-2ml-matingsror","status":"publish","type":"product","link":"https:\/\/antcube.shop\/nb\/produkt\/honningduggeblanding-i-2ml-matingsror\/","title":{"rendered":"Honningduggblanding i 2 ml tilf\u00f8rselsr\u00f8r - 10 stk."},"content":{"rendered":"<p><strong>Innhold:<\/strong> 10x 2 ml<\/p>\n<p>Dette er et naturlig produkt, som vi har raffinert etter omfattende testing i laboratoriet v\u00e5rt og utviklet til en mat som maurene aksepterer sv\u00e6rt godt. \u00c5rsaken er at ubehandlet honningdugghonning i sin konsentrerte opprinnelige form ikke aksepteres godt av maur og deres metabolisme.<\/p>\n<p>V\u00e5r honningdugg ble samlet inn i de uforurensede ville fjellskogene i Bulgaria. Honningdugg produseres bare i en sv\u00e6rt begrenset periode p\u00e5 omtrent to m\u00e5neder om sommeren. Derfor er den sv\u00e6rt sjelden. P\u00e5 grunn av de spesifikke jordegenskapene til skogene og klimaet ble eksistensielt viktige n\u00e6ringsstoffer lagret i bladene p\u00e5 tr\u00e6rne, som absorberes av bladlusene. Dette er det som gj\u00f8r denne honningduggblandingen s\u00e5 \u00f8nskelig for maur.<\/p>\n<p><strong>Bruksomr\u00e5de:<\/strong><br \/>\nF\u00f4ringsr\u00f8ret kan plasseres som en helhet i formicariumet, alternativt tilsettes mindre mengder i en f\u00f4ringssk\u00e5l etter behov \/ i henhold til kolonist\u00f8rrelsen. Mengden mat b\u00f8r konsumeres i l\u00f8pet av ca. 3 dager.<\/p>\n<p><strong>Beskrivelse:<\/strong><br \/>\nHonningdugg, i motsetning til blomsterhonning, er avledet fra sekreter fra plantesugende insekter som bladlus. Honningdugg er en favorittmatkilde for mange insekter som maur, bier og til og med humler. Bier og humler slikker den fra blader eller n\u00e5ler fra forskjellige tr\u00e6r. Maur som Lasius niger holder bladlusene regelmessig. De forsvarer dem til og med mot rovdyr og b\u00e6rer dem til friske skudd.<\/p>\n<p>Honningdugg er popul\u00e6r blant maur hovedsakelig p\u00e5 grunn av dens noe forskjellige komponenter. De viktigste sukkerartene i honningdugg er sukrose og fruktose, men mindre mengder maltose, trehalose, melezitose, raffinose og andre oligosakkarider er ogs\u00e5 til stede. I tillegg til sukker og vann inneholder honningdugg ogs\u00e5 eksistensielt viktige aminosyrer, mineraler, sporstoffer, adenosinfosfater og andre ingredienser som vitaminer.<\/p>\n<p><strong>Bruksomr\u00e5der:<\/strong><br \/>\nFor honningspisende maurarter (Meliphagidae).<br \/>\nDet er et tilleggsf\u00f4r (enkeltf\u00f4r).<br \/>\nDet kan tilbys dyrene i levert tilstand. Siden fuktighet reduserer sukkerkonsentrasjonen og en gj\u00e6ringsprosess starter, b\u00f8r f\u00f4ret skiftes ut hver tredje dag. Rengj\u00f8r matsk\u00e5len\/r\u00f8ret grundig f\u00f8r gjenbruk.<br \/>\nEn \u00e5pnet pakning skal brukes tett lukket til den angitte holdbarhetsdatoen.<\/p>\n<p><strong>N\u00e6ringsinformasjon per 100 g:<\/strong><br \/>\nca. 2,7 % fettstoffer<br \/>\nhvorav mettet ca. 0,45 %<br \/>\nca 95 % karbohydrater<br \/>\nhvorav sukker ca. 71%<br \/>\nca 2 85%-protein<\/p>\n<p>Mineraler (kalium, kalsium, kobber, jern, natrium, magnesium, fosfor, sink og andre sporstoffer) Aminosyrer (prolin, leucin, fenylalanin, alanin, histidin, isoleucin, glutaminsyre, arginin, asparaginsyre, etc.) Organiske syrer Enzymer (fermenter)Smaksstoffer Inhibiner (antibakterielle stoffer) Blomster Pollen<\/p>\n<p><strong>Lagring:<\/strong><br \/>\nfor \u00e5 sikre kvaliteten p\u00e5 f\u00f4ret, b\u00f8r det oppbevares p\u00e5 et m\u00f8rkt og t\u00f8rt sted.<\/p>\n<p><strong>Merknad:<\/strong><br \/>\nInformasjon om hvordan du bruker f\u00f4rslangene finner du her: Lenke<br \/>\nTilleggsf\u00f4r for honningspisende maur.<br \/>\nSe pakningsvedlegget for sammensetning, analytiske ingredienser, holdbarhetsdato og partinummer.<\/p>\n<p>Informasjonstelefon +49 30 439703870<\/p>\n<p><strong>Ansvarlig veterin\u00e6r- og n\u00e6ringsmiddeltilsynsmyndighet:<\/strong><br \/>\nSteglitz veterin\u00e6rkontor<br \/>\nK\u00f6nigin-Luise-Str. 92<br \/>\n14195 Berlin<\/p>\n<p>&nbsp;<\/p>\n<div style=\"width: 1020px;\" class=\"wp-video\"><video class=\"wp-video-shortcode\" id=\"video-5378-1\" width=\"1020\" height=\"1813\" preload=\"metadata\" controls=\"controls\"><source type=\"video\/mp4\" src=\"https:\/\/antcube.shop\/wp-content\/uploads\/2024\/04\/black-ant_ein-shot_aphids-.mp4?_=1\" \/><a href=\"https:\/\/antcube.shop\/wp-content\/uploads\/2024\/04\/black-ant_ein-shot_aphids-.mp4\">https:\/\/antcube.shop\/wp-content\/uploads\/2024\/04\/black-ant_ein-shot_aphids-.mp4<\/a><\/video><\/div>","protected":false},"excerpt":{"rendered":"<p>Supplerende mat<\/p>","protected":false},"featured_media":5385,"comment_status":"open","ping_status":"closed","template":"","meta":{"_acf_changed":false,"content-type":"","_monsterinsights_skip_tracking":false,"_monsterinsights_sitenote_active":false,"_monsterinsights_sitenote_note":"","_monsterinsights_sitenote_category":0},"product_brand":[],"product_cat":[257,115,116],"product_tag":[],"class_list":{"0":"post-5378","1":"product","2":"type-product","3":"status-publish","4":"has-post-thumbnail","6":"product_cat-new-innovatve-products","7":"product_cat-food-and-feeding","8":"product_cat-food","10":"first","11":"instock","12":"taxable","13":"shipping-taxable","14":"purchasable","15":"product-type-simple"},"acf":[],"aioseo_notices":[],"jetpack_sharing_enabled":true,"_links":{"self":[{"href":"https:\/\/antcube.shop\/nb\/wp-json\/wp\/v2\/product\/5378","targetHints":{"allow":["GET"]}}],"collection":[{"href":"https:\/\/antcube.shop\/nb\/wp-json\/wp\/v2\/product"}],"about":[{"href":"https:\/\/antcube.shop\/nb\/wp-json\/wp\/v2\/types\/product"}],"replies":[{"embeddable":true,"href":"https:\/\/antcube.shop\/nb\/wp-json\/wp\/v2\/comments?post=5378"}],"wp:featuredmedia":[{"embeddable":true,"href":"https:\/\/antcube.shop\/nb\/wp-json\/wp\/v2\/media\/5385"}],"wp:attachment":[{"href":"https:\/\/antcube.shop\/nb\/wp-json\/wp\/v2\/media?parent=5378"}],"wp:term":[{"taxonomy":"product_brand","embeddable":true,"href":"https:\/\/antcube.shop\/nb\/wp-json\/wp\/v2\/product_brand?post=5378"},{"taxonomy":"product_cat","embeddable":true,"href":"https:\/\/antcube.shop\/nb\/wp-json\/wp\/v2\/product_cat?post=5378"},{"taxonomy":"product_tag","embeddable":true,"href":"https:\/\/antcube.shop\/nb\/wp-json\/wp\/v2\/product_tag?post=5378"}],"curies":[{"name":"wp","href":"https:\/\/api.w.org\/{rel}","templated":true}]}}