{"id":5347,"date":"2023-01-17T17:36:25","date_gmt":"2023-01-17T16:36:25","guid":{"rendered":"https:\/\/antcube.shop\/produkt\/bundle-offer-messor-barbarus\/"},"modified":"2026-04-13T09:28:50","modified_gmt":"2026-04-13T07:28:50","slug":"bundle-offer-messor-barbarus","status":"publish","type":"product","link":"https:\/\/antcube.shop\/nb\/produkt\/bundle-offer-messor-barbarus\/","title":{"rendered":"Pakketilbud - Messor barbarus"},"content":{"rendered":"<p><span data-text-color=\"secondary\"><strong>Pakketilbud som inkluderer en Messor barbarus maurkoloni (dronning + 11-25 arbeidere + yngel), et startsett for Messor spec. med 3x formicariummatter og et glass med v\u00e5re spesielle hele blancherte sirisser 10 g (fuktig protein).<\/strong><\/span><\/p>\n<p><span data-text-color=\"alert\"><strong>Bare s\u00e5 lenge lageret rekker.<\/strong><\/span><\/p>\n<p><strong>Alt du trenger til en Messor barbarus-maurkoloni<\/strong><br \/>\nDenne pakken inneholder alt du trenger for \u00e5 f\u00e5 en Messor structor-koloni gjennom de f\u00f8rste m\u00e5nedene. Den kan utvides fleksibelt og er spesielt egnet for nybegynnere i maurhold.<\/p>\n<p><strong>Messor barbarus maurart:<\/strong><br \/>\nMessor barbarus er en utpreget kornspisende maurart fra Middelhavsomr\u00e5det. Den tilh\u00f8rer de s\u00e5kalte h\u00f8stmaurene og er en av de enkleste artene for maurholdere p\u00e5 grunn av sine relativt enkle krav til klima og mat. P\u00e5 grunn av fargen og dannelsen av minor-, media- og major-arbeidere (mindre og st\u00f8rre) er den sv\u00e6rt spennende \u00e5 observere.<\/p>\n<p><strong>Mat til Messor barbarus<\/strong><br \/>\nI naturen spiser Messor barbarus hovedsakelig korn og bruker det til \u00e5 lage \"maurbr\u00f8d\", men s\u00f8te frukter og d\u00f8de insekter aksepteres ogs\u00e5 gjerne. Messor barbarus dekker en stor del av fuktighetsbehovet sitt med korn og resten med insekter. I formikariet kan det gis korn og eventuelt honning, proteinf\u00f4r, sv\u00e6rt sm\u00e5 insekter eller gel\u00e9. Honningvann aksepteres bare hvis det er mangel p\u00e5 v\u00e6ske. Ettersom Messor-arter har en tendens til \u00e5 stupe ned i \u00e5pne vannkilder, b\u00f8r disse alltid dekkes med stein eller absorberende bomull.<\/p>\n<p>Messor barbarus g\u00e5r i dvale fra rundt slutten av november til slutten av februar. Men i motsetning til for eksempel Lasius niger er dette en periode med sterkt redusert aktivitet. Dvalen b\u00f8r tilbringes ved rundt 15 \u00b0C, ettersom temperaturen i omr\u00e5dene der Messor barbarus kommer fra, sjelden er lavere, selv om vinteren. Du kan ganske enkelt plassere maurene i et uoppvarmet rom for dette form\u00e5let. Det finnes ogs\u00e5 rapporter fra oppdrettere som holder Messor barbarus uten dvale. Dette kan imidlertid f\u00f8re til forkortet levetid for kolonien eller bremse utviklingen av yngelen. Under dvalen trenger dyrene bare \u00e5 f\u00f4res litt. Du b\u00f8r imidlertid sjekke luftfuktigheten regelmessig og se opp for mugg!<\/p>\n<p><strong>Formicarium for Messor barbarus<\/strong><br \/>\nInnh\u00f8stingsmaur trenger et litt fuktig reiromr\u00e5de for yngelen og et t\u00f8rt reiromr\u00e5de for \u00e5 oppbevare de innsamlede kornene (t\u00f8rt for \u00e5 hindre muggvekst). Dette fungerer best med to separate reir, som er inkludert i v\u00e5rt startsett. Dette holder i minst 1-2 \u00e5r. Etter det b\u00f8r b\u00e5de reir- og arenaomr\u00e5det utvides.<\/p>\n<p><strong>De optimale klimatiske forholdene for Messor barbarus er som f\u00f8lger:<\/strong><br \/>\nLuftfuktighet:<br \/>\nArena: 30 - 50% Reiromr\u00e5de: 50 - 70%<br \/>\nTemperatur:<br \/>\nArena: 25 - 30 \u00b0C Reiromr\u00e5de: 21 - 26\u00b0C<\/p>\n<p>V\u00e5rt Digfix er det mest egnede reirmaterialet. Det er sv\u00e6rt motstandsdyktig mot fuktighet og s\u00f8rger for at sikten inn i reiret og kamrene og gangene inne i reiret ikke forstyrres av substratrester, slik som med sand- og leirblandinger. Takket v\u00e6re sine sterke kjever kan Major-arbeiderne ogs\u00e5 spise seg gjennom Ytong over tid uten problemer. Glassreir med Digfix-innlegg er derfor den beste og sikreste m\u00e5ten \u00e5 holde Messor angularis p\u00e5.<\/p>\n<p><strong>Innhold:<\/strong><\/p>\n<p>1x Messor barbarus (dronning + 11-25 arbeidere + yngel)<br \/>\n1x Cricket Jam 25g<br \/>\n1x kornf\u00f4r minor 100g<br \/>\n1x pad for formicariums &#8211; 20x20cm<br \/>\n2x pad for formicariums &#8211; 20x6cm<\/p>\n<p>1x ANTCUBE - arena 20x20x10 - flatt<br \/>\n1x maur arena ramme 20\u00d720<br \/>\n1x maur arena deksel 20\u00d720<br \/>\n4x festepunkt for arenadekke<br \/>\n2x ANTCUBE - Myretue - L - 20\u00d720 - st\u00e5ende<\/p>\n<p>1x ANTCUBE - Digfix plate 20\u00d720 - S<br \/>\n1x 1m r\u00f8r gjennomsiktig 14\/10 mm<br \/>\n2x ANTCUBE - r\u00f8d folie 20\u00d720 - filter<br \/>\n2x selvklebende klemmer - gjennomsiktige 2 stk.<br \/>\n1x underlag - \u00f8rken - 1 kg<\/p>\n<p>2x grid insert &#8211; 50mm<br \/>\n1x grid insert &#8211; 27mm<br \/>\n1x gitterhette - 10mm - rustfritt st\u00e5l<\/p>\n<p>1x kobling for tankslange 27-14,16,20 mm - transparent<br \/>\n1x drinking clear 5ml &#8211; sponge<br \/>\n1x Feeding dish white rectangle &#8211; 3 compartments<br \/>\n1x Foil thermometer display<br \/>\n2x Foil thermometer farm<br \/>\n1x Maur fluktbeskyttelse olje 10ml<br \/>\n1x Pincett av fj\u00e6rst\u00e5l - bred - myk<br \/>\n1x Pincett i gjennomsiktig plast<br \/>\n1x plastpipette 3 ml<br \/>\n1x h\u00e5ndlupe - 2x - 30 mm<br \/>\n1x skumvisker 150x18x2,5mm<br \/>\n1x fotobakside - \u00f8rken - 20\u00d710<\/p>\n<p><strong>Beskrivelse Startsett:<\/strong><br \/>\nDette startsettet er spesielt egnet for ulike arter av slekten Messor eller Pogonomyrmex. En av de to g\u00e5rdene er beregnet p\u00e5 oppbevaring av fr\u00f8 og maurbr\u00f8d og b\u00f8r derfor holdes helt t\u00f8rr for \u00e5 hindre at fr\u00f8ene\/kornene som oppbevares der, spirer eller mugner.<br \/>\n\"Digfix-platene\" kan settes inn i de helt gjennomsiktige g\u00e5rdene. Alternativt kan du ogs\u00e5 bruke \"Soil - Desert\" til \u00e5 fylle g\u00e5rdene. Ved behov kan ytterligere moduler kobles til via de 50 mm store hullene i dekselet, f.eks. separat tilgjengelige t\u00e5keapparater, vifter eller lys. Alternativt er passende gitterinnlegg for \u00e5 lukke \u00e5pningene inkludert i leveransen. Hvis det er \u00f8nskelig, kan formicariet ogs\u00e5 brukes \u00e5pent ved \u00e5 montere den avtakbare rammen og sm\u00f8re kanten med myggbeskyttelsesolje.<\/p>\n<p><strong>Viktig:<\/strong> Fukt substratet f\u00f8r bruk, slik at blandingen kan binde seg og f\u00e5 godt feste i maurtua. Hvis substratet er for t\u00f8rt og st\u00f8vete, kan maurenes luftveier blokkeres, og i verste fall kan dyrene kveles.<\/p>\n<p><strong>Anbefaling:<\/strong> Vi anbefaler et substratlag p\u00e5 2 mm h\u00f8yde, slik at dyrene ikke kan grave seg inn i arenaen og i stedet bruker g\u00e5rden som er beregnet til dette form\u00e5let. Vi anbefaler ogs\u00e5 at redematerialet i g\u00e5rden (sand\/leire, Digfix osv.) er lett prikket p\u00e5 ett sted for \u00e5 gj\u00f8re det lettere for dyrene \u00e5 grave.<\/p>\n<p><strong>Merknader om produksjon<\/strong><br \/>\nGlasset er sk\u00e5ret i henhold til DIN 1249 med en toleranse p\u00e5 +\/- 1 mm. For ekstremt sm\u00e5 maurarter er ekstra r\u00f8mningsbeskyttelse viktig.<\/p>\n<p><strong>Merknader om g\u00e5rden<\/strong><br \/>\nV\u00e6r oppmerksom p\u00e5 f\u00f8lgende n\u00e5r du monterer eller fjerner slanger:<br \/>\nHvis slangen er sv\u00e6rt vanskelig \u00e5 f\u00e5 p\u00e5 plass p\u00e5 tilkoblingsmuffen, b\u00f8r muffen gnides lett inn med en dr\u00e5pe av v\u00e5r olje eller pulver som beskytter mot utbrudd. Deretter skal slangen skyves p\u00e5 muffen ved hjelp av vridnings- eller skrubevegelser uten \u00e5 belaste muffen med opp- og nedbevegelser. Det samme gjelder n\u00e5r du fjerner slangene fra g\u00e5rdsstussen. Ikke bare dra den av!<\/p>\n<p><strong>Merknad om Digfix:<\/strong> Den naturlige fargen kan variere mellom gr\u00f8nn\/gr\u00e5brun og jordbrun. Fargetonen har ingen innvirkning p\u00e5 kvaliteten.<\/p>\n<p><strong>Instruksjoner: <\/strong>(Versjon 2023, den oppdaterte versjonen for 2024 vil v\u00e6re tilgjengelig senest 04\/2024)<br \/>\n<span data-sheets-root=\"1\" data-sheets-value=\"{&quot;1&quot;:2,&quot;2&quot;:&quot;DE Gebrauchsanweisung Starter Set Ernteameisen (PDF 2,50 MB)&quot;}\" data-sheets-userformat=\"{&quot;2&quot;:513,&quot;3&quot;:{&quot;1&quot;:0},&quot;12&quot;:0}\" data-sheets-hyperlink=\"https:\/\/www.antstore.net\/shop\/images\/info\/de\/Gebrauchsanweisung Starter Set Ernteameisen.pdf\" data-sheets-hyperlinkruns=\"{&quot;1&quot;:3,&quot;2&quot;:&quot;https:\/\/www.antstore.net\/shop\/images\/info\/de\/Gebrauchsanweisung Starter Set Ernteameisen.pdf&quot;}\uee10{&quot;1&quot;:46}\"><a class=\"in-cell-link\" href=\"https:\/\/www.antstore.net\/shop\/images\/info\/de\/Gebrauchsanweisung Starter Set Ernteameisen.pdf\" target=\"_blank\" rel=\"noopener\">- DE <\/a><a class=\"in-cell-link\" href=\"https:\/\/www.antstore.net\/shop\/images\/info\/de\/Gebrauchsanweisung Starter Set Ernteameisen.pdf\" target=\"_blank\" rel=\"noopener\">Gebrauchsanweisung Startsett Ernteameisen<\/a><a class=\"in-cell-link\" href=\"https:\/\/www.antstore.net\/shop\/images\/info\/de\/Gebrauchsanweisung Starter Set Ernteameisen.pdf\" target=\"_blank\" rel=\"noopener\"> (PDF 2,50 MB)<\/a><\/span><br \/>\n<a href=\"https:\/\/www.antstore.net\/shop\/images\/info\/en\/Instructions%20for%20use%20-%20Starter%20Set%20for%20Harvester%20Ants.pdf\">- EN Bruksanvisning - Startsett for h\u00f8stmaur (PDF 2,50 MB) (p\u00e5 engelsk)<\/a><br \/>\n<a href=\"https:\/\/www.antstore.net\/shop\/images\/info\/es\/Manual%20de%20instrucciones%20-%20Set%20de%20inicio%20para%20las%20hormigas%20de%20la%20cosecha%20_%20messor.pdf\">- ES Manual de instrucciones - Set de inicio para las hormigas de la cosecha _ messor (PDF 2,50 MB) (p\u00e5 engelsk)<\/a><br \/>\n<a href=\"https:\/\/www.antstore.net\/shop\/images\/info\/fr\/Manuel%20d'instruction%20-%20Kit%20de%20d%C3%A9marrage%20pour%20les%20fourmis%20moissonneuses_%20Messor.pdf\">- FR Manual d'instruction - Kit de d\u00e9marrage pour les fourmis moissonneuses_ Messor (PDF 2,50 MB) (p\u00e5 engelsk)<\/a><\/p>\n<p><strong>Notater om Cricket Jam:<\/strong><br \/>\nV\u00e5re blancherte sirisser er en enkel m\u00e5te \u00e5 gi maurene dine nykonserverte proteiner uten \u00e5 m\u00e5tte f\u00f4re med levende insekter. De inneholdte sirissene (Acheta domesticus) er sk\u00e5nsomt blancherte for \u00e5 sikre at n\u00e6ringsverdier, smak og aroma beholdes. I tillegg mykgj\u00f8res insektenes kitinskall p\u00e5 denne m\u00e5ten, slik at det blir lettere \u00e5 ford\u00f8ye. Bindingene i kollagenproteinene brytes ned slik at maurene kan utnytte dem bedre. Acheta domesticus p\u00e5 boks har samme n\u00e6ringsverdi som levende sirisser, men er lettere \u00e5 ford\u00f8ye.<\/p>\n<p>Cricket Jam er ikke egnet til jakt p\u00e5 maurarter som krever levende f\u00f8de (f.eks. poneriner (stormaur) som Harpegnathos eller Odontomachus).<\/p>\n<p><strong>Ytterligere fordeler:<\/strong><br \/>\nGarantert fri for midd<br \/>\nKan porsjoneres og fortynnes med vann<br \/>\nSterilisert og vakuumpakket<br \/>\nUten tilsetningsstoffer<br \/>\nF\u00e5rekyllinger fra b\u00e6rekraftig, rent \u00f8kologisk oppdrett, f\u00f4ret med organisk avfall.<\/p>\n<p><strong>Merk:<\/strong><br \/>\nKan oppbevares i kj\u00f8leskapet i ca. fire dager etter \u00e5pning. Lengre holdbarhet hvis den fryses.<br \/>\n<strong>Oppmerksomhet:<\/strong> F\u00f8rst porsjonere, deretter fryse ned.<\/p>","protected":false},"excerpt":{"rendered":"<p>Settet best\u00e5r av 39 deler<br \/>\nSt\u00f8rrelse: M<\/p>","protected":false},"featured_media":7113,"comment_status":"open","ping_status":"closed","template":"","meta":{"_acf_changed":false,"content-type":"","_monsterinsights_skip_tracking":false,"_monsterinsights_sitenote_active":false,"_monsterinsights_sitenote_note":"","_monsterinsights_sitenote_category":0},"product_brand":[],"product_cat":[355,353,73],"product_tag":[],"class_list":{"0":"post-5347","1":"product","2":"type-product","3":"status-publish","4":"has-post-thumbnail","6":"product_cat-bundle-offers","7":"product_cat-starter-sets-for-harvester-ants","8":"product_cat-starter-sets","10":"first","11":"outofstock","12":"taxable","13":"shipping-taxable","14":"purchasable","15":"product-type-simple"},"acf":[],"aioseo_notices":[],"jetpack_sharing_enabled":true,"_links":{"self":[{"href":"https:\/\/antcube.shop\/nb\/wp-json\/wp\/v2\/product\/5347","targetHints":{"allow":["GET"]}}],"collection":[{"href":"https:\/\/antcube.shop\/nb\/wp-json\/wp\/v2\/product"}],"about":[{"href":"https:\/\/antcube.shop\/nb\/wp-json\/wp\/v2\/types\/product"}],"replies":[{"embeddable":true,"href":"https:\/\/antcube.shop\/nb\/wp-json\/wp\/v2\/comments?post=5347"}],"wp:featuredmedia":[{"embeddable":true,"href":"https:\/\/antcube.shop\/nb\/wp-json\/wp\/v2\/media\/7113"}],"wp:attachment":[{"href":"https:\/\/antcube.shop\/nb\/wp-json\/wp\/v2\/media?parent=5347"}],"wp:term":[{"taxonomy":"product_brand","embeddable":true,"href":"https:\/\/antcube.shop\/nb\/wp-json\/wp\/v2\/product_brand?post=5347"},{"taxonomy":"product_cat","embeddable":true,"href":"https:\/\/antcube.shop\/nb\/wp-json\/wp\/v2\/product_cat?post=5347"},{"taxonomy":"product_tag","embeddable":true,"href":"https:\/\/antcube.shop\/nb\/wp-json\/wp\/v2\/product_tag?post=5347"}],"curies":[{"name":"wp","href":"https:\/\/api.w.org\/{rel}","templated":true}]}}