{"id":4873,"date":"2022-12-07T14:03:10","date_gmt":"2022-12-07T13:03:10","guid":{"rendered":"https:\/\/antcube.shop\/produkt\/combi-balkon\/"},"modified":"2026-04-23T12:09:22","modified_gmt":"2026-04-23T10:09:22","slug":"kombibalkong","status":"publish","type":"product","link":"https:\/\/antcube.shop\/nb\/produkt\/kombibalkong\/","title":{"rendered":"Kombi - Balkong"},"content":{"rendered":"<p style=\"margin-bottom: 0cm;\"><strong>Dimensjoner:<\/strong> 19x6x8 cm<\/p>\n<p><strong>Materiell:<\/strong> PMMA<\/p>\n<p><strong>Farge:<\/strong> krystallklar, gjennomsiktig, gjennomskinnelig<\/p>\n<p><strong>Innhold:<\/strong><br \/>\n1x bunnplate<br \/>\n2x holderbrakett<br \/>\n1x rampe smal (for sm\u00e5 maur)<br \/>\n1x rampe bred (for store maur)<\/p>\n<p><strong>Merk:<\/strong> : Delene leveres som et sett eller plug-in-system. Ingen liming er n\u00f8dvendig.<\/p>\n<p><strong>Forbindelse:<\/strong><br \/>\nKan hektes inn i alle Combi-arenaer 20x20x20 cm i S, M, L.<\/p>\n<p><strong>Beskrivelse:<\/strong> Combi-Balcony hektes enkelt inn i den eksisterende Arena Combi. Balkongen fungerer som en arenaforlengelse og gj\u00f8r det lettere for maurene \u00e5 klatre opp eller ned fra det \u00f8vre reiromr\u00e5det i arenaen. Det er en smal klatrehjelp for sm\u00e5 maurarter, som Lasius niger, og en bredere for arter som Camponotus. Den hevede plattformen kan brukes som et f\u00f4ringsomr\u00e5de for \u00e5 plassere sk\u00e5ler eller drikkere. Det forenkler pleie- og vedlikeholdsarbeidet p\u00e5 grunn av n\u00e6rheten til den \u00f8vre \u00e5pningen og holder bunnsubstratet fritt for matrester. P\u00e5 grunn av det gjennomsiktige materialet passer Combi Balcony perfekt inn i Combi Arena uten \u00e5 blokkere utsikten til reiromr\u00e5det og er ogs\u00e5 lett \u00e5 rengj\u00f8re.<\/p>\n<p style=\"margin-bottom: 0cm;\">","protected":false},"excerpt":{"rendered":"<p>Dimensjoner: 19x6x8 cm Materiale: PMMA Farge: krystallklar, gjennomsiktig, gjennomskinnelig Innhold: 1x bunnplate 2x holderbrakett 1x smal rampe (for sm\u00e5 maur) 1x bred rampe (for store maur) Merk: Delene leveres som et sett eller plug-in-system. Ingen liming er n\u00f8dvendig. Tilkobling: Kan kobles til alle Combi arenaer 20x20x20 cm i [...].","protected":false},"featured_media":4875,"comment_status":"open","ping_status":"closed","template":"","meta":{"_acf_changed":false,"content-type":"","_monsterinsights_skip_tracking":false,"_monsterinsights_sitenote_active":false,"_monsterinsights_sitenote_note":"","_monsterinsights_sitenote_category":0},"product_brand":[],"product_cat":[239],"product_tag":[],"class_list":{"0":"post-4873","1":"product","2":"type-product","3":"status-publish","4":"has-post-thumbnail","6":"product_cat-useful-additions","8":"first","9":"instock","10":"taxable","11":"shipping-taxable","12":"purchasable","13":"product-type-simple"},"acf":[],"aioseo_notices":[],"jetpack_sharing_enabled":true,"_links":{"self":[{"href":"https:\/\/antcube.shop\/nb\/wp-json\/wp\/v2\/product\/4873","targetHints":{"allow":["GET"]}}],"collection":[{"href":"https:\/\/antcube.shop\/nb\/wp-json\/wp\/v2\/product"}],"about":[{"href":"https:\/\/antcube.shop\/nb\/wp-json\/wp\/v2\/types\/product"}],"replies":[{"embeddable":true,"href":"https:\/\/antcube.shop\/nb\/wp-json\/wp\/v2\/comments?post=4873"}],"wp:featuredmedia":[{"embeddable":true,"href":"https:\/\/antcube.shop\/nb\/wp-json\/wp\/v2\/media\/4875"}],"wp:attachment":[{"href":"https:\/\/antcube.shop\/nb\/wp-json\/wp\/v2\/media?parent=4873"}],"wp:term":[{"taxonomy":"product_brand","embeddable":true,"href":"https:\/\/antcube.shop\/nb\/wp-json\/wp\/v2\/product_brand?post=4873"},{"taxonomy":"product_cat","embeddable":true,"href":"https:\/\/antcube.shop\/nb\/wp-json\/wp\/v2\/product_cat?post=4873"},{"taxonomy":"product_tag","embeddable":true,"href":"https:\/\/antcube.shop\/nb\/wp-json\/wp\/v2\/product_tag?post=4873"}],"curies":[{"name":"wp","href":"https:\/\/api.w.org\/{rel}","templated":true}]}}