{"id":4747,"date":"2022-11-14T15:08:27","date_gmt":"2022-11-14T14:08:27","guid":{"rendered":"https:\/\/antcube.shop\/produkt\/beckenverbinder-3-4-beidseitig-fur-bohrung-27-mm\/"},"modified":"2026-04-15T15:04:19","modified_gmt":"2026-04-15T13:04:19","slug":"beckenverbinder-3-4-beidseitig-fur-bohrung-27-mm","status":"publish","type":"product","link":"https:\/\/antcube.shop\/nb\/produkt\/beckenverbinder-3-4-beidseitig-fur-bohrung-27-mm\/","title":{"rendered":"Kumkobling 3\/4 \u2033 - begge sider for boring 27 mm"},"content":{"rendered":"<p><strong>Dimensjoner:<\/strong> for boring 27mm<\/p>\n<p><strong>Innhold:<\/strong> 1x skrueadapter (<strong>OPPMERKSOMHET<\/strong>: Gjengemuttere ikke inkludert, se under \"Relaterte produkter\").<\/p>\n<p><strong>Beskrivelse:<\/strong> Med denne kumkoblingen kan to kummer eller ogs\u00e5 to g\u00e5rder i st\u00f8rrelse XL kobles sammen. Hullene m\u00e5 v\u00e6re i samme h\u00f8yde i bassengene du vil koble sammen. Koblingen settes inn gjennom hvert av hullene og skrus fast med en separat tilgjengelig l\u00e5semutter. Dette sikrer at forbindelsen er bruddsikker og ogs\u00e5 holder sikkert n\u00e5r du flytter bassengene.<\/p>\n<p>&nbsp;<\/p>","protected":false},"excerpt":{"rendered":"<p>Dimensjoner: for boring 27mm Innhold: 1x skrueadapter (OBS: Gjengede muttere ikke inkludert, se under \"Relaterte produkter\"). Beskrivelse: Med denne kumkoblingen kan to kummer eller ogs\u00e5 to g\u00e5rder i st\u00f8rrelse XL kobles sammen. Hullene m\u00e5 v\u00e6re i samme h\u00f8yde i bassengene du vil koble til. Den","protected":false},"featured_media":4755,"comment_status":"open","ping_status":"closed","template":"","meta":{"_acf_changed":false,"content-type":"","_monsterinsights_skip_tracking":false,"_monsterinsights_sitenote_active":false,"_monsterinsights_sitenote_note":"","_monsterinsights_sitenote_category":0},"product_brand":[],"product_cat":[121],"product_tag":[],"class_list":{"0":"post-4747","1":"product","2":"type-product","3":"status-publish","4":"has-post-thumbnail","6":"product_cat-connectors","8":"first","9":"instock","10":"taxable","11":"shipping-taxable","12":"purchasable","13":"product-type-simple"},"acf":[],"aioseo_notices":[],"jetpack_sharing_enabled":true,"_links":{"self":[{"href":"https:\/\/antcube.shop\/nb\/wp-json\/wp\/v2\/product\/4747","targetHints":{"allow":["GET"]}}],"collection":[{"href":"https:\/\/antcube.shop\/nb\/wp-json\/wp\/v2\/product"}],"about":[{"href":"https:\/\/antcube.shop\/nb\/wp-json\/wp\/v2\/types\/product"}],"replies":[{"embeddable":true,"href":"https:\/\/antcube.shop\/nb\/wp-json\/wp\/v2\/comments?post=4747"}],"wp:featuredmedia":[{"embeddable":true,"href":"https:\/\/antcube.shop\/nb\/wp-json\/wp\/v2\/media\/4755"}],"wp:attachment":[{"href":"https:\/\/antcube.shop\/nb\/wp-json\/wp\/v2\/media?parent=4747"}],"wp:term":[{"taxonomy":"product_brand","embeddable":true,"href":"https:\/\/antcube.shop\/nb\/wp-json\/wp\/v2\/product_brand?post=4747"},{"taxonomy":"product_cat","embeddable":true,"href":"https:\/\/antcube.shop\/nb\/wp-json\/wp\/v2\/product_cat?post=4747"},{"taxonomy":"product_tag","embeddable":true,"href":"https:\/\/antcube.shop\/nb\/wp-json\/wp\/v2\/product_tag?post=4747"}],"curies":[{"name":"wp","href":"https:\/\/api.w.org\/{rel}","templated":true}]}}