{"id":4740,"date":"2022-11-14T15:06:17","date_gmt":"2022-11-14T14:06:17","guid":{"rendered":"https:\/\/antcube.shop\/produkt\/klemmhalter-federstahl-fur-20mm\/"},"modified":"2026-03-24T10:55:07","modified_gmt":"2026-03-24T09:55:07","slug":"klemmhalter-federstahl-fur-20mm","status":"publish","type":"product","link":"https:\/\/antcube.shop\/nb\/produkt\/klemmhalter-federstahl-fur-20mm\/","title":{"rendered":"Klemmeholder - fj\u00e6rst\u00e5l for 20 mm"},"content":{"rendered":"<p><strong>Dimensjoner:<\/strong> 1,9 \u00d7 1,0 \u00d7 2,6 cm<\/p>\n<p><strong>Materiell:<\/strong> fj\u00e6rst\u00e5l<\/p>\n<p><strong>Farge:<\/strong> st\u00e5lgr\u00e5<\/p>\n<p><strong>Innhold:<\/strong> 1 stk.<\/p>\n<p><strong>Beskrivelse:<\/strong><br \/>\nKlemmeholder til \u00e5 skru p\u00e5 for r\u00f8r og slanger. Passer for 20 mm r\u00f8r\/slanger. Skruehull 3,5 mm diameter.<br \/>\n(Skruer ikke inkludert)<\/p>","protected":false},"excerpt":{"rendered":"<p><span style=\"color: #000000;\">\u00d8 20 mm<\/span><\/p>","protected":false},"featured_media":4784,"comment_status":"open","ping_status":"closed","template":"","meta":{"_acf_changed":false,"content-type":"","_monsterinsights_skip_tracking":false,"_monsterinsights_sitenote_active":false,"_monsterinsights_sitenote_note":"","_monsterinsights_sitenote_category":0},"product_brand":[],"product_cat":[120],"product_tag":[],"class_list":{"0":"post-4740","1":"product","2":"type-product","3":"status-publish","4":"has-post-thumbnail","6":"product_cat-hoses","8":"first","9":"instock","10":"taxable","11":"shipping-taxable","12":"purchasable","13":"product-type-simple"},"acf":[],"aioseo_notices":[],"jetpack_sharing_enabled":true,"_links":{"self":[{"href":"https:\/\/antcube.shop\/nb\/wp-json\/wp\/v2\/product\/4740","targetHints":{"allow":["GET"]}}],"collection":[{"href":"https:\/\/antcube.shop\/nb\/wp-json\/wp\/v2\/product"}],"about":[{"href":"https:\/\/antcube.shop\/nb\/wp-json\/wp\/v2\/types\/product"}],"replies":[{"embeddable":true,"href":"https:\/\/antcube.shop\/nb\/wp-json\/wp\/v2\/comments?post=4740"}],"wp:featuredmedia":[{"embeddable":true,"href":"https:\/\/antcube.shop\/nb\/wp-json\/wp\/v2\/media\/4784"}],"wp:attachment":[{"href":"https:\/\/antcube.shop\/nb\/wp-json\/wp\/v2\/media?parent=4740"}],"wp:term":[{"taxonomy":"product_brand","embeddable":true,"href":"https:\/\/antcube.shop\/nb\/wp-json\/wp\/v2\/product_brand?post=4740"},{"taxonomy":"product_cat","embeddable":true,"href":"https:\/\/antcube.shop\/nb\/wp-json\/wp\/v2\/product_cat?post=4740"},{"taxonomy":"product_tag","embeddable":true,"href":"https:\/\/antcube.shop\/nb\/wp-json\/wp\/v2\/product_tag?post=4740"}],"curies":[{"name":"wp","href":"https:\/\/api.w.org\/{rel}","templated":true}]}}