{"id":4737,"date":"2022-11-14T15:05:30","date_gmt":"2022-11-14T14:05:30","guid":{"rendered":"https:\/\/antcube.shop\/produkt\/bohrungsadapter-50-auf-27mm-transparent\/"},"modified":"2026-04-20T09:58:23","modified_gmt":"2026-04-20T07:58:23","slug":"bohrungsadapter-50-auf-27mm-transparent","status":"publish","type":"product","link":"https:\/\/antcube.shop\/nb\/produkt\/bohrungsadapter-50-auf-27mm-transparent\/","title":{"rendered":"Boreadapter 50 til 27 mm - gjennomsiktig"},"content":{"rendered":"<p><strong>Innhold:<\/strong><br \/>\n1x akrylskive 50x4mm med 27mm hull<br \/>\n1x selvklebende folie gjennomsiktig 60mm med 27mm hull<\/p>\n<p><strong>Dimensjoner:<\/strong> 60x4mm<\/p>\n<p><strong>Materiell:<\/strong> PMMA, PP<\/p>\n<p><strong>Farge:<\/strong> gjennomsiktig \/ krystallklar<\/p>\n<p><strong>Beskrivelse:<\/strong> Adapter for \u00e5 feste elementer med 27 mm diameter i 50 mm hull.<br \/>\nDen gjennomsiktige 50\u00b5 limfilmen av h\u00f8y kvalitet er ripebestandig og inneholder et UV-beskyttende belegg og er permanent klebende.<br \/>\nDermed et sikkert, fast og visuelt vakkert feste for adapteren.<\/p>\n<p><strong>Merk:<\/strong> Boreadapteren m\u00e5 ikke belastes med permanent trykk av en l\u00f8ftestangseffekt, ellers kan den l\u00f8sne. Den er kun egnet for rette tilkoblinger!<\/p>","protected":false},"excerpt":{"rendered":"<p>Innhold: 1x akrylplate 50x4mm med 27mm hull 1x selvklebende folie gjennomsiktig 60mm med 27mm hull Dimensjoner: 60x4mm Materiale: PMMA, PP Farge: gjennomsiktig \/ krystallklar Beskrivelse: Adapter for \u00e5 feste elementer med 27mm diameter i 50mm hull. Den h\u00f8ykvalitets gjennomsiktige 50\u00b5 selvklebende filmen er ripebestandig og inneholder et UV-beskyttende belegg og er","protected":false},"featured_media":4887,"comment_status":"open","ping_status":"closed","template":"","meta":{"_acf_changed":false,"content-type":"","_monsterinsights_skip_tracking":false,"_monsterinsights_sitenote_active":false,"_monsterinsights_sitenote_note":"","_monsterinsights_sitenote_category":0},"product_brand":[],"product_cat":[119,121],"product_tag":[],"class_list":{"0":"post-4737","1":"product","2":"type-product","3":"status-publish","4":"has-post-thumbnail","6":"product_cat-formicarium-components","7":"product_cat-connectors","9":"first","10":"instock","11":"taxable","12":"shipping-taxable","13":"purchasable","14":"product-type-simple"},"acf":[],"aioseo_notices":[],"jetpack_sharing_enabled":true,"_links":{"self":[{"href":"https:\/\/antcube.shop\/nb\/wp-json\/wp\/v2\/product\/4737","targetHints":{"allow":["GET"]}}],"collection":[{"href":"https:\/\/antcube.shop\/nb\/wp-json\/wp\/v2\/product"}],"about":[{"href":"https:\/\/antcube.shop\/nb\/wp-json\/wp\/v2\/types\/product"}],"replies":[{"embeddable":true,"href":"https:\/\/antcube.shop\/nb\/wp-json\/wp\/v2\/comments?post=4737"}],"wp:featuredmedia":[{"embeddable":true,"href":"https:\/\/antcube.shop\/nb\/wp-json\/wp\/v2\/media\/4887"}],"wp:attachment":[{"href":"https:\/\/antcube.shop\/nb\/wp-json\/wp\/v2\/media?parent=4737"}],"wp:term":[{"taxonomy":"product_brand","embeddable":true,"href":"https:\/\/antcube.shop\/nb\/wp-json\/wp\/v2\/product_brand?post=4737"},{"taxonomy":"product_cat","embeddable":true,"href":"https:\/\/antcube.shop\/nb\/wp-json\/wp\/v2\/product_cat?post=4737"},{"taxonomy":"product_tag","embeddable":true,"href":"https:\/\/antcube.shop\/nb\/wp-json\/wp\/v2\/product_tag?post=4737"}],"curies":[{"name":"wp","href":"https:\/\/api.w.org\/{rel}","templated":true}]}}