{"id":4733,"date":"2022-11-14T15:04:27","date_gmt":"2022-11-14T14:04:27","guid":{"rendered":"https:\/\/antcube.shop\/produkt\/rohrverbinder-glasklar-fur-32mm-l\/"},"modified":"2026-04-01T12:30:03","modified_gmt":"2026-04-01T10:30:03","slug":"rohrverbinder-glasklar-fur-32mm-l","status":"publish","type":"product","link":"https:\/\/antcube.shop\/nb\/produkt\/rohrverbinder-glasklar-fur-32mm-l\/","title":{"rendered":"R\u00f8rkontakt krystallklar for 32mm - L"},"content":{"rendered":"<p><strong>Dimensjoner (LxBxH):<\/strong> 6,0\u00d74,0x6,0cm<br \/>\n<strong>Innvendig diameter:<\/strong> 32 mm<\/p>\n<p><strong>Materiell:<\/strong> Akryl<\/p>\n<p><strong>Farge:<\/strong> Fargel\u00f8s\/gjennomsiktig\/klar<\/p>\n<p><strong>Innhold:<\/strong> 1 stk.<\/p>\n<p><strong>Tekniske spesifikasjoner:<\/strong><br \/>\nR\u00f8rkoblingsform L akryl diameter 40mm for 32mm r\u00f8r.<\/p>\n<p><strong>Beskrivelse:<\/strong><br \/>\nR\u00f8rkobling laget av gjennomsiktig akryl for tilkobling av akrylr\u00f8r.<\/p>\n<p><strong>Merknad:<\/strong><br \/>\nV\u00e6r oppmerksom p\u00e5 f\u00f8lgende n\u00e5r du monterer r\u00f8rene:<br \/>\nP\u00e5 grunn av materialegenskapene til akryl m\u00e5 trykk og press unng\u00e5s for enhver pris. Hvis tilkoblingen er vanskelig, vennligst koble til med forsiktige vridningsbevegelser og gni litt anti-breakout olje om n\u00f8dvendig.<\/p>","protected":false},"excerpt":{"rendered":"<p>Dimensjoner (LxBxH): 4,7x4,0x4,0cm Innvendig diameter: 32mm Materiale: Akryl Farge: Fargel\u00f8s \/ gjennomsiktig \/ klart innhold: 1 stk. Tekniske spesifikasjoner: R\u00f8rkobling form I akryl diameter 40mm for 32mm r\u00f8r. Beskrivelse: R\u00f8rkobling laget av gjennomsiktig akryl for tilkobling av akrylr\u00f8r. Merknad: V\u00e6r oppmerksom p\u00e5 f\u00f8lgende n\u00e5r du monterer r\u00f8rene: P\u00e5 grunn av materialegenskapene til akryl, m\u00e5 trykk og innflytelse","protected":false},"featured_media":4899,"comment_status":"open","ping_status":"closed","template":"","meta":{"_acf_changed":false,"content-type":"","_monsterinsights_skip_tracking":false,"_monsterinsights_sitenote_active":false,"_monsterinsights_sitenote_note":"","_monsterinsights_sitenote_category":0},"product_brand":[],"product_cat":[345],"product_tag":[],"class_list":{"0":"post-4733","1":"product","2":"type-product","3":"status-publish","4":"has-post-thumbnail","6":"product_cat-pipe-connectors","8":"first","9":"instock","10":"taxable","11":"shipping-taxable","12":"purchasable","13":"product-type-simple"},"acf":[],"aioseo_notices":[],"jetpack_sharing_enabled":true,"_links":{"self":[{"href":"https:\/\/antcube.shop\/nb\/wp-json\/wp\/v2\/product\/4733","targetHints":{"allow":["GET"]}}],"collection":[{"href":"https:\/\/antcube.shop\/nb\/wp-json\/wp\/v2\/product"}],"about":[{"href":"https:\/\/antcube.shop\/nb\/wp-json\/wp\/v2\/types\/product"}],"replies":[{"embeddable":true,"href":"https:\/\/antcube.shop\/nb\/wp-json\/wp\/v2\/comments?post=4733"}],"wp:featuredmedia":[{"embeddable":true,"href":"https:\/\/antcube.shop\/nb\/wp-json\/wp\/v2\/media\/4899"}],"wp:attachment":[{"href":"https:\/\/antcube.shop\/nb\/wp-json\/wp\/v2\/media?parent=4733"}],"wp:term":[{"taxonomy":"product_brand","embeddable":true,"href":"https:\/\/antcube.shop\/nb\/wp-json\/wp\/v2\/product_brand?post=4733"},{"taxonomy":"product_cat","embeddable":true,"href":"https:\/\/antcube.shop\/nb\/wp-json\/wp\/v2\/product_cat?post=4733"},{"taxonomy":"product_tag","embeddable":true,"href":"https:\/\/antcube.shop\/nb\/wp-json\/wp\/v2\/product_tag?post=4733"}],"curies":[{"name":"wp","href":"https:\/\/api.w.org\/{rel}","templated":true}]}}