{"id":4726,"date":"2022-11-14T15:02:37","date_gmt":"2022-11-14T14:02:37","guid":{"rendered":"https:\/\/antcube.shop\/produkt\/rohrverbindungsring-fur-50mm-rohr\/"},"modified":"2026-03-20T10:38:38","modified_gmt":"2026-03-20T09:38:38","slug":"rohrverbindungsring-fur-50mm-rohr","status":"publish","type":"product","link":"https:\/\/antcube.shop\/nb\/produkt\/rohrverbindungsring-fur-50mm-rohr\/","title":{"rendered":"R\u00f8rforbindelsesring for 50 mm r\u00f8r"},"content":{"rendered":"<p><strong>Mengde:<\/strong> 1 stk.<\/p>\n<p><strong>Dimensjoner:<\/strong> 50mm (indre diameter), 60x10mm (ytre dimensjoner)<\/p>\n<p><strong>Farge:<\/strong> gjennomsiktig<\/p>\n<p><strong>Materiell:<\/strong> akryl<\/p>\n<p><strong>Beskrivelse:<\/strong><br \/>\nR\u00f8rforbindelsesring laget av gjennomsiktig akryl for tilkobling av akrylr\u00f8r.<\/p>\n<p><strong>Bruksomr\u00e5de:<\/strong><br \/>\nFor tilkobling av akrylr\u00f8r med diameter 50 mm.<\/p>\n<p><strong>Merknad:<\/strong><br \/>\nV\u00e6r oppmerksom p\u00e5 f\u00f8lgende n\u00e5r du monterer r\u00f8rene:<br \/>\nHvis r\u00f8ret er sv\u00e6rt vanskelig \u00e5 montere p\u00e5 tilkoblingsmuffen, b\u00f8r tetningsringen gnides lett med en dr\u00e5pe av v\u00e5r utbruddsbeskyttelsesolje eller pulver. R\u00f8ret skal deretter skyves p\u00e5 gjennomf\u00f8ringen ved \u00e5 vri eller skru bevegelser, uten \u00e5 belaste gjennomf\u00f8ringen med bevegelser opp og ned. P\u00e5 grunn av materialegenskapene til akryl b\u00f8r trykk og innflytelse unng\u00e5s for enhver pris.<\/p>\n<p>&nbsp;<\/p>","protected":false},"excerpt":{"rendered":"<p>Antall: 1 stk Dimensjoner: 32mm (indre diameter), 40x10mm (ytre dimensjoner) Farge: gjennomsiktig Materiale: akryl Beskrivelse: R\u00f8rforbindelsesring laget av gjennomsiktig akryl for tilkobling av akrylr\u00f8r. Bruksomr\u00e5de: For tilkobling av akrylr\u00f8r med diameter 32mm. Merknad: V\u00e6r oppmerksom p\u00e5 f\u00f8lgende n\u00e5r du monterer r\u00f8rene: Hvis r\u00f8ret er sv\u00e6rt vanskelig \u00e5 montere p\u00e5 tilkoblingsmuffen,","protected":false},"featured_media":4921,"comment_status":"open","ping_status":"closed","template":"","meta":{"_acf_changed":false,"content-type":"","_monsterinsights_skip_tracking":false,"_monsterinsights_sitenote_active":false,"_monsterinsights_sitenote_note":"","_monsterinsights_sitenote_category":0},"product_brand":[],"product_cat":[345],"product_tag":[],"class_list":{"0":"post-4726","1":"product","2":"type-product","3":"status-publish","4":"has-post-thumbnail","6":"product_cat-pipe-connectors","8":"first","9":"instock","10":"taxable","11":"shipping-taxable","12":"purchasable","13":"product-type-simple"},"acf":[],"aioseo_notices":[],"jetpack_sharing_enabled":true,"_links":{"self":[{"href":"https:\/\/antcube.shop\/nb\/wp-json\/wp\/v2\/product\/4726","targetHints":{"allow":["GET"]}}],"collection":[{"href":"https:\/\/antcube.shop\/nb\/wp-json\/wp\/v2\/product"}],"about":[{"href":"https:\/\/antcube.shop\/nb\/wp-json\/wp\/v2\/types\/product"}],"replies":[{"embeddable":true,"href":"https:\/\/antcube.shop\/nb\/wp-json\/wp\/v2\/comments?post=4726"}],"wp:featuredmedia":[{"embeddable":true,"href":"https:\/\/antcube.shop\/nb\/wp-json\/wp\/v2\/media\/4921"}],"wp:attachment":[{"href":"https:\/\/antcube.shop\/nb\/wp-json\/wp\/v2\/media?parent=4726"}],"wp:term":[{"taxonomy":"product_brand","embeddable":true,"href":"https:\/\/antcube.shop\/nb\/wp-json\/wp\/v2\/product_brand?post=4726"},{"taxonomy":"product_cat","embeddable":true,"href":"https:\/\/antcube.shop\/nb\/wp-json\/wp\/v2\/product_cat?post=4726"},{"taxonomy":"product_tag","embeddable":true,"href":"https:\/\/antcube.shop\/nb\/wp-json\/wp\/v2\/product_tag?post=4726"}],"curies":[{"name":"wp","href":"https:\/\/api.w.org\/{rel}","templated":true}]}}