{"id":4722,"date":"2022-11-14T15:01:32","date_gmt":"2022-11-14T14:01:32","guid":{"rendered":"https:\/\/antcube.shop\/produkt\/becken-rohrverbinder-3-4-zu-50mm-gerade-transparent\/"},"modified":"2026-03-20T10:38:37","modified_gmt":"2026-03-20T09:38:37","slug":"kum-ror-kobling-3-4-til-50mm-rett-gjennomsiktig","status":"publish","type":"product","link":"https:\/\/antcube.shop\/nb\/produkt\/kum-ror-kobling-3-4-til-50mm-rett-gjennomsiktig\/","title":{"rendered":"Bassengr\u00f8rkobling 3\/4\u2033 til 50mm - rett - gjennomsiktig"},"content":{"rendered":"<p><strong>Dimensjoner:<\/strong> 75x60x60mm<\/p>\n<p><strong>Mengde:<\/strong> 1 stk<\/p>\n<p><strong>Farge:<\/strong> gjennomsiktig<\/p>\n<p><strong>Materiell:<\/strong> plast<\/p>\n<p><strong>Beskrivelse:<\/strong> Denne bassengr\u00f8rkoblingen 3\/4 \u2033 passer i et 27 mm hull s\u00e5 vel som p\u00e5 en 32 mm r\u00f8rutvendig diameter.<\/p>","protected":false},"excerpt":{"rendered":"<p>Dimensjoner: 75x60x60mm Antall: 1 stk Farge: gjennomsiktig Materiale: plast Beskrivelse: Denne kumr\u00f8rkoblingen 3\/4 \u2033 passer i et 27 mm hull s\u00e5 vel som p\u00e5 et 50 mm r\u00f8r med ytre diameter.<\/p>","protected":false},"featured_media":4915,"comment_status":"open","ping_status":"closed","template":"","meta":{"_acf_changed":false,"content-type":"","_monsterinsights_skip_tracking":false,"_monsterinsights_sitenote_active":false,"_monsterinsights_sitenote_note":"","_monsterinsights_sitenote_category":0},"product_brand":[],"product_cat":[345],"product_tag":[],"class_list":{"0":"post-4722","1":"product","2":"type-product","3":"status-publish","4":"has-post-thumbnail","6":"product_cat-pipe-connectors","8":"first","9":"instock","10":"taxable","11":"shipping-taxable","12":"purchasable","13":"product-type-simple"},"acf":[],"aioseo_notices":[],"jetpack_sharing_enabled":true,"_links":{"self":[{"href":"https:\/\/antcube.shop\/nb\/wp-json\/wp\/v2\/product\/4722","targetHints":{"allow":["GET"]}}],"collection":[{"href":"https:\/\/antcube.shop\/nb\/wp-json\/wp\/v2\/product"}],"about":[{"href":"https:\/\/antcube.shop\/nb\/wp-json\/wp\/v2\/types\/product"}],"replies":[{"embeddable":true,"href":"https:\/\/antcube.shop\/nb\/wp-json\/wp\/v2\/comments?post=4722"}],"wp:featuredmedia":[{"embeddable":true,"href":"https:\/\/antcube.shop\/nb\/wp-json\/wp\/v2\/media\/4915"}],"wp:attachment":[{"href":"https:\/\/antcube.shop\/nb\/wp-json\/wp\/v2\/media?parent=4722"}],"wp:term":[{"taxonomy":"product_brand","embeddable":true,"href":"https:\/\/antcube.shop\/nb\/wp-json\/wp\/v2\/product_brand?post=4722"},{"taxonomy":"product_cat","embeddable":true,"href":"https:\/\/antcube.shop\/nb\/wp-json\/wp\/v2\/product_cat?post=4722"},{"taxonomy":"product_tag","embeddable":true,"href":"https:\/\/antcube.shop\/nb\/wp-json\/wp\/v2\/product_tag?post=4722"}],"curies":[{"name":"wp","href":"https:\/\/api.w.org\/{rel}","templated":true}]}}