{"id":4720,"date":"2022-11-14T15:01:00","date_gmt":"2022-11-14T14:01:00","guid":{"rendered":"https:\/\/antcube.shop\/produkt\/formicarium-schraubbuchse-fur-50mm-bohrung-transparent\/"},"modified":"2025-10-19T12:40:25","modified_gmt":"2025-10-19T10:40:25","slug":"formicarium-schraubbuchse-fur-50mm-bohrung-transparent","status":"publish","type":"product","link":"https:\/\/antcube.shop\/nb\/produkt\/formicarium-schraubbuchse-fur-50mm-bohrung-transparent\/","title":{"rendered":"Formicarium skruehylse for 50mm hull - gjennomsiktig"},"content":{"rendered":"<p><strong>Innhold:<\/strong> 1 stk.<\/p>\n<p><strong>Dimensjoner:<\/strong> 68 x 68 x 46 mm (49 mm sokkel)<\/p>\n<p><strong>Materiell:<\/strong> Plast<\/p>\n<p><strong>Farge:<\/strong> Gjennomsiktig<\/p>\n<p><strong>Beskrivelse:<\/strong><br \/>\nDette elementet er en bekkenr\u00f8rkobling.<br \/>\nOm matchende r\u00f8rkontakter 50mm, kan du koble flere r\u00f8r 50mm eller mer Formicarien med denne bekkenr\u00f8rkontakten.<br \/>\nDet er ogs\u00e5 mulig \u00e5 koble til et 60 mm r\u00f8r (60\/56 mm) via tetningsringen for 50 mm.<br \/>\nEller n\u00e5r det gjelder et deksel, kan passende porselensuttak for lysarmaturer brukes.<\/p>\n<p><strong>Merknad:<\/strong><br \/>\nSiden diameteren p\u00e5 denne kontakten bare er 49 mm i stedet for 50 mm, trenger du tetningsringene eller en wrap fra limfilmen krystallklar for \u00e5 komme til diameteren p\u00e5 50 mm for en tett forbindelse.<\/p>","protected":false},"excerpt":{"rendered":"<p>Innhold: 1 stk. Dimensjoner: 68 x 68 x 46 mm (49 mm sokkel) Materiale: Plast Farge: Gjennomsiktig Beskrivelse: Dette elementet er en bekkenr\u00f8rkontakt. Om matchende r\u00f8rkontakter 50mm, kan du koble flere r\u00f8r 50mm eller mer Formicarien med denne bekkenr\u00f8rkontakten. Det er ogs\u00e5 mulig \u00e5 eventuelt koble til et 60mm r\u00f8r (60\/56mm) via","protected":false},"featured_media":4924,"comment_status":"open","ping_status":"closed","template":"","meta":{"_acf_changed":false,"content-type":"","_monsterinsights_skip_tracking":false,"_monsterinsights_sitenote_active":false,"_monsterinsights_sitenote_note":"","_monsterinsights_sitenote_category":0},"product_brand":[],"product_cat":[345],"product_tag":[],"class_list":{"0":"post-4720","1":"product","2":"type-product","3":"status-publish","4":"has-post-thumbnail","6":"product_cat-pipe-connectors","8":"first","9":"outofstock","10":"taxable","11":"shipping-taxable","12":"purchasable","13":"product-type-simple"},"acf":[],"aioseo_notices":[],"jetpack_sharing_enabled":true,"_links":{"self":[{"href":"https:\/\/antcube.shop\/nb\/wp-json\/wp\/v2\/product\/4720","targetHints":{"allow":["GET"]}}],"collection":[{"href":"https:\/\/antcube.shop\/nb\/wp-json\/wp\/v2\/product"}],"about":[{"href":"https:\/\/antcube.shop\/nb\/wp-json\/wp\/v2\/types\/product"}],"replies":[{"embeddable":true,"href":"https:\/\/antcube.shop\/nb\/wp-json\/wp\/v2\/comments?post=4720"}],"wp:featuredmedia":[{"embeddable":true,"href":"https:\/\/antcube.shop\/nb\/wp-json\/wp\/v2\/media\/4924"}],"wp:attachment":[{"href":"https:\/\/antcube.shop\/nb\/wp-json\/wp\/v2\/media?parent=4720"}],"wp:term":[{"taxonomy":"product_brand","embeddable":true,"href":"https:\/\/antcube.shop\/nb\/wp-json\/wp\/v2\/product_brand?post=4720"},{"taxonomy":"product_cat","embeddable":true,"href":"https:\/\/antcube.shop\/nb\/wp-json\/wp\/v2\/product_cat?post=4720"},{"taxonomy":"product_tag","embeddable":true,"href":"https:\/\/antcube.shop\/nb\/wp-json\/wp\/v2\/product_tag?post=4720"}],"curies":[{"name":"wp","href":"https:\/\/api.w.org\/{rel}","templated":true}]}}