{"id":4712,"date":"2022-11-14T14:58:33","date_gmt":"2022-11-14T13:58:33","guid":{"rendered":"https:\/\/antcube.shop\/produkt\/humus-ziegel-brick-650g-ergibt-8-9l\/"},"modified":"2026-04-15T09:42:37","modified_gmt":"2026-04-15T07:42:37","slug":"humus-brick-650g-resulting-in-8-9l","status":"publish","type":"product","link":"https:\/\/antcube.shop\/nb\/produkt\/humus-brick-650g-resulting-in-8-9l\/","title":{"rendered":"Humus murstein 650g - resulterer i 8-9l"},"content":{"rendered":"<p><strong>Innhold\/volum:<\/strong> 650 g utgj\u00f8r 8-10 liter.<\/p>\n<p><strong>Beskrivelse:<\/strong> Formicarium Humus best\u00e5r av naturlig kokosfiberhumus som er komprimert til en murstein. N\u00e5r den kombineres med vann, sveller humussteinen til omtrent 8-10 ganger volumet. Denne gravbare formicarium humus er utmerket for maur fra tropiske regioner og kan brukes b\u00e5de t\u00f8rr og fuktig. Formicarium Humus er et rent naturprodukt, garantert fri for kjemikalier, plantevernmidler og gj\u00f8dsel og 100% komposterbar.<\/p>\n<p>- 100% laget av plantebaserte fornybare r\u00e5varer<br \/>\n- h\u00f8y absorberingsevne<br \/>\n- h\u00f8y vannlagringskapasitet<\/p>\n<p><strong>Instruksjoner:<\/strong> suge mursteinen i 4-5 liter varmt vann i en beholder i ca. 20-30 min. Hvis mursteinen enn\u00e5 ikke er helt oppl\u00f8st, bryt opp resten for h\u00e5nd. Klem overfl\u00f8dig vann ut av humusen om n\u00f8dvendig.<\/p>","protected":false},"excerpt":{"rendered":"<p>Innhold \/ volum: 650 g gir 8-10 liter. Beskrivelse: Formicarium Humus best\u00e5r av naturlig kokosfiberhumus som er komprimert til en murstein. N\u00e5r den kombineres med vann, svulmer humussteinen til omtrent 8-10 ganger volumet. Denne gravbare formicariumhumusen er utmerket for maur fra tropiske regioner og kan brukes b\u00e5de t\u00f8rr og v\u00e5t.","protected":false},"featured_media":4811,"comment_status":"open","ping_status":"closed","template":"","meta":{"_acf_changed":false,"content-type":"","_monsterinsights_skip_tracking":false,"_monsterinsights_sitenote_active":false,"_monsterinsights_sitenote_note":"","_monsterinsights_sitenote_category":0},"product_brand":[],"product_cat":[96],"product_tag":[],"class_list":{"0":"post-4712","1":"product","2":"type-product","3":"status-publish","4":"has-post-thumbnail","6":"product_cat-soil","8":"first","9":"instock","10":"taxable","11":"shipping-taxable","12":"purchasable","13":"product-type-simple"},"acf":[],"aioseo_notices":[],"jetpack_sharing_enabled":true,"_links":{"self":[{"href":"https:\/\/antcube.shop\/nb\/wp-json\/wp\/v2\/product\/4712","targetHints":{"allow":["GET"]}}],"collection":[{"href":"https:\/\/antcube.shop\/nb\/wp-json\/wp\/v2\/product"}],"about":[{"href":"https:\/\/antcube.shop\/nb\/wp-json\/wp\/v2\/types\/product"}],"replies":[{"embeddable":true,"href":"https:\/\/antcube.shop\/nb\/wp-json\/wp\/v2\/comments?post=4712"}],"wp:featuredmedia":[{"embeddable":true,"href":"https:\/\/antcube.shop\/nb\/wp-json\/wp\/v2\/media\/4811"}],"wp:attachment":[{"href":"https:\/\/antcube.shop\/nb\/wp-json\/wp\/v2\/media?parent=4712"}],"wp:term":[{"taxonomy":"product_brand","embeddable":true,"href":"https:\/\/antcube.shop\/nb\/wp-json\/wp\/v2\/product_brand?post=4712"},{"taxonomy":"product_cat","embeddable":true,"href":"https:\/\/antcube.shop\/nb\/wp-json\/wp\/v2\/product_cat?post=4712"},{"taxonomy":"product_tag","embeddable":true,"href":"https:\/\/antcube.shop\/nb\/wp-json\/wp\/v2\/product_tag?post=4712"}],"curies":[{"name":"wp","href":"https:\/\/api.w.org\/{rel}","templated":true}]}}