{"id":4710,"date":"2022-11-14T14:58:00","date_gmt":"2022-11-14T13:58:00","guid":{"rendered":"https:\/\/antcube.shop\/produkt\/bodengrund-sand-lehm-weis-1000g\/"},"modified":"2026-04-06T18:30:28","modified_gmt":"2026-04-06T16:30:28","slug":"bodengrund-sand-lehm-weis-1000g","status":"publish","type":"product","link":"https:\/\/antcube.shop\/nb\/produkt\/bodengrund-sand-lehm-weis-1000g\/","title":{"rendered":"Substrat - Sand-Loam hvit - 1000g"},"content":{"rendered":"<p><strong>Innhold:<\/strong> 1000g<\/p>\n<p><strong>Materiell:<\/strong> sand, kalk, kalkbindemiddel<\/p>\n<p><strong>Farge:<\/strong> hvit<\/p>\n<p><strong>Blandingsforhold:<\/strong> gravevennlig<\/p>\n<p><strong>Beskrivelse:<\/strong> Denne ferdige sand-leireblandingen er et rent naturprodukt. Fargen kommer fra hvit kalksand. Styrken kommer fra en bindende kalkblanding, som er ufarlig for dyr.<\/p>\n<p><strong>Bruksomr\u00e5de:<\/strong> Gravejord, kan brukes til reir og arenaomr\u00e5de! Har en \u00f8kt styrke i forhold til bakkebeige, ogs\u00e5 i fuktig tilstand.<\/p>\n<p><strong>Merk:<\/strong> siden dette er et rent naturprodukt, kan det v\u00e6re sm\u00e5 forskjeller i farge og struktur som vi ikke kan p\u00e5virke.<\/p>\n<p><strong>Viktig:<\/strong> Fukt substratet f\u00f8r bruk, slik at blandingen kan kombinere og utvikle et fast grep i maurfarmen. I tillegg kan for t\u00f8rt og st\u00f8vete substrat f\u00f8re til blokkering av maurens luftveier og i verste fall kveles dyrene.<\/p>","protected":false},"excerpt":{"rendered":"<p>Naturlig substrat - kan graves<\/p>","protected":false},"featured_media":5725,"comment_status":"open","ping_status":"closed","template":"","meta":{"_acf_changed":false,"content-type":"","_monsterinsights_skip_tracking":false,"_monsterinsights_sitenote_active":false,"_monsterinsights_sitenote_note":"","_monsterinsights_sitenote_category":0},"product_brand":[],"product_cat":[95,96],"product_tag":[],"class_list":{"0":"post-4710","1":"product","2":"type-product","3":"status-publish","4":"has-post-thumbnail","6":"product_cat-accessories-for-ants","7":"product_cat-soil","9":"first","10":"instock","11":"taxable","12":"shipping-taxable","13":"purchasable","14":"product-type-simple"},"acf":[],"aioseo_notices":[],"jetpack_sharing_enabled":true,"_links":{"self":[{"href":"https:\/\/antcube.shop\/nb\/wp-json\/wp\/v2\/product\/4710","targetHints":{"allow":["GET"]}}],"collection":[{"href":"https:\/\/antcube.shop\/nb\/wp-json\/wp\/v2\/product"}],"about":[{"href":"https:\/\/antcube.shop\/nb\/wp-json\/wp\/v2\/types\/product"}],"replies":[{"embeddable":true,"href":"https:\/\/antcube.shop\/nb\/wp-json\/wp\/v2\/comments?post=4710"}],"wp:featuredmedia":[{"embeddable":true,"href":"https:\/\/antcube.shop\/nb\/wp-json\/wp\/v2\/media\/5725"}],"wp:attachment":[{"href":"https:\/\/antcube.shop\/nb\/wp-json\/wp\/v2\/media?parent=4710"}],"wp:term":[{"taxonomy":"product_brand","embeddable":true,"href":"https:\/\/antcube.shop\/nb\/wp-json\/wp\/v2\/product_brand?post=4710"},{"taxonomy":"product_cat","embeddable":true,"href":"https:\/\/antcube.shop\/nb\/wp-json\/wp\/v2\/product_cat?post=4710"},{"taxonomy":"product_tag","embeddable":true,"href":"https:\/\/antcube.shop\/nb\/wp-json\/wp\/v2\/product_tag?post=4710"}],"curies":[{"name":"wp","href":"https:\/\/api.w.org\/{rel}","templated":true}]}}