{"id":4699,"date":"2022-11-14T14:54:48","date_gmt":"2022-11-14T13:54:48","guid":{"rendered":"https:\/\/antcube.shop\/produkt\/antcube-gipsnest-40x20-stehend\/"},"modified":"2026-03-20T13:42:44","modified_gmt":"2026-03-20T12:42:44","slug":"antcube-gipsnest-40x20-stehend","status":"publish","type":"product","link":"https:\/\/antcube.shop\/nb\/produkt\/antcube-gipsnest-40x20-stehend\/","title":{"rendered":"ANTCUBE - gipsnest 40\u00d720 - st\u00e5ende"},"content":{"rendered":"<p><strong>Dimensjoner:<\/strong> 382 x 159 x 19,5 mm<\/p>\n<p><strong>Materiell:<\/strong> gips<\/p>\n<p>Passer kun i v\u00e5re maurfarmer i st\u00f8rrelse L.<\/p>\n<p><strong>Beskrivelse:<\/strong> V\u00e5rt gipsreir med prefabrikkerte passasjer og kamre er egnet for mange maurarter, spesielt for arter som bygger reirene sine i veldig sand eller steinete jord. Den har to tilkoblingskontakter som tilgang til reiret. Gips har egenskapen til \u00e5 absorbere vann, s\u00e5 en viss mengde fuktighet lagres. Likevel b\u00f8r gipsreiret ikke brukes permanent fuktig fordi det ellers kan f\u00f8re til mugg (av matrester eller ekskrementer fra maurene). Derfor, hvis mulig, b\u00f8r arter fra ganske t\u00f8rre regioner holdes her. Dette vil for eksempel v\u00e6re arter fra Middelhavet eller \u00f8rkenregioner.<\/p>","protected":false},"excerpt":{"rendered":"<p>Dimensjoner: 182 x 159 x 19,5 mm Materiale: Gips \/ Gips Passer kun i v\u00e5re maurtuer i st\u00f8rrelse L Beskrivelse: V\u00e5rt gipsbol med prefabrikkerte passasjer og kamre er egnet for mange maurarter, spesielt for arter som bygger reirene sine i veldig sandete eller steinete jord. Den har et hull for tilgang til reiret. Gips har","protected":false},"featured_media":5031,"comment_status":"open","ping_status":"closed","template":"","meta":{"_acf_changed":false,"content-type":"","_monsterinsights_skip_tracking":false,"_monsterinsights_sitenote_active":false,"_monsterinsights_sitenote_note":"","_monsterinsights_sitenote_category":0},"product_brand":[],"product_cat":[87,90],"product_tag":[],"class_list":{"0":"post-4699","1":"product","2":"type-product","3":"status-publish","4":"has-post-thumbnail","6":"product_cat-nest-insets","7":"product_cat-gypsum","9":"first","10":"instock","11":"taxable","12":"shipping-taxable","13":"purchasable","14":"product-type-simple"},"acf":[],"aioseo_notices":[],"jetpack_sharing_enabled":true,"_links":{"self":[{"href":"https:\/\/antcube.shop\/nb\/wp-json\/wp\/v2\/product\/4699","targetHints":{"allow":["GET"]}}],"collection":[{"href":"https:\/\/antcube.shop\/nb\/wp-json\/wp\/v2\/product"}],"about":[{"href":"https:\/\/antcube.shop\/nb\/wp-json\/wp\/v2\/types\/product"}],"replies":[{"embeddable":true,"href":"https:\/\/antcube.shop\/nb\/wp-json\/wp\/v2\/comments?post=4699"}],"wp:featuredmedia":[{"embeddable":true,"href":"https:\/\/antcube.shop\/nb\/wp-json\/wp\/v2\/media\/5031"}],"wp:attachment":[{"href":"https:\/\/antcube.shop\/nb\/wp-json\/wp\/v2\/media?parent=4699"}],"wp:term":[{"taxonomy":"product_brand","embeddable":true,"href":"https:\/\/antcube.shop\/nb\/wp-json\/wp\/v2\/product_brand?post=4699"},{"taxonomy":"product_cat","embeddable":true,"href":"https:\/\/antcube.shop\/nb\/wp-json\/wp\/v2\/product_cat?post=4699"},{"taxonomy":"product_tag","embeddable":true,"href":"https:\/\/antcube.shop\/nb\/wp-json\/wp\/v2\/product_tag?post=4699"}],"curies":[{"name":"wp","href":"https:\/\/api.w.org\/{rel}","templated":true}]}}