{"id":4695,"date":"2022-11-14T14:53:45","date_gmt":"2022-11-14T13:53:45","guid":{"rendered":"https:\/\/antcube.shop\/produkt\/antcube-digfix-platte-40x20-m\/"},"modified":"2026-04-05T17:10:19","modified_gmt":"2026-04-05T15:10:19","slug":"antcube-digfix-platte-40x20-m","status":"publish","type":"product","link":"https:\/\/antcube.shop\/nb\/produkt\/antcube-digfix-platte-40x20-m\/","title":{"rendered":"ANTCUBE - Digfix Plate 40\u00d720 - M"},"content":{"rendered":"<p><strong>Dimensjoner:<\/strong> 383x160x10 mm<\/p>\n<p><strong>Materiell:<\/strong> Digfix<\/p>\n<p><strong>Beskrivelse:<\/strong> Digfix-platen er laget av gravbart materiale og passer perfekt til v\u00e5re ANTCUBE maurfarmer. Den kan brukes b\u00e5de t\u00f8rr og v\u00e5t. Den er ogs\u00e5 egnet for mange maurarter, spesielt de som hekker i sand og i (d\u00f8dt) tre. Det kan brukes i stedet for sandleireblandinger eller reirinnsatser laget av kork. En stor fordel i forhold til korkreirene er at Digfix ikke mugner selv n\u00e5r det er v\u00e5tt. Dette betyr at maurarter med h\u00f8yt fuktighetskrav kan forsynes med tilstrekkelig vann uten problemer. Digfix har ogs\u00e5 den fordelen at gravende maurarter ikke tilsmusser glassrutene i reiret med jord n\u00e5r de graver, noe som gir perfekt utsikt inn i reiret.<\/p>\n<p><strong>Merk:<\/strong> Den naturlige fargenyansen kan variere mellom gr\u00f8nnaktig \/ gr\u00e5brun og jordbrun. Skyggen p\u00e5virker ikke kvaliteten.<br \/>\nP\u00e5 grunn av produksjon kan dimensjonene variere +\/- 1 mm<\/p>\n<p>&nbsp;<\/p>\n<p>&nbsp;<\/p>","protected":false},"excerpt":{"rendered":"<p>St\u00f8rrelse: <strong><span style=\"color: #339966;\">M<\/span><\/strong><\/p>","protected":false},"featured_media":4979,"comment_status":"open","ping_status":"closed","template":"","meta":{"_acf_changed":false,"content-type":"","_monsterinsights_skip_tracking":false,"_monsterinsights_sitenote_active":false,"_monsterinsights_sitenote_note":"","_monsterinsights_sitenote_category":0},"product_brand":[],"product_cat":[87,88],"product_tag":[],"class_list":{"0":"post-4695","1":"product","2":"type-product","3":"status-publish","4":"has-post-thumbnail","6":"product_cat-nest-insets","7":"product_cat-digfix","9":"first","10":"instock","11":"taxable","12":"shipping-taxable","13":"purchasable","14":"product-type-simple"},"acf":[],"aioseo_notices":[],"jetpack_sharing_enabled":true,"_links":{"self":[{"href":"https:\/\/antcube.shop\/nb\/wp-json\/wp\/v2\/product\/4695","targetHints":{"allow":["GET"]}}],"collection":[{"href":"https:\/\/antcube.shop\/nb\/wp-json\/wp\/v2\/product"}],"about":[{"href":"https:\/\/antcube.shop\/nb\/wp-json\/wp\/v2\/types\/product"}],"replies":[{"embeddable":true,"href":"https:\/\/antcube.shop\/nb\/wp-json\/wp\/v2\/comments?post=4695"}],"wp:featuredmedia":[{"embeddable":true,"href":"https:\/\/antcube.shop\/nb\/wp-json\/wp\/v2\/media\/4979"}],"wp:attachment":[{"href":"https:\/\/antcube.shop\/nb\/wp-json\/wp\/v2\/media?parent=4695"}],"wp:term":[{"taxonomy":"product_brand","embeddable":true,"href":"https:\/\/antcube.shop\/nb\/wp-json\/wp\/v2\/product_brand?post=4695"},{"taxonomy":"product_cat","embeddable":true,"href":"https:\/\/antcube.shop\/nb\/wp-json\/wp\/v2\/product_cat?post=4695"},{"taxonomy":"product_tag","embeddable":true,"href":"https:\/\/antcube.shop\/nb\/wp-json\/wp\/v2\/product_tag?post=4695"}],"curies":[{"name":"wp","href":"https:\/\/api.w.org\/{rel}","templated":true}]}}