{"id":4694,"date":"2022-11-14T14:53:29","date_gmt":"2022-11-14T13:53:29","guid":{"rendered":"https:\/\/antcube.shop\/produkt\/antcube-einbauarena-30x30x20\/"},"modified":"2026-04-16T13:04:27","modified_gmt":"2026-04-16T11:04:27","slug":"antcube-einbauarena-30x30x20","status":"publish","type":"product","link":"https:\/\/antcube.shop\/nb\/produkt\/antcube-einbauarena-30x30x20\/","title":{"rendered":"ANTCUBE montert arena 30x30x20"},"content":{"rendered":"<p>ANTCUBE montert arena 30x30x20 cm med 2x 27mm hull.<\/p>\n<p><strong>Dimensjoner:<\/strong> 300 x 300 x 200 mm; 4 mm glasstykkelse.<br \/>\n<strong>Materiell:<\/strong> floatglass<\/p>\n<p><strong>Forbindelse:<\/strong> 2x boring 27 mm<\/p>\n<p><strong>Beskrivelse:<\/strong> ANTCUBE montert arena, ble utviklet for \u00e5 plassere den komfortabelt ogs\u00e5 i mindre hyllerom. For eksempel passer den perfekt inn i en Kallax-hylle. Hullene (midtpunktet) er plassert p\u00e5 forsiden (venstre og h\u00f8yre) i 3 cm h\u00f8yde og 3 cm avstand fra ytterkanten. P\u00e5 grunn av plasseringen av 27 mm hullene p\u00e5 forsiden (i stedet for p\u00e5 sidevinduene som vanlig) kan du enkelt legge til flere arenaer og maurfarmer uten \u00e5 miste plass p\u00e5 sidene eller blokkere tilgangen til portene. Arenadeksel, utbruddsbeskyttelsesramme, tilkoblingselementer som r\u00f8r- eller slangekoblinger er tilgjengelig separat.<\/p>\n<p><strong>Merk:<\/strong> Glasset er sk\u00e5ret i henhold til DIN 1249 med en toleranse p\u00e5 +\/- 1 mm. For ekstremt sm\u00e5 maurarter er en ekstra utbruddsbeskyttelse viktig.<\/p>","protected":false},"excerpt":{"rendered":"<p>Tilkobling: 2x boring 27 mm<\/p>","protected":false},"featured_media":5042,"comment_status":"open","ping_status":"closed","template":"","meta":{"_acf_changed":false,"content-type":"","_monsterinsights_skip_tracking":false,"_monsterinsights_sitenote_active":false,"_monsterinsights_sitenote_note":"","_monsterinsights_sitenote_category":0},"product_brand":[],"product_cat":[85,86],"product_tag":[],"class_list":{"0":"post-4694","1":"product","2":"type-product","3":"status-publish","4":"has-post-thumbnail","6":"product_cat-ant-arenas","7":"product_cat-formicariums","9":"first","10":"instock","11":"taxable","12":"shipping-taxable","13":"purchasable","14":"product-type-simple"},"acf":[],"aioseo_notices":[],"jetpack_sharing_enabled":true,"_links":{"self":[{"href":"https:\/\/antcube.shop\/nb\/wp-json\/wp\/v2\/product\/4694","targetHints":{"allow":["GET"]}}],"collection":[{"href":"https:\/\/antcube.shop\/nb\/wp-json\/wp\/v2\/product"}],"about":[{"href":"https:\/\/antcube.shop\/nb\/wp-json\/wp\/v2\/types\/product"}],"replies":[{"embeddable":true,"href":"https:\/\/antcube.shop\/nb\/wp-json\/wp\/v2\/comments?post=4694"}],"wp:featuredmedia":[{"embeddable":true,"href":"https:\/\/antcube.shop\/nb\/wp-json\/wp\/v2\/media\/5042"}],"wp:attachment":[{"href":"https:\/\/antcube.shop\/nb\/wp-json\/wp\/v2\/media?parent=4694"}],"wp:term":[{"taxonomy":"product_brand","embeddable":true,"href":"https:\/\/antcube.shop\/nb\/wp-json\/wp\/v2\/product_brand?post=4694"},{"taxonomy":"product_cat","embeddable":true,"href":"https:\/\/antcube.shop\/nb\/wp-json\/wp\/v2\/product_cat?post=4694"},{"taxonomy":"product_tag","embeddable":true,"href":"https:\/\/antcube.shop\/nb\/wp-json\/wp\/v2\/product_tag?post=4694"}],"curies":[{"name":"wp","href":"https:\/\/api.w.org\/{rel}","templated":true}]}}