{"id":4689,"date":"2022-11-14T14:52:10","date_gmt":"2022-11-14T13:52:10","guid":{"rendered":"https:\/\/antcube.shop\/produkt\/luftdurchlassige-stopfen-21-23-mm\/"},"modified":"2026-04-07T09:38:35","modified_gmt":"2026-04-07T07:38:35","slug":"air-permeable-plugs-21-23-mm","status":"publish","type":"product","link":"https:\/\/antcube.shop\/nb\/produkt\/air-permeable-plugs-21-23-mm\/","title":{"rendered":"Luftgjennomtrengelige plugger 21 - 23 mm"},"content":{"rendered":"<p><strong>Mengde:<\/strong> 1 stk.<\/p>\n<p><strong>Beskrivelse:<\/strong> : Sett en stopper for uprofesjonelle vattpropper. Disse luftgjennomtrengelige proppene lukker \u00e5pninger p\u00e5 en sikker m\u00e5te og tilpasser seg formen p\u00e5 \u00e5pningen, noe som sikrer rask \u00e5pning og lukking.<\/p>","protected":false},"excerpt":{"rendered":"<p>Antall: 1 stk Beskrivelse: Sett en stopper for uprofesjonelle vattpropper. Disse luftgjennomtrengelige proppene lukker \u00e5pninger sikkert og tilpasser seg formen p\u00e5 \u00e5pningen, noe som sikrer rask \u00e5pning og lukking.<\/p>","protected":false},"featured_media":5000,"comment_status":"open","ping_status":"closed","template":"","meta":{"_acf_changed":false,"content-type":"","_monsterinsights_skip_tracking":false,"_monsterinsights_sitenote_active":false,"_monsterinsights_sitenote_note":"","_monsterinsights_sitenote_category":0},"product_brand":[],"product_cat":[237],"product_tag":[],"class_list":{"0":"post-4689","1":"product","2":"type-product","3":"status-publish","4":"has-post-thumbnail","6":"product_cat-tools","8":"first","9":"instock","10":"taxable","11":"shipping-taxable","12":"purchasable","13":"product-type-simple"},"acf":[],"aioseo_notices":[],"jetpack_sharing_enabled":true,"_links":{"self":[{"href":"https:\/\/antcube.shop\/nb\/wp-json\/wp\/v2\/product\/4689","targetHints":{"allow":["GET"]}}],"collection":[{"href":"https:\/\/antcube.shop\/nb\/wp-json\/wp\/v2\/product"}],"about":[{"href":"https:\/\/antcube.shop\/nb\/wp-json\/wp\/v2\/types\/product"}],"replies":[{"embeddable":true,"href":"https:\/\/antcube.shop\/nb\/wp-json\/wp\/v2\/comments?post=4689"}],"wp:featuredmedia":[{"embeddable":true,"href":"https:\/\/antcube.shop\/nb\/wp-json\/wp\/v2\/media\/5000"}],"wp:attachment":[{"href":"https:\/\/antcube.shop\/nb\/wp-json\/wp\/v2\/media?parent=4689"}],"wp:term":[{"taxonomy":"product_brand","embeddable":true,"href":"https:\/\/antcube.shop\/nb\/wp-json\/wp\/v2\/product_brand?post=4689"},{"taxonomy":"product_cat","embeddable":true,"href":"https:\/\/antcube.shop\/nb\/wp-json\/wp\/v2\/product_cat?post=4689"},{"taxonomy":"product_tag","embeddable":true,"href":"https:\/\/antcube.shop\/nb\/wp-json\/wp\/v2\/product_tag?post=4689"}],"curies":[{"name":"wp","href":"https:\/\/api.w.org\/{rel}","templated":true}]}}