{"id":4687,"date":"2022-11-14T14:51:39","date_gmt":"2022-11-14T13:51:39","guid":{"rendered":"https:\/\/antcube.shop\/produkt\/durchgangsregler-50mm\/"},"modified":"2026-01-12T12:36:29","modified_gmt":"2026-01-12T11:36:29","slug":"durchgangsregler-50mm","status":"publish","type":"product","link":"https:\/\/antcube.shop\/nb\/produkt\/durchgangsregler-50mm\/","title":{"rendered":"Gjennomgangsregulator - 50 mm"},"content":{"rendered":"<p><strong>Dimensjoner (LxBxH):<\/strong> 95 x 76 x 20 mm<\/p>\n<p><strong>Materiell:<\/strong> Akryl<\/p>\n<p><strong>Farge:<\/strong> Fargel\u00f8s \/ gjennomsiktig \/ klar<\/p>\n<p><strong>Innhold:<\/strong> 1 stk (best\u00e5r av 10 enkeltdeler)<\/p>\n<p><strong>Beskrivelse:<\/strong><br \/>\nPassasjeregulatoren er plugget p\u00e5 et r\u00f8r.<br \/>\nPassasjen kan \u00e5pnes eller lukkes for h\u00e5nd.<\/p>\n<p><strong>Bruksomr\u00e5de:<\/strong><br \/>\nFor \u00e5 koble akrylr\u00f8r diameter 50mm<\/p>\n<p><strong>Tips:<\/strong><br \/>\nPassasjeregulatoren skal sitte godt fast p\u00e5 det tilh\u00f8rende r\u00f8ret. Hvis det er for l\u00f8st, kan r\u00f8ret forst\u00f8rres med gjennomsiktig tape for \u00e5 sikre en tett passform.<\/p>","protected":false},"excerpt":{"rendered":"<p>Dimensjoner (LxBxH): 95x 76 x 20 mm Materiale: Akryl Farge: Fargel\u00f8s \/ gjennomsiktig \/ klar Innhold: 1 stk (best\u00e5r av 10 enkeltdeler) Beskrivelse: Gjennomgangsregulatoren plugges p\u00e5 et r\u00f8r. Passasjen kan \u00e5pnes eller lukkes for h\u00e5nd. Bruksomr\u00e5de: For \u00e5 koble til akrylr\u00f8r med diameter 50 mm Tips: Passasjeregulatoren skal v\u00e6re godt festet.","protected":false},"featured_media":5074,"comment_status":"open","ping_status":"closed","template":"","meta":{"_acf_changed":false,"content-type":"","_monsterinsights_skip_tracking":false,"_monsterinsights_sitenote_active":false,"_monsterinsights_sitenote_note":"","_monsterinsights_sitenote_category":0},"product_brand":[],"product_cat":[345],"product_tag":[],"class_list":{"0":"post-4687","1":"product","2":"type-product","3":"status-publish","4":"has-post-thumbnail","6":"product_cat-pipe-connectors","8":"first","9":"instock","10":"taxable","11":"shipping-taxable","12":"purchasable","13":"product-type-simple"},"acf":[],"aioseo_notices":[],"jetpack_sharing_enabled":true,"_links":{"self":[{"href":"https:\/\/antcube.shop\/nb\/wp-json\/wp\/v2\/product\/4687","targetHints":{"allow":["GET"]}}],"collection":[{"href":"https:\/\/antcube.shop\/nb\/wp-json\/wp\/v2\/product"}],"about":[{"href":"https:\/\/antcube.shop\/nb\/wp-json\/wp\/v2\/types\/product"}],"replies":[{"embeddable":true,"href":"https:\/\/antcube.shop\/nb\/wp-json\/wp\/v2\/comments?post=4687"}],"wp:featuredmedia":[{"embeddable":true,"href":"https:\/\/antcube.shop\/nb\/wp-json\/wp\/v2\/media\/5074"}],"wp:attachment":[{"href":"https:\/\/antcube.shop\/nb\/wp-json\/wp\/v2\/media?parent=4687"}],"wp:term":[{"taxonomy":"product_brand","embeddable":true,"href":"https:\/\/antcube.shop\/nb\/wp-json\/wp\/v2\/product_brand?post=4687"},{"taxonomy":"product_cat","embeddable":true,"href":"https:\/\/antcube.shop\/nb\/wp-json\/wp\/v2\/product_cat?post=4687"},{"taxonomy":"product_tag","embeddable":true,"href":"https:\/\/antcube.shop\/nb\/wp-json\/wp\/v2\/product_tag?post=4687"}],"curies":[{"name":"wp","href":"https:\/\/api.w.org\/{rel}","templated":true}]}}