{"id":4682,"date":"2022-11-14T14:42:29","date_gmt":"2022-11-14T13:42:29","guid":{"rendered":"https:\/\/antcube.shop\/produkt\/antcube-rote-folie-30x30-filter\/"},"modified":"2026-04-03T17:08:16","modified_gmt":"2026-04-03T15:08:16","slug":"antcube-rot-folie-30x30-filter","status":"publish","type":"product","link":"https:\/\/antcube.shop\/nb\/produkt\/antcube-rot-folie-30x30-filter\/","title":{"rendered":"ANTCUBE - R\u00f8d folie 30\u00d730 - Filter"},"content":{"rendered":"<p><strong>Dimensjoner:<\/strong> 29x24 cm<\/p>\n<p><strong>Materiell:<\/strong> PVC<\/p>\n<p><strong>Beskrivelse:<\/strong> Den r\u00f8de gjennomsiktige filmen brukes til \u00e5 gi maurene en underjordisk f\u00f8lelse. Derfor anbefaler vi \u00e5 bruke dette produktet i det minste delvis i reiromr\u00e5det. Likevel kan du observere maurene godt i reiret. N\u00f8yaktig kuttet for ANTCUBE \"Maurfarm 20x20cm S\/M\/L - st\u00e5ende\".<\/p>\n<p>Denne filterfolien har en bedre lysfiltereffekt enn den vanlige dekkfolien. Temperaturbestandig opp til 180 \u00b0C<\/p>\n<p>Filterfolien holder med lett trykk ogs\u00e5 av seg selv p\u00e5 g\u00e5rden eller reiromr\u00e5det. Alternativt er gjennomsiktig tape egnet for feste. Bare fest med to sm\u00e5 striper i de \u00f8vre hj\u00f8rnene slik at filmen kan l\u00f8ftes senere for bedre utsikt inn i reiromr\u00e5det.<\/p>","protected":false},"excerpt":{"rendered":"<p>Dimensjoner: 29x29cm Materiale: PVC Beskrivelse: Den r\u00f8de gjennomsiktige filmen brukes til \u00e5 gi maurene en underjordisk f\u00f8lelse. Derfor anbefaler vi \u00e5 bruke dette produktet i det minste delvis i reiromr\u00e5det. Likevel kan du observere maurene godt i reiret. N\u00f8yaktig kuttet for ANTCUBE \"Maurfarm 30x30cm S\/M\/L - st\u00e5ende\". Denne filterfolien","protected":false},"featured_media":5105,"comment_status":"open","ping_status":"closed","template":"","meta":{"_acf_changed":false,"content-type":"","_monsterinsights_skip_tracking":false,"_monsterinsights_sitenote_active":false,"_monsterinsights_sitenote_note":"","_monsterinsights_sitenote_category":0},"product_brand":[],"product_cat":[239],"product_tag":[],"class_list":{"0":"post-4682","1":"product","2":"type-product","3":"status-publish","4":"has-post-thumbnail","6":"product_cat-useful-additions","8":"first","9":"outofstock","10":"taxable","11":"shipping-taxable","12":"purchasable","13":"product-type-simple"},"acf":[],"aioseo_notices":[],"jetpack_sharing_enabled":true,"_links":{"self":[{"href":"https:\/\/antcube.shop\/nb\/wp-json\/wp\/v2\/product\/4682","targetHints":{"allow":["GET"]}}],"collection":[{"href":"https:\/\/antcube.shop\/nb\/wp-json\/wp\/v2\/product"}],"about":[{"href":"https:\/\/antcube.shop\/nb\/wp-json\/wp\/v2\/types\/product"}],"replies":[{"embeddable":true,"href":"https:\/\/antcube.shop\/nb\/wp-json\/wp\/v2\/comments?post=4682"}],"wp:featuredmedia":[{"embeddable":true,"href":"https:\/\/antcube.shop\/nb\/wp-json\/wp\/v2\/media\/5105"}],"wp:attachment":[{"href":"https:\/\/antcube.shop\/nb\/wp-json\/wp\/v2\/media?parent=4682"}],"wp:term":[{"taxonomy":"product_brand","embeddable":true,"href":"https:\/\/antcube.shop\/nb\/wp-json\/wp\/v2\/product_brand?post=4682"},{"taxonomy":"product_cat","embeddable":true,"href":"https:\/\/antcube.shop\/nb\/wp-json\/wp\/v2\/product_cat?post=4682"},{"taxonomy":"product_tag","embeddable":true,"href":"https:\/\/antcube.shop\/nb\/wp-json\/wp\/v2\/product_tag?post=4682"}],"curies":[{"name":"wp","href":"https:\/\/api.w.org\/{rel}","templated":true}]}}