{"id":4681,"date":"2022-11-14T14:42:13","date_gmt":"2022-11-14T13:42:13","guid":{"rendered":"https:\/\/antcube.shop\/produkt\/antcube-rote-folie-40x20-selbstklebend\/"},"modified":"2025-10-19T04:49:11","modified_gmt":"2025-10-19T02:49:11","slug":"antcube-rote-folie-40x20-selvklebend","status":"publish","type":"product","link":"https:\/\/antcube.shop\/nb\/produkt\/antcube-rote-folie-40x20-selvklebend\/","title":{"rendered":"1x ANTCUBE - R\u00f8d folie 20\u00d720 - selvklebende"},"content":{"rendered":"<p><strong>Dimensjoner:<\/strong> 39x19cm<\/p>\n<p><strong>Materiell:<\/strong> PVC<\/p>\n<p><strong>Beskrivelse:<\/strong> Den r\u00f8de gjennomsiktige filmen brukes til \u00e5 gi maurene en underjordisk f\u00f8lelse. Derfor anbefaler vi \u00e5 bruke dette produktet i det minste delvis i reiromr\u00e5det. Likevel kan du observere maurene godt i reiret. N\u00f8yaktig kuttet for ANTCUBE \"Maurfarm 20x20cm S\/M\/L - st\u00e5ende\".<\/p>","protected":false},"excerpt":{"rendered":"<p>Dimensjoner: 29x29cm Materiale: PVC Beskrivelse: Den r\u00f8de gjennomsiktige filmen brukes til \u00e5 gi maurene en underjordisk f\u00f8lelse. Derfor anbefaler vi \u00e5 bruke dette produktet i det minste delvis i reiromr\u00e5det. Likevel kan du observere maurene godt i reiret. N\u00f8yaktig kuttet for ANTCUBE \"Maurfarm 30x30cm S\/M\/L - st\u00e5ende\". Denne filterfolien<\/p>","protected":false},"featured_media":5108,"comment_status":"open","ping_status":"closed","template":"","meta":{"_acf_changed":false,"content-type":"","_monsterinsights_skip_tracking":false,"_monsterinsights_sitenote_active":false,"_monsterinsights_sitenote_note":"","_monsterinsights_sitenote_category":0},"product_brand":[],"product_cat":[239],"product_tag":[],"class_list":{"0":"post-4681","1":"product","2":"type-product","3":"status-publish","4":"has-post-thumbnail","6":"product_cat-useful-additions","8":"first","9":"outofstock","10":"taxable","11":"shipping-taxable","12":"purchasable","13":"product-type-simple"},"acf":[],"aioseo_notices":[],"jetpack_sharing_enabled":true,"_links":{"self":[{"href":"https:\/\/antcube.shop\/nb\/wp-json\/wp\/v2\/product\/4681","targetHints":{"allow":["GET"]}}],"collection":[{"href":"https:\/\/antcube.shop\/nb\/wp-json\/wp\/v2\/product"}],"about":[{"href":"https:\/\/antcube.shop\/nb\/wp-json\/wp\/v2\/types\/product"}],"replies":[{"embeddable":true,"href":"https:\/\/antcube.shop\/nb\/wp-json\/wp\/v2\/comments?post=4681"}],"wp:featuredmedia":[{"embeddable":true,"href":"https:\/\/antcube.shop\/nb\/wp-json\/wp\/v2\/media\/5108"}],"wp:attachment":[{"href":"https:\/\/antcube.shop\/nb\/wp-json\/wp\/v2\/media?parent=4681"}],"wp:term":[{"taxonomy":"product_brand","embeddable":true,"href":"https:\/\/antcube.shop\/nb\/wp-json\/wp\/v2\/product_brand?post=4681"},{"taxonomy":"product_cat","embeddable":true,"href":"https:\/\/antcube.shop\/nb\/wp-json\/wp\/v2\/product_cat?post=4681"},{"taxonomy":"product_tag","embeddable":true,"href":"https:\/\/antcube.shop\/nb\/wp-json\/wp\/v2\/product_tag?post=4681"}],"curies":[{"name":"wp","href":"https:\/\/api.w.org\/{rel}","templated":true}]}}