{"id":4679,"date":"2022-11-14T14:41:41","date_gmt":"2022-11-14T13:41:41","guid":{"rendered":"https:\/\/antcube.shop\/produkt\/lehmfarbe-beige-100ml\/"},"modified":"2026-04-11T13:18:12","modified_gmt":"2026-04-11T11:18:12","slug":"leire-maling-beige-100ml","status":"publish","type":"product","link":"https:\/\/antcube.shop\/nb\/produkt\/leire-maling-beige-100ml\/","title":{"rendered":"Leiremaling - beige - 100 ml"},"content":{"rendered":"<p><strong>Mengde:<\/strong> 100 ml<\/p>\n<p><strong>Beskrivelse:<\/strong> Denne blandingen er giftfri og relativt vanntett p\u00e5 gips og betong, men er ellers vannl\u00f8selig.<\/p>\n<p><strong>Retningslinjer for bruk:\u00a0<\/strong><br \/>\nDenne blandingen er klar til bruk og kan p\u00e5f\u00f8res umiddelbart p\u00e5 gips eller luftbetong med en pensel.<br \/>\n100 ml er tilstrekkelig for ca. 1\/4 m\u00b2 porebetong eller 1\/2 m\u00b2 gips.<br \/>\nN\u00e5r overflaten er v\u00e5t, kan den for eksempel str\u00f8s med sand for \u00e5 oppn\u00e5 et enda mer naturlig utseende.<\/p>\n<p>&nbsp;<\/p>\n<p>&nbsp;<\/p>","protected":false},"excerpt":{"rendered":"<p>Mengde: 100 ml Beskrivelse: Denne blandingen er giftfri og relativt vanntett p\u00e5 gips og betong, men er ellers vannl\u00f8selig. Bruksanvisning for bruk: Denne blandingen er klar til bruk og kan p\u00e5f\u00f8res umiddelbart p\u00e5 gips eller porebetong med en pensel. 100 ml er tilstrekkelig for ca. 1\/4 m\u00b2 porebetong eller 1\/2 m\u00b2 gips. N\u00e5r","protected":false},"featured_media":5004,"comment_status":"open","ping_status":"closed","template":"","meta":{"_acf_changed":false,"content-type":"","_monsterinsights_skip_tracking":false,"_monsterinsights_sitenote_active":false,"_monsterinsights_sitenote_note":"","_monsterinsights_sitenote_category":0},"product_brand":[],"product_cat":[237],"product_tag":[],"class_list":{"0":"post-4679","1":"product","2":"type-product","3":"status-publish","4":"has-post-thumbnail","6":"product_cat-tools","8":"first","9":"instock","10":"taxable","11":"shipping-taxable","12":"purchasable","13":"product-type-simple"},"acf":[],"aioseo_notices":[],"jetpack_sharing_enabled":true,"_links":{"self":[{"href":"https:\/\/antcube.shop\/nb\/wp-json\/wp\/v2\/product\/4679","targetHints":{"allow":["GET"]}}],"collection":[{"href":"https:\/\/antcube.shop\/nb\/wp-json\/wp\/v2\/product"}],"about":[{"href":"https:\/\/antcube.shop\/nb\/wp-json\/wp\/v2\/types\/product"}],"replies":[{"embeddable":true,"href":"https:\/\/antcube.shop\/nb\/wp-json\/wp\/v2\/comments?post=4679"}],"wp:featuredmedia":[{"embeddable":true,"href":"https:\/\/antcube.shop\/nb\/wp-json\/wp\/v2\/media\/5004"}],"wp:attachment":[{"href":"https:\/\/antcube.shop\/nb\/wp-json\/wp\/v2\/media?parent=4679"}],"wp:term":[{"taxonomy":"product_brand","embeddable":true,"href":"https:\/\/antcube.shop\/nb\/wp-json\/wp\/v2\/product_brand?post=4679"},{"taxonomy":"product_cat","embeddable":true,"href":"https:\/\/antcube.shop\/nb\/wp-json\/wp\/v2\/product_cat?post=4679"},{"taxonomy":"product_tag","embeddable":true,"href":"https:\/\/antcube.shop\/nb\/wp-json\/wp\/v2\/product_tag?post=4679"}],"curies":[{"name":"wp","href":"https:\/\/api.w.org\/{rel}","templated":true}]}}