{"id":4678,"date":"2022-11-14T14:41:24","date_gmt":"2022-11-14T13:41:24","guid":{"rendered":"https:\/\/antcube.shop\/produkt\/klebefilm-glasklar\/"},"modified":"2026-04-13T09:29:49","modified_gmt":"2026-04-13T07:29:49","slug":"klebefilm-glasklar","status":"publish","type":"product","link":"https:\/\/antcube.shop\/nb\/produkt\/klebefilm-glasklar\/","title":{"rendered":"Selvklebende film krystallklar"},"content":{"rendered":"<p><strong>Dimensjoner (LxBxH):<\/strong> 10m x19 mm<\/p>\n<p><strong>Materiell:<\/strong> polypropylen<\/p>\n<p><strong>Farge:<\/strong> krystallklar \/ gjennomsiktig<\/p>\n<p><strong>Innhold:<\/strong><br \/>\n1x rull selvklebende film<\/p>\n<p><strong>Beskrivelse:<\/strong><br \/>\nIdeell for \u00e5 feste r\u00f8d dekkfilm eller en fotobakvegg p\u00e5 formicariumet.<br \/>\nHar en h\u00f8y aldringsbestandighet, er veldig rivebestandig og har en sterk klebekraft.<br \/>\nOgs\u00e5 egnet til \u00e5 lime sammen glassruter.<\/p>\n<p><strong>Bruksomr\u00e5de:<\/strong><br \/>\nSelvklebende tape kan kuttes med saks eller kniv.<br \/>\nFest dekkfilmen eller bildet tilbake til formicariumruten, og fest den deretter med klebeb\u00e5ndet.<\/p>","protected":false},"excerpt":{"rendered":"<p>Dimensjoner (LxBxH): 10m x19 mm Materiale: polypropylen Farge: krystallklar \/ gjennomsiktig Innhold: 1x rull selvklebende film Beskrivelse: Ideell for \u00e5 feste r\u00f8d dekkfilm eller en fotobakvegg til formicariumet. Har en h\u00f8y aldringsbestandighet, er veldig rivebestandig og har en sterk limkraft. Ogs\u00e5 egnet til \u00e5 lime sammen glassruter. Bruksomr\u00e5de:","protected":false},"featured_media":5007,"comment_status":"open","ping_status":"closed","template":"","meta":{"_acf_changed":false,"content-type":"","_monsterinsights_skip_tracking":false,"_monsterinsights_sitenote_active":false,"_monsterinsights_sitenote_note":"","_monsterinsights_sitenote_category":0},"product_brand":[],"product_cat":[237],"product_tag":[],"class_list":{"0":"post-4678","1":"product","2":"type-product","3":"status-publish","4":"has-post-thumbnail","6":"product_cat-tools","8":"first","9":"instock","10":"taxable","11":"shipping-taxable","12":"purchasable","13":"product-type-simple"},"acf":[],"aioseo_notices":[],"jetpack_sharing_enabled":true,"_links":{"self":[{"href":"https:\/\/antcube.shop\/nb\/wp-json\/wp\/v2\/product\/4678","targetHints":{"allow":["GET"]}}],"collection":[{"href":"https:\/\/antcube.shop\/nb\/wp-json\/wp\/v2\/product"}],"about":[{"href":"https:\/\/antcube.shop\/nb\/wp-json\/wp\/v2\/types\/product"}],"replies":[{"embeddable":true,"href":"https:\/\/antcube.shop\/nb\/wp-json\/wp\/v2\/comments?post=4678"}],"wp:featuredmedia":[{"embeddable":true,"href":"https:\/\/antcube.shop\/nb\/wp-json\/wp\/v2\/media\/5007"}],"wp:attachment":[{"href":"https:\/\/antcube.shop\/nb\/wp-json\/wp\/v2\/media?parent=4678"}],"wp:term":[{"taxonomy":"product_brand","embeddable":true,"href":"https:\/\/antcube.shop\/nb\/wp-json\/wp\/v2\/product_brand?post=4678"},{"taxonomy":"product_cat","embeddable":true,"href":"https:\/\/antcube.shop\/nb\/wp-json\/wp\/v2\/product_cat?post=4678"},{"taxonomy":"product_tag","embeddable":true,"href":"https:\/\/antcube.shop\/nb\/wp-json\/wp\/v2\/product_tag?post=4678"}],"curies":[{"name":"wp","href":"https:\/\/api.w.org\/{rel}","templated":true}]}}