{"id":4658,"date":"2022-11-14T14:35:52","date_gmt":"2022-11-14T13:35:52","guid":{"rendered":"https:\/\/antcube.shop\/produkt\/waldhonig-wa-nachfullpack-10ml\/"},"modified":"2026-03-31T18:19:09","modified_gmt":"2026-03-31T16:19:09","slug":"skog-honning-refill-pakke-10ml","status":"publish","type":"product","link":"https:\/\/antcube.shop\/nb\/produkt\/skog-honning-refill-pakke-10ml\/","title":{"rendered":"Skogshonning (Wa) - p\u00e5fyllingspakke 10 ml"},"content":{"rendered":"<p><strong>Innhold:<\/strong> 10 ml<\/p>\n<p><strong>Beskrivelse:<\/strong> Dette er et rent naturprodukt. Honningen kommer fra skog og er derfor ideell for maurarter som er hjemmeh\u00f8rende i skog.<\/p>\n<p><strong>Bruksomr\u00e5de:<\/strong> Matr\u00f8ret kan plasseres som en helhet i formicariumet, alternativt tilsettes mindre mengder i en matsk\u00e5l etter behov \/ i henhold til kolonist\u00f8rrelse. Mengden mat b\u00f8r konsumeres innen ca. 3 dager, ellers er det fare for mugg, og av samme grunn m\u00e5 matsk\u00e5len rengj\u00f8res f\u00f8r p\u00e5fylling.<\/p>\n<p><strong>Bruk:<\/strong><br \/>\n\u00d8rkenhonning = for honningspisende maurarter (Meliphagidae).<br \/>\nDet er et tilleggsf\u00f4r (enkeltf\u00f4r).<br \/>\nDet kan tilbys dyrene i levert tilstand. Siden fuktighet reduserer sukkerkonsentrasjonen og en gj\u00e6ringsprosess starter, b\u00f8r f\u00f4ret skiftes ut hver tredje dag. Rengj\u00f8r matsk\u00e5len\/r\u00f8ret grundig f\u00f8r gjenbruk.<br \/>\nEn \u00e5pnet pakning skal brukes tett lukket til den angitte holdbarhetsdatoen.<\/p>\n<p><strong>Inneholder:<\/strong> Ingredienser av honning generelt, proporsjonene varierer avhengig av typen honning.<br \/>\n- ca. 38 % fruktsukker (fruktose)<br \/>\n- ca. 32 % dekstrose (glukose)<br \/>\n- ca. 20 % vann<br \/>\n- ca. 5 % flere sukkerarter<br \/>\n- ca. 5 %-vitaminer (B1, B2, B6, C, H)<br \/>\nMineraler (kalium, kalsium, kobber, jern, natrium, magnesium, fosfor, sink og andre sporstoffer) Aminosyrer (prolin, leucin, fenylalanin, alanin, histidin, isoleucin, glutaminsyre, arginin, asparaginsyre, etc.) Organiske syrer Enzymer (fermenter)Smaksstoffer Inhibiner (antibakterielle stoffer) Blomster Pollen<\/p>\n<p><strong>Lagring:<\/strong> for \u00e5 sikre kvaliteten p\u00e5 f\u00f4ret, b\u00f8r det oppbevares p\u00e5 et m\u00f8rkt og t\u00f8rt sted.<\/p>\n<p><strong>Merknad:<\/strong><br \/>\nInformasjon om hvordan du bruker f\u00f4rslangene finner du her: Lenke<br \/>\nTilleggsf\u00f4r for honningspisende maur.<br \/>\nSe pakningsvedlegget for sammensetning, analysekomponenter, holdbarhetsdato og lotnummer.<\/p>\n<p>Informasjonstelefon +49 30 439703870<\/p>\n<p>Ansvarlig veterin\u00e6r- og n\u00e6ringsmiddeltilsynsmyndighet:<br \/>\nSteglitz veterin\u00e6rkontor<br \/>\nK\u00f6nigin-Luise-Str. 92<br \/>\n14195 Berlin<\/p>","protected":false},"excerpt":{"rendered":"<p>Supplerende mat<\/p>","protected":false},"featured_media":5050,"comment_status":"open","ping_status":"closed","template":"","meta":{"_acf_changed":false,"content-type":"","_monsterinsights_skip_tracking":false,"_monsterinsights_sitenote_active":false,"_monsterinsights_sitenote_note":"","_monsterinsights_sitenote_category":0},"product_brand":[],"product_cat":[115,116],"product_tag":[],"class_list":{"0":"post-4658","1":"product","2":"type-product","3":"status-publish","4":"has-post-thumbnail","6":"product_cat-food-and-feeding","7":"product_cat-food","9":"first","10":"instock","11":"taxable","12":"shipping-taxable","13":"purchasable","14":"product-type-simple"},"acf":[],"aioseo_notices":[],"jetpack_sharing_enabled":true,"_links":{"self":[{"href":"https:\/\/antcube.shop\/nb\/wp-json\/wp\/v2\/product\/4658","targetHints":{"allow":["GET"]}}],"collection":[{"href":"https:\/\/antcube.shop\/nb\/wp-json\/wp\/v2\/product"}],"about":[{"href":"https:\/\/antcube.shop\/nb\/wp-json\/wp\/v2\/types\/product"}],"replies":[{"embeddable":true,"href":"https:\/\/antcube.shop\/nb\/wp-json\/wp\/v2\/comments?post=4658"}],"wp:featuredmedia":[{"embeddable":true,"href":"https:\/\/antcube.shop\/nb\/wp-json\/wp\/v2\/media\/5050"}],"wp:attachment":[{"href":"https:\/\/antcube.shop\/nb\/wp-json\/wp\/v2\/media?parent=4658"}],"wp:term":[{"taxonomy":"product_brand","embeddable":true,"href":"https:\/\/antcube.shop\/nb\/wp-json\/wp\/v2\/product_brand?post=4658"},{"taxonomy":"product_cat","embeddable":true,"href":"https:\/\/antcube.shop\/nb\/wp-json\/wp\/v2\/product_cat?post=4658"},{"taxonomy":"product_tag","embeddable":true,"href":"https:\/\/antcube.shop\/nb\/wp-json\/wp\/v2\/product_tag?post=4658"}],"curies":[{"name":"wp","href":"https:\/\/api.w.org\/{rel}","templated":true}]}}