{"id":4655,"date":"2022-11-14T14:35:04","date_gmt":"2022-11-14T13:35:04","guid":{"rendered":"https:\/\/antcube.shop\/produkt\/zucker-honiglosung-zh-nachfullpack-10ml\/"},"modified":"2026-04-07T13:49:44","modified_gmt":"2026-04-07T11:49:44","slug":"sukker-honning-opplosning-refill-pakning-10ml","status":"publish","type":"product","link":"https:\/\/antcube.shop\/nb\/produkt\/sukker-honning-opplosning-refill-pakning-10ml\/","title":{"rendered":"Sukkerhonningoppl\u00f8sning (ZH) - p\u00e5fyllingspakke 10 ml"},"content":{"rendered":"<p><strong>Innhold:<\/strong> 10 ml<\/p>\n<p><strong>Beskrivelse:<\/strong> Dette er et produkt som best\u00e5r av forskjellige karbohydrater (som honning og sukker).<\/p>\n<p><strong>Bruksomr\u00e5de:<\/strong> Matr\u00f8ret kan plasseres som en helhet i formicariumet, alternativt tilsettes mindre mengder i en matsk\u00e5l etter behov \/ i henhold til kolonist\u00f8rrelse. Mengden mat b\u00f8r konsumeres innen ca. 3 dager, ellers er det fare for mugg, og av samme grunn m\u00e5 matsk\u00e5len rengj\u00f8res f\u00f8r p\u00e5fylling.<\/p>\n<p><strong>Bruk:<\/strong><br \/>\nKarbohydratmat = for sukker\/honningspisende maurarter.<br \/>\nDet er et tilleggsf\u00f4r (blandet f\u00f4r).<br \/>\nDet kan blandes med en dr\u00e5pe vann og vil holde seg i 3 dager n\u00e5r det er v\u00e5tt. Rengj\u00f8r f\u00f4ringssk\u00e5len\/slangen grundig f\u00f8r den brukes p\u00e5 nytt.<br \/>\nEn \u00e5pnet pakning skal brukes tett lukket (hvis den oppbevares t\u00f8rt) til den angitte holdbarhetsdatoen.<\/p>\n<p><strong>Inneholder:<\/strong><br \/>\nFruktose 27 til 44%,<br \/>\nGlukose 22 til 41%,<br \/>\nSukrose opp til 5%,<br \/>\nmaltose 4 til 14%,<br \/>\nandre multiple sukkerarter 1 til 14%.<br \/>\n<strong>Fett:<\/strong> 0g<br \/>\n<strong>Karbohydrater:<\/strong> 92g<br \/>\n<strong>Protein:<\/strong> 0g<br \/>\n<strong>Salt:<\/strong> 0g<\/p>\n<p>Oppbevaring: For \u00e5 sikre kvaliteten p\u00e5 f\u00f4ret b\u00f8r det oppbevares p\u00e5 et m\u00f8rkt og t\u00f8rt sted.<\/p>\n<p><strong>Merknad:<\/strong><br \/>\nInformasjon om hvordan du bruker f\u00f4rslangene finner du her: Lenke<br \/>\nSe pakningsvedlegget for sammensetning, analytiske ingredienser, holdbarhetsdato og partinummer.<\/p>\n<p>Informasjonstelefon +49 30 439703870<\/p>\n<p>Ansvarlig veterin\u00e6r- og n\u00e6ringsmiddeltilsynsmyndighet:<br \/>\nSteglitz veterin\u00e6rkontor<br \/>\nK\u00f6nigin-Luise-Str. 92<br \/>\n14195 Berlin<\/p>","protected":false},"excerpt":{"rendered":"<p>Supplerende mat<\/p>","protected":false},"featured_media":5058,"comment_status":"open","ping_status":"closed","template":"","meta":{"_acf_changed":false,"content-type":"","_monsterinsights_skip_tracking":false,"_monsterinsights_sitenote_active":false,"_monsterinsights_sitenote_note":"","_monsterinsights_sitenote_category":0},"product_brand":[],"product_cat":[115,116],"product_tag":[],"class_list":{"0":"post-4655","1":"product","2":"type-product","3":"status-publish","4":"has-post-thumbnail","6":"product_cat-food-and-feeding","7":"product_cat-food","9":"first","10":"instock","11":"taxable","12":"shipping-taxable","13":"purchasable","14":"product-type-simple"},"acf":[],"aioseo_notices":[],"jetpack_sharing_enabled":true,"_links":{"self":[{"href":"https:\/\/antcube.shop\/nb\/wp-json\/wp\/v2\/product\/4655","targetHints":{"allow":["GET"]}}],"collection":[{"href":"https:\/\/antcube.shop\/nb\/wp-json\/wp\/v2\/product"}],"about":[{"href":"https:\/\/antcube.shop\/nb\/wp-json\/wp\/v2\/types\/product"}],"replies":[{"embeddable":true,"href":"https:\/\/antcube.shop\/nb\/wp-json\/wp\/v2\/comments?post=4655"}],"wp:featuredmedia":[{"embeddable":true,"href":"https:\/\/antcube.shop\/nb\/wp-json\/wp\/v2\/media\/5058"}],"wp:attachment":[{"href":"https:\/\/antcube.shop\/nb\/wp-json\/wp\/v2\/media?parent=4655"}],"wp:term":[{"taxonomy":"product_brand","embeddable":true,"href":"https:\/\/antcube.shop\/nb\/wp-json\/wp\/v2\/product_brand?post=4655"},{"taxonomy":"product_cat","embeddable":true,"href":"https:\/\/antcube.shop\/nb\/wp-json\/wp\/v2\/product_cat?post=4655"},{"taxonomy":"product_tag","embeddable":true,"href":"https:\/\/antcube.shop\/nb\/wp-json\/wp\/v2\/product_tag?post=4655"}],"curies":[{"name":"wp","href":"https:\/\/api.w.org\/{rel}","templated":true}]}}