{"id":4648,"date":"2022-11-14T14:33:14","date_gmt":"2022-11-14T13:33:14","guid":{"rendered":"https:\/\/antcube.shop\/produkt\/himbeerblatter-100g-getrocknet\/"},"modified":"2026-04-08T08:47:44","modified_gmt":"2026-04-08T06:47:44","slug":"bringebaer-blader-100g-torket","status":"publish","type":"product","link":"https:\/\/antcube.shop\/nb\/produkt\/bringebaer-blader-100g-torket\/","title":{"rendered":"Bringeb\u00e6rblader 100g - t\u00f8rket"},"content":{"rendered":"<p><strong>Innhold:<\/strong><br \/>\n100 g t\u00f8rkede bringeb\u00e6rblader<\/p>\n<p><strong>Beskrivelse:<\/strong><br \/>\nBringeb\u00e6rblader som grobunn for soppdyrkende maurarter. Det er et rent naturlig produkt.<\/p>\n<p><strong>Bruk:<\/strong><br \/>\nBringeb\u00e6rblader = for soppavlende maurarter.<br \/>\nDe t\u00f8rre bladene tjener bare som grobunn for soppen til bladskj\u00e6ringsmaur (det anbefales \u00e5 tilby sukkerholdige v\u00e6sker samtidig for \u00e5 erstatte de manglende plantesaftene). Bare legg bladene som skal mates i et t\u00f8rt matkammer. Friske blader foretrekkes imidlertid av dyrene. T\u00f8rkede blader er derfor best egnet for \u00e5 bygge bro over perioder n\u00e5r ingen kan tilbys.<\/p>\n<p><strong>Lagring:<\/strong><br \/>\nI t\u00f8rre omgivelser<\/p>\n<p><strong>Inneholder:<\/strong><br \/>\n100% t\u00f8rkede bringeb\u00e6rblader<\/p>","protected":false},"excerpt":{"rendered":"<p>Supplerende mat<\/p>","protected":false},"featured_media":5115,"comment_status":"open","ping_status":"closed","template":"","meta":{"_acf_changed":false,"content-type":"","_monsterinsights_skip_tracking":false,"_monsterinsights_sitenote_active":false,"_monsterinsights_sitenote_note":"","_monsterinsights_sitenote_category":0},"product_brand":[],"product_cat":[115,116],"product_tag":[],"class_list":{"0":"post-4648","1":"product","2":"type-product","3":"status-publish","4":"has-post-thumbnail","6":"product_cat-food-and-feeding","7":"product_cat-food","9":"first","10":"instock","11":"taxable","12":"shipping-taxable","13":"purchasable","14":"product-type-simple"},"acf":[],"aioseo_notices":[],"jetpack_sharing_enabled":true,"_links":{"self":[{"href":"https:\/\/antcube.shop\/nb\/wp-json\/wp\/v2\/product\/4648","targetHints":{"allow":["GET"]}}],"collection":[{"href":"https:\/\/antcube.shop\/nb\/wp-json\/wp\/v2\/product"}],"about":[{"href":"https:\/\/antcube.shop\/nb\/wp-json\/wp\/v2\/types\/product"}],"replies":[{"embeddable":true,"href":"https:\/\/antcube.shop\/nb\/wp-json\/wp\/v2\/comments?post=4648"}],"wp:featuredmedia":[{"embeddable":true,"href":"https:\/\/antcube.shop\/nb\/wp-json\/wp\/v2\/media\/5115"}],"wp:attachment":[{"href":"https:\/\/antcube.shop\/nb\/wp-json\/wp\/v2\/media?parent=4648"}],"wp:term":[{"taxonomy":"product_brand","embeddable":true,"href":"https:\/\/antcube.shop\/nb\/wp-json\/wp\/v2\/product_brand?post=4648"},{"taxonomy":"product_cat","embeddable":true,"href":"https:\/\/antcube.shop\/nb\/wp-json\/wp\/v2\/product_cat?post=4648"},{"taxonomy":"product_tag","embeddable":true,"href":"https:\/\/antcube.shop\/nb\/wp-json\/wp\/v2\/product_tag?post=4648"}],"curies":[{"name":"wp","href":"https:\/\/api.w.org\/{rel}","templated":true}]}}