{"id":4642,"date":"2022-11-14T14:31:41","date_gmt":"2022-11-14T13:31:41","guid":{"rendered":"https:\/\/antcube.shop\/produkt\/jelly-food-brauner-zucker-16g\/"},"modified":"2026-03-31T18:19:06","modified_gmt":"2026-03-31T16:19:06","slug":"gele-mat-brun-sukker-16-g","status":"publish","type":"product","link":"https:\/\/antcube.shop\/nb\/produkt\/gele-mat-brun-sukker-16-g\/","title":{"rendered":"Gel\u00e9 mat brunt sukker 16g"},"content":{"rendered":"<p><strong>Mengde:<\/strong> 16g<\/p>\n<p><strong>Beskrivelse:<\/strong><br \/>\nVitaminer og proteiner er grunnleggende byggesteiner i enhver kropp. Noen kan produseres av kroppen selv, andre m\u00e5 inntas gjennom maten.<br \/>\nInsektelskere over hele verden setter pris p\u00e5 denne formelen for \u00e5 fremme avl og forlenge livet gjennom balansert ern\u00e6ring av sine \"kj\u00e6re\".<\/p>\n<p><strong>Ingredienser:<\/strong><br \/>\nSammensetning: vann, fruktosesirup, sukker<br \/>\nAnalytiske bestanddeler: Fuktighet 65%<\/p>\n<p><strong>Bruk:<\/strong><br \/>\nFor fruktspisende maurarter.<br \/>\nBlandingsf\u00f4r som tilleggsf\u00f4r<br \/>\nB\u00f8r tilbys 2-3 ganger i uken til fruktspisende maurarter.<br \/>\nDet kan tilbys dyrene i levert tilstand. Ved romtemperatur kan gel\u00e9en mugne raskt. Derfor b\u00f8r maten byttes ut minst hver tredje dag. Rengj\u00f8r matsk\u00e5len grundig f\u00f8r gjenbruk.<\/p>\n<p><strong>Holdbarhet:<\/strong><br \/>\nN\u00e5r den er lukket, har gel\u00e9en en holdbarhet p\u00e5 minst 1 \u00e5r (se best f\u00f8r dato p\u00e5 pakken); N\u00e5r den \u00e5pnes, b\u00f8r den oppbevares i kj\u00f8leskapet og brukes innen 5-7 dager. Du kan ogs\u00e5 fryse den i fryseren og tine sm\u00e5 mengder etter behov.<\/p>\n<p><strong>Merknad:<\/strong><br \/>\nSe pakningsvedlegget for sammensetning, analytiske bestanddeler, lot-identifikasjonsnummer og holdbarhetsdato (BBD).<\/p>\n<p>Informasjonstelefon (faks): +49 2065-67290<\/p>\n<p>Ansvarlig veterin\u00e6r- og mattilsyn:<br \/>\nOffisiell veterin\u00e6r\/veterin\u00e6rekspert.<br \/>\nP\u00e5 Schnabelhuck 6<br \/>\n47049 Duisburg<\/p>","protected":false},"excerpt":{"rendered":"<p>Supplerende mat<\/p>","protected":false},"featured_media":5094,"comment_status":"open","ping_status":"closed","template":"","meta":{"_acf_changed":false,"content-type":"","_monsterinsights_skip_tracking":false,"_monsterinsights_sitenote_active":false,"_monsterinsights_sitenote_note":"","_monsterinsights_sitenote_category":0},"product_brand":[],"product_cat":[115,116],"product_tag":[],"class_list":{"0":"post-4642","1":"product","2":"type-product","3":"status-publish","4":"has-post-thumbnail","6":"product_cat-food-and-feeding","7":"product_cat-food","9":"first","10":"instock","11":"taxable","12":"shipping-taxable","13":"purchasable","14":"product-type-simple"},"acf":[],"aioseo_notices":[],"jetpack_sharing_enabled":true,"_links":{"self":[{"href":"https:\/\/antcube.shop\/nb\/wp-json\/wp\/v2\/product\/4642","targetHints":{"allow":["GET"]}}],"collection":[{"href":"https:\/\/antcube.shop\/nb\/wp-json\/wp\/v2\/product"}],"about":[{"href":"https:\/\/antcube.shop\/nb\/wp-json\/wp\/v2\/types\/product"}],"replies":[{"embeddable":true,"href":"https:\/\/antcube.shop\/nb\/wp-json\/wp\/v2\/comments?post=4642"}],"wp:featuredmedia":[{"embeddable":true,"href":"https:\/\/antcube.shop\/nb\/wp-json\/wp\/v2\/media\/5094"}],"wp:attachment":[{"href":"https:\/\/antcube.shop\/nb\/wp-json\/wp\/v2\/media?parent=4642"}],"wp:term":[{"taxonomy":"product_brand","embeddable":true,"href":"https:\/\/antcube.shop\/nb\/wp-json\/wp\/v2\/product_brand?post=4642"},{"taxonomy":"product_cat","embeddable":true,"href":"https:\/\/antcube.shop\/nb\/wp-json\/wp\/v2\/product_cat?post=4642"},{"taxonomy":"product_tag","embeddable":true,"href":"https:\/\/antcube.shop\/nb\/wp-json\/wp\/v2\/product_tag?post=4642"}],"curies":[{"name":"wp","href":"https:\/\/api.w.org\/{rel}","templated":true}]}}