{"id":4639,"date":"2022-11-14T14:30:55","date_gmt":"2022-11-14T13:30:55","guid":{"rendered":"https:\/\/antcube.shop\/produkt\/durchgangsschieber-s\/"},"modified":"2026-03-02T12:58:53","modified_gmt":"2026-03-02T11:58:53","slug":"durchgangsschieber-s","status":"publish","type":"product","link":"https:\/\/antcube.shop\/nb\/produkt\/durchgangsschieber-s\/","title":{"rendered":"Gjennomg\u00e5ende spjeldventil - S"},"content":{"rendered":"<p><strong>Dimensjoner:<\/strong> 78 x 12 x 52 mm for 10\/6 mm r\u00f8r eller maurfarm st\u00f8rrelse S<\/p>\n<p><strong>Materiell:<\/strong> PMMA<\/p>\n<p><strong>Farger:<\/strong> gjennomsiktig, gr\u00e5<\/p>\n<p><strong>Innhold:<\/strong> 1x passasje glidebryter<\/p>\n<p><strong>Beskrivelse:<\/strong> Glidebryteren lukker eller \u00e5pner passasjen til maur i et r\u00f8r eller mellom to formicarium.<br \/>\nDen er gjennomsiktig, slik at du kan sjekke om det er maur i mellom n\u00e5r du \"lukker\". Sluseventilen brukes ogs\u00e5 til \u00e5 kontrollere og regulere maurstier i slanger.<\/p>\n<p><strong>Merknad om s\u00f8knaden<\/strong><br \/>\nP\u00e5 grunn av den filigrane konstruksjonen b\u00f8r f\u00f8lgende overholdes n\u00e5r du fester eller l\u00f8sner slanger:<br \/>\nHvis slangen er sv\u00e6rt vanskelig \u00e5 montere p\u00e5 koblingshylsen, b\u00f8r hylsen gnides lett med en dr\u00e5pe av v\u00e5r breakoutbeskyttelsesolje eller pulver. Slangen skal deretter skyves p\u00e5 gjennomf\u00f8ringen med vri- eller skruebevegelser uten \u00e5 belaste gjennomf\u00f8ringen med opp- og nedbevegelser. Det samme gjelder n\u00e5r du fjerner slangene fra tilkoblingsstussen p\u00e5 g\u00e5rden. Ikke bare trekk dem av!<\/p>","protected":false},"excerpt":{"rendered":"<p>Dimensjoner: 78 x 17 x 53 mm for 14\/10 mm r\u00f8r eller maurfarm st\u00f8rrelse M Materiale: PMMA Farger: gjennomsiktig, gr\u00e5 Innhold: 1x passasje glidebryter Beskrivelse: Glidebryteren lukker eller \u00e5pner passasjen til maur i et r\u00f8r eller mellom to formicarium. Den er gjennomsiktig, slik at du kan sjekke om det er maur i mellom.","protected":false},"featured_media":5170,"comment_status":"open","ping_status":"closed","template":"","meta":{"_acf_changed":false,"content-type":"","_monsterinsights_skip_tracking":false,"_monsterinsights_sitenote_active":false,"_monsterinsights_sitenote_note":"","_monsterinsights_sitenote_category":0},"product_brand":[],"product_cat":[121],"product_tag":[],"class_list":{"0":"post-4639","1":"product","2":"type-product","3":"status-publish","4":"has-post-thumbnail","6":"product_cat-connectors","8":"first","9":"instock","10":"taxable","11":"shipping-taxable","12":"purchasable","13":"product-type-simple"},"acf":[],"aioseo_notices":[],"jetpack_sharing_enabled":true,"_links":{"self":[{"href":"https:\/\/antcube.shop\/nb\/wp-json\/wp\/v2\/product\/4639","targetHints":{"allow":["GET"]}}],"collection":[{"href":"https:\/\/antcube.shop\/nb\/wp-json\/wp\/v2\/product"}],"about":[{"href":"https:\/\/antcube.shop\/nb\/wp-json\/wp\/v2\/types\/product"}],"replies":[{"embeddable":true,"href":"https:\/\/antcube.shop\/nb\/wp-json\/wp\/v2\/comments?post=4639"}],"wp:featuredmedia":[{"embeddable":true,"href":"https:\/\/antcube.shop\/nb\/wp-json\/wp\/v2\/media\/5170"}],"wp:attachment":[{"href":"https:\/\/antcube.shop\/nb\/wp-json\/wp\/v2\/media?parent=4639"}],"wp:term":[{"taxonomy":"product_brand","embeddable":true,"href":"https:\/\/antcube.shop\/nb\/wp-json\/wp\/v2\/product_brand?post=4639"},{"taxonomy":"product_cat","embeddable":true,"href":"https:\/\/antcube.shop\/nb\/wp-json\/wp\/v2\/product_cat?post=4639"},{"taxonomy":"product_tag","embeddable":true,"href":"https:\/\/antcube.shop\/nb\/wp-json\/wp\/v2\/product_tag?post=4639"}],"curies":[{"name":"wp","href":"https:\/\/api.w.org\/{rel}","templated":true}]}}