{"id":4637,"date":"2022-11-14T14:30:23","date_gmt":"2022-11-14T13:30:23","guid":{"rendered":"https:\/\/antcube.shop\/produkt\/durchgangsschieber-l\/"},"modified":"2026-03-30T12:22:09","modified_gmt":"2026-03-30T10:22:09","slug":"durchgangsschieber-l","status":"publish","type":"product","link":"https:\/\/antcube.shop\/nb\/produkt\/durchgangsschieber-l\/","title":{"rendered":"Gjennomg\u00e5ende spjeldventil - L"},"content":{"rendered":"<p><strong>Dimensjoner:<\/strong> 78 x 27 x 53 mm for 14\/16\/18\/20 mm slange eller maurfarm st\u00f8rrelse L<\/p>\n<p>14\/10 slangen er plugget tett inn i 14mm stikkontakten.<br \/>\n20\/16-r\u00f8r er festet p\u00e5 det f\u00f8rste 16 mm trinnet<br \/>\n22\/18-r\u00f8ret er festet p\u00e5 det andre 20 mm-trinnet.<br \/>\n24\/20 slangen er l\u00f8st montert p\u00e5 det andre 20 mm trinnet.<\/p>\n<p><strong>Materiell:<\/strong> PMMA<\/p>\n<p><strong>Farger:<\/strong> krystallklar, gr\u00e5<\/p>\n<p><strong>Innhold:<\/strong> 1x gjennomg\u00e5ende glidebryter<\/p>\n<p><strong>Beskrivelse:<\/strong> Passasjeglideren blokkerer eller \u00e5pner passasjen av maur i et r\u00f8r eller mellom to formicarium.<br \/>\nDen er gjennomsiktig, slik at du kan sjekke om det er maur i mellom n\u00e5r du \"lukker\". Portventilen brukes ogs\u00e5 til \u00e5 kontrollere og regulere str\u00f8mmen av maur i r\u00f8r.<\/p>\n<p>Merknad om s\u00f8knaden<br \/>\nP\u00e5 grunn av den filigrane konstruksjonen m\u00e5 f\u00f8lgende overholdes n\u00e5r du fester eller l\u00f8sner slanger:<br \/>\nHvis slangen er sv\u00e6rt vanskelig \u00e5 montere p\u00e5 koblingshylsen, b\u00f8r hylsen gnides lett med en dr\u00e5pe av v\u00e5r breakoutbeskyttelsesolje eller pulver. Slangen skal deretter skyves p\u00e5 gjennomf\u00f8ringen med vri- eller skruebevegelser uten \u00e5 belaste gjennomf\u00f8ringen med opp- og nedbevegelser. Det samme gjelder n\u00e5r du fjerner slangene fra tilkoblingsstussen p\u00e5 g\u00e5rden. Ikke bare trekk dem av!<\/p>\n<p><strong>Oppdatering:<\/strong><br \/>\n15.12.2020 Produktforbedring: Stengene har blitt forsterket med 3 mm.<\/p>","protected":false},"excerpt":{"rendered":"<p>Dimensjoner: 78 x 27 x 53 mm for 14\/16\/18\/20 mm r\u00f8r eller maurfarmst\u00f8rrelse L 14\/10-r\u00f8ret plugges tett inn i 14mm-sokkelen 20\/16-r\u00f8ret festes p\u00e5 det f\u00f8rste 16mm-trinnet 22\/18-r\u00f8ret festes p\u00e5 det andre 20mm-trinnet 24\/20-r\u00f8ret monteres l\u00f8st p\u00e5 det andre 20mm-trinnet Materiale: PMMA Farger: krystall","protected":false},"featured_media":5606,"comment_status":"open","ping_status":"closed","template":"","meta":{"_acf_changed":false,"content-type":"","_monsterinsights_skip_tracking":false,"_monsterinsights_sitenote_active":false,"_monsterinsights_sitenote_note":"","_monsterinsights_sitenote_category":0},"product_brand":[],"product_cat":[121],"product_tag":[],"class_list":{"0":"post-4637","1":"product","2":"type-product","3":"status-publish","4":"has-post-thumbnail","6":"product_cat-connectors","8":"first","9":"instock","10":"taxable","11":"shipping-taxable","12":"purchasable","13":"product-type-simple"},"acf":[],"aioseo_notices":[],"jetpack_sharing_enabled":true,"_links":{"self":[{"href":"https:\/\/antcube.shop\/nb\/wp-json\/wp\/v2\/product\/4637","targetHints":{"allow":["GET"]}}],"collection":[{"href":"https:\/\/antcube.shop\/nb\/wp-json\/wp\/v2\/product"}],"about":[{"href":"https:\/\/antcube.shop\/nb\/wp-json\/wp\/v2\/types\/product"}],"replies":[{"embeddable":true,"href":"https:\/\/antcube.shop\/nb\/wp-json\/wp\/v2\/comments?post=4637"}],"wp:featuredmedia":[{"embeddable":true,"href":"https:\/\/antcube.shop\/nb\/wp-json\/wp\/v2\/media\/5606"}],"wp:attachment":[{"href":"https:\/\/antcube.shop\/nb\/wp-json\/wp\/v2\/media?parent=4637"}],"wp:term":[{"taxonomy":"product_brand","embeddable":true,"href":"https:\/\/antcube.shop\/nb\/wp-json\/wp\/v2\/product_brand?post=4637"},{"taxonomy":"product_cat","embeddable":true,"href":"https:\/\/antcube.shop\/nb\/wp-json\/wp\/v2\/product_cat?post=4637"},{"taxonomy":"product_tag","embeddable":true,"href":"https:\/\/antcube.shop\/nb\/wp-json\/wp\/v2\/product_tag?post=4637"}],"curies":[{"name":"wp","href":"https:\/\/api.w.org\/{rel}","templated":true}]}}