{"id":4630,"date":"2022-11-14T14:28:33","date_gmt":"2022-11-14T13:28:33","guid":{"rendered":"https:\/\/antcube.shop\/produkt\/ameisenarena-rahmen-40x20\/"},"modified":"2026-04-03T19:43:50","modified_gmt":"2026-04-03T17:43:50","slug":"ameisenarena-ramme-40x20","status":"publish","type":"product","link":"https:\/\/antcube.shop\/nb\/produkt\/ameisenarena-ramme-40x20\/","title":{"rendered":"Myr arena ramme 40\u00d720"},"content":{"rendered":"<p><strong>Dimensjoner (LxBxH):<\/strong> 40x20x0,4 cm<\/p>\n<p><strong>Materiell:<\/strong> floatglass<\/p>\n<p><strong>Farge:<\/strong> krystallklar \/ gjennomsiktig<\/p>\n<p><strong>Innhold:<\/strong><br \/>\n1x myr arena ramme<\/p>\n<p><strong>Beskrivelse:<\/strong><br \/>\nRamme laget av glass for maurarenaen som utbruddsbeskyttelse.<\/p>\n<p><strong>Bruksomr\u00e5de:<\/strong><br \/>\nMaurarena-rammen er en ramme laget av glass, som er plassert p\u00e5 en maurarena og er utstyrt med en utbruddsbeskyttelse (olje, pulver eller lakk) fra undersiden, og forhindrer dermed maur i \u00e5 bryte ut.<\/p>\n<p><strong>Merknad:<\/strong><br \/>\nSiden artikkelen er laget av glass og derfor er f\u00f8lsom, b\u00f8r den h\u00e5ndteres sv\u00e6rt forsiktig. Glass er kuttet i henhold til DIN 1249 med en toleranse p\u00e5 +\/- 1 mm. For ekstremt sm\u00e5 maurarter er det viktig med ekstra utbruddsbeskyttelse.<\/p>\n<p>&nbsp;<\/p>\n<p>&nbsp;<\/p>","protected":false},"excerpt":{"rendered":"<p>Dimensjoner (LxBxH): 40x20x0,4 cm Materiale: floatglass Farge: krystallklar \/ gjennomsiktig Innhold: 1x maurarena ramme Beskrivelse: Ramme laget av glass for maurarenaen som utbruddsbeskyttelse. Bruksomr\u00e5de: Maurarena-rammen er en ramme laget av glass, som er plassert p\u00e5 en maurarena og er utstyrt med en utbruddsbeskyttelse.","protected":false},"featured_media":5119,"comment_status":"open","ping_status":"closed","template":"","meta":{"_acf_changed":false,"content-type":"","_monsterinsights_skip_tracking":false,"_monsterinsights_sitenote_active":false,"_monsterinsights_sitenote_note":"","_monsterinsights_sitenote_category":0},"product_brand":[],"product_cat":[119,239,91,93],"product_tag":[],"class_list":{"0":"post-4630","1":"product","2":"type-product","3":"status-publish","4":"has-post-thumbnail","6":"product_cat-formicarium-components","7":"product_cat-useful-additions","8":"product_cat-formicarium-modules","9":"product_cat-arena-frame","11":"first","12":"instock","13":"taxable","14":"shipping-taxable","15":"purchasable","16":"product-type-simple"},"acf":[],"aioseo_notices":[],"jetpack_sharing_enabled":true,"_links":{"self":[{"href":"https:\/\/antcube.shop\/nb\/wp-json\/wp\/v2\/product\/4630","targetHints":{"allow":["GET"]}}],"collection":[{"href":"https:\/\/antcube.shop\/nb\/wp-json\/wp\/v2\/product"}],"about":[{"href":"https:\/\/antcube.shop\/nb\/wp-json\/wp\/v2\/types\/product"}],"replies":[{"embeddable":true,"href":"https:\/\/antcube.shop\/nb\/wp-json\/wp\/v2\/comments?post=4630"}],"wp:featuredmedia":[{"embeddable":true,"href":"https:\/\/antcube.shop\/nb\/wp-json\/wp\/v2\/media\/5119"}],"wp:attachment":[{"href":"https:\/\/antcube.shop\/nb\/wp-json\/wp\/v2\/media?parent=4630"}],"wp:term":[{"taxonomy":"product_brand","embeddable":true,"href":"https:\/\/antcube.shop\/nb\/wp-json\/wp\/v2\/product_brand?post=4630"},{"taxonomy":"product_cat","embeddable":true,"href":"https:\/\/antcube.shop\/nb\/wp-json\/wp\/v2\/product_cat?post=4630"},{"taxonomy":"product_tag","embeddable":true,"href":"https:\/\/antcube.shop\/nb\/wp-json\/wp\/v2\/product_tag?post=4630"}],"curies":[{"name":"wp","href":"https:\/\/api.w.org\/{rel}","templated":true}]}}