{"id":4629,"date":"2022-11-14T14:28:18","date_gmt":"2022-11-14T13:28:18","guid":{"rendered":"https:\/\/antcube.shop\/produkt\/antcube-ameisenfarm-l-30x30-wand\/"},"modified":"2026-03-23T17:45:00","modified_gmt":"2026-03-23T16:45:00","slug":"antcube-ameisenfarm-l-30x30-wand","status":"publish","type":"product","link":"https:\/\/antcube.shop\/nb\/produkt\/antcube-ameisenfarm-l-30x30-wand\/","title":{"rendered":"ANTCUBE - Maurfarm - L - 30\u00d730 - vegg"},"content":{"rendered":"<p><strong>Utenfor:<\/strong> 32,5 x 32,5 cm \/ Innvendig: 29,2 x 29,2 cm<\/p>\n<p><strong>Materiell:<\/strong><br \/>\nFloatglass, tre, PMMA<\/p>\n<p><strong>Farge:<\/strong><br \/>\nkrystallklar, hvit<\/p>\n<p><strong>Innhold:<\/strong><br \/>\n1x Maurfarm 10mm plateavstand med veggmontering.<br \/>\n1x omslag<br \/>\n1x treramme hvitmalt med magnetl\u00e5s<br \/>\n2x avstandsstenger for reirinnsatser<br \/>\n6x skruer og plugger (for tre \/ steinvegg)<\/p>\n<p><strong>forbindelse:<\/strong><br \/>\n2x 14\/16\/18\/20 x 20mm stikkontakt<\/p>\n<p>14\/10 slangen er satt inn i 14mm stikkontakten med en tett passform<br \/>\n20\/16 slangen er plugget tett p\u00e5 det f\u00f8rste 16mm trinnet.<\/p>\n<p><strong>Beskrivelse:<\/strong><br \/>\nDisse maurfarmene er designet for veggmontering og kan enkelt monteres p\u00e5 tre- og steinvegger.<br \/>\nRammen er laget av ekte naturlig tre, med en hvit lakkering i et moderne, tidl\u00f8st design.<br \/>\nDenne rammen kan fjernes for \u00e5 \u00e5pne farmen og kan festes til farmen igjen via en magnetisk holder.<\/p>\n<p><strong>Monteringsanvisninger:<\/strong><br \/>\nFor \u00e5 feste de 6 pluggene \"S6\" i veggen trenger du en drill med 6 mm bor (tre eller stein avhengig av materialet).<br \/>\nDet m\u00e5 bores 40 mm dype hull i veggen for \u00e5 forsenke pluggene med 4x30 mm skruene.<\/p>\n<p><strong>Merknader om produksjon<\/strong><br \/>\nGlasset er sk\u00e5ret i henhold til DIN 1249 med en toleranse p\u00e5 +\/- 1 mm. For ekstremt sm\u00e5 maurarter er en ekstra utbruddsbeskyttelse viktig.<\/p>\n<p><strong>Merknad om g\u00e5rden<\/strong><br \/>\nV\u00e6r oppmerksom p\u00e5 f\u00f8lgende n\u00e5r du monterer eller fjerner slanger:<br \/>\nHvis slangen er sv\u00e6rt vanskelig \u00e5 montere p\u00e5 koblingshylsen, b\u00f8r hylsen gnides lett med en dr\u00e5pe av v\u00e5r breakoutbeskyttelsesolje eller pulver. Slangen skal deretter skyves p\u00e5 gjennomf\u00f8ringen med vri- eller skruebevegelser uten \u00e5 belaste gjennomf\u00f8ringen med opp- og nedbevegelser. Det samme gjelder n\u00e5r du fjerner slangene fra tilkoblingsstussen p\u00e5 g\u00e5rden. Ikke bare trekk dem av!<\/p>","protected":false},"excerpt":{"rendered":"<p><strong>Forbindelse:<\/strong> stikkontakt 2x 14\/16 x 20mm; <strong>plateavstand:<\/strong> innenfor 20 mm<br \/>\n<strong>St\u00f8rrelse:<\/strong> <span style=\"color: #0000ff;\"><strong>L<\/strong> <\/span><\/p>","protected":false},"featured_media":5188,"comment_status":"open","ping_status":"closed","template":"","meta":{"_acf_changed":false,"content-type":"","_monsterinsights_skip_tracking":false,"_monsterinsights_sitenote_active":false,"_monsterinsights_sitenote_note":"","_monsterinsights_sitenote_category":0},"product_brand":[],"product_cat":[80,83],"product_tag":[],"class_list":{"0":"post-4629","1":"product","2":"type-product","3":"status-publish","4":"has-post-thumbnail","6":"product_cat-antfarms","7":"product_cat-antfarms-l","9":"first","10":"instock","11":"taxable","12":"shipping-taxable","13":"purchasable","14":"product-type-simple"},"acf":[],"aioseo_notices":[],"jetpack_sharing_enabled":true,"_links":{"self":[{"href":"https:\/\/antcube.shop\/nb\/wp-json\/wp\/v2\/product\/4629","targetHints":{"allow":["GET"]}}],"collection":[{"href":"https:\/\/antcube.shop\/nb\/wp-json\/wp\/v2\/product"}],"about":[{"href":"https:\/\/antcube.shop\/nb\/wp-json\/wp\/v2\/types\/product"}],"replies":[{"embeddable":true,"href":"https:\/\/antcube.shop\/nb\/wp-json\/wp\/v2\/comments?post=4629"}],"wp:featuredmedia":[{"embeddable":true,"href":"https:\/\/antcube.shop\/nb\/wp-json\/wp\/v2\/media\/5188"}],"wp:attachment":[{"href":"https:\/\/antcube.shop\/nb\/wp-json\/wp\/v2\/media?parent=4629"}],"wp:term":[{"taxonomy":"product_brand","embeddable":true,"href":"https:\/\/antcube.shop\/nb\/wp-json\/wp\/v2\/product_brand?post=4629"},{"taxonomy":"product_cat","embeddable":true,"href":"https:\/\/antcube.shop\/nb\/wp-json\/wp\/v2\/product_cat?post=4629"},{"taxonomy":"product_tag","embeddable":true,"href":"https:\/\/antcube.shop\/nb\/wp-json\/wp\/v2\/product_tag?post=4629"}],"curies":[{"name":"wp","href":"https:\/\/api.w.org\/{rel}","templated":true}]}}