{"id":4625,"date":"2022-11-14T14:21:09","date_gmt":"2022-11-14T13:21:09","guid":{"rendered":"https:\/\/antcube.shop\/produkt\/acrylglas-xt-rohr-50-46mm-1m\/"},"modified":"2026-04-20T09:58:13","modified_gmt":"2026-04-20T07:58:13","slug":"acrylic-xt-tube-50-46mm-1m","status":"publish","type":"product","link":"https:\/\/antcube.shop\/nb\/produkt\/acrylic-xt-tube-50-46mm-1m\/","title":{"rendered":"Myrr\u00f8r - krystallklart - 20 mm - 1 m"},"content":{"rendered":"<p><strong>Dimensjoner:<\/strong> ytre diameter 50 mm, lengde: 1 m<\/p>\n<p><strong>Materiell:<\/strong> akrylglass<\/p>\n<p><strong>Farge:<\/strong> gjennomsiktig, tydelig<\/p>\n<p><strong>Beskrivelse:<\/strong> Kan kobles til formicarium via adaptere eller koble flere formicarium sammen.<\/p>\n<p><strong>Merk:<\/strong> Av emballasjehensyn kan 1 meter r\u00f8rene kuttes i to og eventuelt bestilles med et matchende stykke slange. Hvis du uansett vil ha r\u00f8rene levert som 1 meter r\u00f8r, m\u00e5 dette velges som ekstra.<\/p>","protected":false},"excerpt":{"rendered":"<p>Dimensjoner: ytre diameter 50 mm, lengde: 1m Materiale: akrylglass Farge: gjennomsiktig, klar Beskrivelse: Kan kobles til formicarium via adaptere eller koble flere formicarium sammen. Merk: Av emballasjemessige \u00e5rsaker kan 1 meter r\u00f8r kuttes i to og eventuelt bestilles med et matchende stykke slange. Hvis du vil ha","protected":false},"featured_media":5122,"comment_status":"open","ping_status":"closed","template":"","meta":{"_acf_changed":false,"content-type":"","_monsterinsights_skip_tracking":false,"_monsterinsights_sitenote_active":false,"_monsterinsights_sitenote_note":"","_monsterinsights_sitenote_category":0},"product_brand":[],"product_cat":[119,120],"product_tag":[],"class_list":{"0":"post-4625","1":"product","2":"type-product","3":"status-publish","4":"has-post-thumbnail","6":"product_cat-formicarium-components","7":"product_cat-hoses","9":"first","10":"instock","11":"taxable","12":"shipping-taxable","13":"purchasable","14":"product-type-simple"},"acf":[],"aioseo_notices":[],"jetpack_sharing_enabled":true,"_links":{"self":[{"href":"https:\/\/antcube.shop\/nb\/wp-json\/wp\/v2\/product\/4625","targetHints":{"allow":["GET"]}}],"collection":[{"href":"https:\/\/antcube.shop\/nb\/wp-json\/wp\/v2\/product"}],"about":[{"href":"https:\/\/antcube.shop\/nb\/wp-json\/wp\/v2\/types\/product"}],"replies":[{"embeddable":true,"href":"https:\/\/antcube.shop\/nb\/wp-json\/wp\/v2\/comments?post=4625"}],"wp:featuredmedia":[{"embeddable":true,"href":"https:\/\/antcube.shop\/nb\/wp-json\/wp\/v2\/media\/5122"}],"wp:attachment":[{"href":"https:\/\/antcube.shop\/nb\/wp-json\/wp\/v2\/media?parent=4625"}],"wp:term":[{"taxonomy":"product_brand","embeddable":true,"href":"https:\/\/antcube.shop\/nb\/wp-json\/wp\/v2\/product_brand?post=4625"},{"taxonomy":"product_cat","embeddable":true,"href":"https:\/\/antcube.shop\/nb\/wp-json\/wp\/v2\/product_cat?post=4625"},{"taxonomy":"product_tag","embeddable":true,"href":"https:\/\/antcube.shop\/nb\/wp-json\/wp\/v2\/product_tag?post=4625"}],"curies":[{"name":"wp","href":"https:\/\/api.w.org\/{rel}","templated":true}]}}