{"id":4607,"date":"2022-11-01T18:07:37","date_gmt":"2022-11-01T17:07:37","guid":{"rendered":"https:\/\/antcube.shop\/produkt\/formicariengranulat-1000ml-weis\/"},"modified":"2026-03-24T18:13:06","modified_gmt":"2026-03-24T17:13:06","slug":"formicariengranulat-1000ml-weis","status":"publish","type":"product","link":"https:\/\/antcube.shop\/nb\/produkt\/formicariengranulat-1000ml-weis\/","title":{"rendered":"Formicarium granulat 1000ml - hvit"},"content":{"rendered":"<p><strong>Innhold:<\/strong> 1000 ml (tilsvarer ca. 80 g)<\/p>\n<p><strong>Kornst\u00f8rrelse:<\/strong> 1 - 6 mm<\/p>\n<p><strong>Farge:<\/strong> hvit<\/p>\n<p><strong>Grunnmateriale:<\/strong> spesiell blanding av vulkansk obsidian\/perlit<\/p>\n<p><strong>Beskrivelse:<\/strong> Materialet beholder fuktighet og gir god jordlufting i formicariumet, og beskytter mot vannlogging og rotting. Det granul\u00e6re laget b\u00f8r brukes omtrent 1-2 cm som det laveste jordlaget i en g\u00e5rd.<\/p>\n<p><strong>Egenskaper:<\/strong><br \/>\n- uorganisk, mineralsk produkt<br \/>\n- biologisk og kjemisk n\u00f8ytralt<br \/>\n- strukturelt stabil<br \/>\n- lagrer fuktighet<\/p>","protected":false},"excerpt":{"rendered":"<p>For n\u00f8ytralt eller lett sand\/leire underlag<\/p>","protected":false},"featured_media":5734,"comment_status":"open","ping_status":"closed","template":"","meta":{"_acf_changed":false,"content-type":"","_monsterinsights_skip_tracking":false,"_monsterinsights_sitenote_active":false,"_monsterinsights_sitenote_note":"","_monsterinsights_sitenote_category":0},"product_brand":[],"product_cat":[241],"product_tag":[],"class_list":{"0":"post-4607","1":"product","2":"type-product","3":"status-publish","4":"has-post-thumbnail","6":"product_cat-granules","8":"first","9":"instock","10":"taxable","11":"shipping-taxable","12":"purchasable","13":"product-type-simple"},"acf":[],"aioseo_notices":[],"jetpack_sharing_enabled":true,"_links":{"self":[{"href":"https:\/\/antcube.shop\/nb\/wp-json\/wp\/v2\/product\/4607","targetHints":{"allow":["GET"]}}],"collection":[{"href":"https:\/\/antcube.shop\/nb\/wp-json\/wp\/v2\/product"}],"about":[{"href":"https:\/\/antcube.shop\/nb\/wp-json\/wp\/v2\/types\/product"}],"replies":[{"embeddable":true,"href":"https:\/\/antcube.shop\/nb\/wp-json\/wp\/v2\/comments?post=4607"}],"wp:featuredmedia":[{"embeddable":true,"href":"https:\/\/antcube.shop\/nb\/wp-json\/wp\/v2\/media\/5734"}],"wp:attachment":[{"href":"https:\/\/antcube.shop\/nb\/wp-json\/wp\/v2\/media?parent=4607"}],"wp:term":[{"taxonomy":"product_brand","embeddable":true,"href":"https:\/\/antcube.shop\/nb\/wp-json\/wp\/v2\/product_brand?post=4607"},{"taxonomy":"product_cat","embeddable":true,"href":"https:\/\/antcube.shop\/nb\/wp-json\/wp\/v2\/product_cat?post=4607"},{"taxonomy":"product_tag","embeddable":true,"href":"https:\/\/antcube.shop\/nb\/wp-json\/wp\/v2\/product_tag?post=4607"}],"curies":[{"name":"wp","href":"https:\/\/api.w.org\/{rel}","templated":true}]}}