{"id":4605,"date":"2022-11-01T18:07:07","date_gmt":"2022-11-01T17:07:07","guid":{"rendered":"https:\/\/antcube.shop\/produkt\/formicariengranulat-1000ml-schwarz\/"},"modified":"2026-04-02T18:12:06","modified_gmt":"2026-04-02T16:12:06","slug":"formicariengranulat-1000ml-schwarz","status":"publish","type":"product","link":"https:\/\/antcube.shop\/nb\/produkt\/formicariengranulat-1000ml-schwarz\/","title":{"rendered":"Formicarium granulat 1000ml - svart"},"content":{"rendered":"<p><strong>Innhold:<\/strong> 1000 ml (tilsvarer ca. 600 g)<\/p>\n<p><strong>Kornst\u00f8rrelse:<\/strong> 1 - 8 mm<\/p>\n<p><strong>Farge:<\/strong> svart<\/p>\n<p><strong>Grunnmateriale:<\/strong> spesiell blanding av vulkanske steiner av h\u00f8y kvalitet<\/p>\n<p><strong>Beskrivelse:<\/strong> Materialet beholder fuktighet og gir god jordlufting i formicariumet, og beskytter mot vannlogging og rotting. Det granul\u00e6re laget b\u00f8r brukes omtrent 1-2 cm som det laveste jordlaget i en g\u00e5rd.<\/p>\n<p><strong>Egenskaper:<\/strong><br \/>\n- uorganisk, mineralsk produkt<br \/>\n- biologisk og kjemisk n\u00f8ytralt<br \/>\n- strukturelt stabil<br \/>\n- lagrer fuktighet<\/p>","protected":false},"excerpt":{"rendered":"<p>For skog- eller regnskogssubstrat<\/p>","protected":false},"featured_media":5733,"comment_status":"open","ping_status":"closed","template":"","meta":{"_acf_changed":false,"content-type":"","_monsterinsights_skip_tracking":false,"_monsterinsights_sitenote_active":false,"_monsterinsights_sitenote_note":"","_monsterinsights_sitenote_category":0},"product_brand":[],"product_cat":[101,100,241],"product_tag":[],"class_list":{"0":"post-4605","1":"product","2":"type-product","3":"status-publish","4":"has-post-thumbnail","6":"product_cat-forest","7":"product_cat-rainforest","8":"product_cat-granules","10":"first","11":"instock","12":"taxable","13":"shipping-taxable","14":"purchasable","15":"product-type-simple"},"acf":[],"aioseo_notices":[],"jetpack_sharing_enabled":true,"_links":{"self":[{"href":"https:\/\/antcube.shop\/nb\/wp-json\/wp\/v2\/product\/4605","targetHints":{"allow":["GET"]}}],"collection":[{"href":"https:\/\/antcube.shop\/nb\/wp-json\/wp\/v2\/product"}],"about":[{"href":"https:\/\/antcube.shop\/nb\/wp-json\/wp\/v2\/types\/product"}],"replies":[{"embeddable":true,"href":"https:\/\/antcube.shop\/nb\/wp-json\/wp\/v2\/comments?post=4605"}],"wp:featuredmedia":[{"embeddable":true,"href":"https:\/\/antcube.shop\/nb\/wp-json\/wp\/v2\/media\/5733"}],"wp:attachment":[{"href":"https:\/\/antcube.shop\/nb\/wp-json\/wp\/v2\/media?parent=4605"}],"wp:term":[{"taxonomy":"product_brand","embeddable":true,"href":"https:\/\/antcube.shop\/nb\/wp-json\/wp\/v2\/product_brand?post=4605"},{"taxonomy":"product_cat","embeddable":true,"href":"https:\/\/antcube.shop\/nb\/wp-json\/wp\/v2\/product_cat?post=4605"},{"taxonomy":"product_tag","embeddable":true,"href":"https:\/\/antcube.shop\/nb\/wp-json\/wp\/v2\/product_tag?post=4605"}],"curies":[{"name":"wp","href":"https:\/\/api.w.org\/{rel}","templated":true}]}}