{"id":4372,"date":"2022-06-20T09:12:42","date_gmt":"2022-06-20T07:12:42","guid":{"rendered":"https:\/\/antcube.shop\/produkt\/ganze-blanchierte-heimchen\/"},"modified":"2026-04-05T19:45:36","modified_gmt":"2026-04-05T17:45:36","slug":"blancherte-hele-sirisser","status":"publish","type":"product","link":"https:\/\/antcube.shop\/nb\/produkt\/blancherte-hele-sirisser\/","title":{"rendered":"Blancherte hele sirisser"},"content":{"rendered":"<p><strong>Nettovekt:<\/strong> 10 g per krukke<br \/>\nblancherte mellomstore sirisser i stykke<\/p>\n<p>enkeltmating<\/p>\n<p><strong>Beskrivelse:<\/strong><br \/>\nV\u00e5re blancherte sirisser er en enkel m\u00e5te \u00e5 gi maurene dine nykonserverte proteiner uten \u00e5 m\u00e5tte f\u00f4re med levende insekter. De inkluderte sirissene (Acheta domesticus) er sk\u00e5nsomt blancherte for \u00e5 sikre at n\u00e6ringsverdi, smak og aroma bevares. I tillegg mykgj\u00f8res insektenes kitinskall p\u00e5 denne m\u00e5ten, slik at det blir lettere \u00e5 ford\u00f8ye. Forbindelsene i de kollagenholdige proteinene brytes ned slik at maurene kan utnytte dem bedre. Acheta domesticus p\u00e5 boks har samme n\u00e6ringsverdi som levende sirisser, men er lettere \u00e5 ford\u00f8ye. I motsetning til frosne eller t\u00f8rkede sirisser, der ca. 60% protein g\u00e5r tapt, kan det inneholdte proteinet bearbeides til nesten 100%.<\/p>\n<p>De blancherte sirissene er ikke egnet for jakt p\u00e5 maurarter som krever levende mat (f.eks. poneriner (urmaur) som Harpegnathos eller Odontomachus).<\/p>\n<p><strong>Andre fordeler:<\/strong><\/p>\n<p>Garantert fri for midd<br \/>\nDelbar<br \/>\nSterilisert og vakuumert<br \/>\nUten tilsetningsstoffer<br \/>\nKrekling fra b\u00e6rekraftig ren \u00f8kologisk avl, f\u00f4ret med organisk avfall<\/p>\n<p><strong>N\u00e6ringsinformasjon:<\/strong><br \/>\nR\u00e5protein: 20%<br \/>\nR\u00e5fett: 7%<br \/>\nR\u00e5fiber: 22%<br \/>\nAsk: 4%<br \/>\nFuktighet: 46%<\/p>\n<p><strong>Merknad:<\/strong><br \/>\nN\u00e5r den er \u00e5pnet, holder den seg i omtrent fire dager i kj\u00f8leskapet. Lengre holdbarhet hvis den fryses.<br \/>\n<strong>Oppmerksomhet:<\/strong> F\u00f8rste porsjon, deretter fryse. S\u00e5 det er ogs\u00e5 mulig med en enkelt fjerning (IQF).<\/p>","protected":false},"excerpt":{"rendered":"<p>enkeltmating<\/p>","protected":false},"featured_media":4375,"comment_status":"open","ping_status":"closed","template":"","meta":{"_acf_changed":false,"content-type":"","_monsterinsights_skip_tracking":false,"_monsterinsights_sitenote_active":false,"_monsterinsights_sitenote_note":"","_monsterinsights_sitenote_category":0},"product_brand":[],"product_cat":[257,115,116],"product_tag":[],"class_list":{"0":"post-4372","1":"product","2":"type-product","3":"status-publish","4":"has-post-thumbnail","6":"product_cat-new-innovatve-products","7":"product_cat-food-and-feeding","8":"product_cat-food","10":"first","11":"instock","12":"taxable","13":"shipping-taxable","14":"purchasable","15":"product-type-simple"},"acf":[],"aioseo_notices":[],"jetpack_sharing_enabled":true,"_links":{"self":[{"href":"https:\/\/antcube.shop\/nb\/wp-json\/wp\/v2\/product\/4372","targetHints":{"allow":["GET"]}}],"collection":[{"href":"https:\/\/antcube.shop\/nb\/wp-json\/wp\/v2\/product"}],"about":[{"href":"https:\/\/antcube.shop\/nb\/wp-json\/wp\/v2\/types\/product"}],"replies":[{"embeddable":true,"href":"https:\/\/antcube.shop\/nb\/wp-json\/wp\/v2\/comments?post=4372"}],"wp:featuredmedia":[{"embeddable":true,"href":"https:\/\/antcube.shop\/nb\/wp-json\/wp\/v2\/media\/4375"}],"wp:attachment":[{"href":"https:\/\/antcube.shop\/nb\/wp-json\/wp\/v2\/media?parent=4372"}],"wp:term":[{"taxonomy":"product_brand","embeddable":true,"href":"https:\/\/antcube.shop\/nb\/wp-json\/wp\/v2\/product_brand?post=4372"},{"taxonomy":"product_cat","embeddable":true,"href":"https:\/\/antcube.shop\/nb\/wp-json\/wp\/v2\/product_cat?post=4372"},{"taxonomy":"product_tag","embeddable":true,"href":"https:\/\/antcube.shop\/nb\/wp-json\/wp\/v2\/product_tag?post=4372"}],"curies":[{"name":"wp","href":"https:\/\/api.w.org\/{rel}","templated":true}]}}