{"id":4343,"date":"2022-06-08T14:36:54","date_gmt":"2022-06-08T12:36:54","guid":{"rendered":"https:\/\/antcube.shop\/produkt\/naturbusch-auf-schieferplatte-gros\/"},"modified":"2025-10-19T15:15:12","modified_gmt":"2025-10-19T13:15:12","slug":"naturbusch-auf-schieferplatte-gros","status":"publish","type":"product","link":"https:\/\/antcube.shop\/nb\/produkt\/naturbusch-auf-schieferplatte-gros\/","title":{"rendered":"Prydbusk"},"content":{"rendered":"<p>St\u00f8rrelse \/ h\u00f8yde 17 cm til 19 cm, diameter ~ 10 cm -12 cm, ideell for arenaer p\u00e5 30x30x30 cm og oppover.<br \/>\nVekten varierer fra 50 til 80 gram<\/p>\n<p>Dekorativ artikkel som best\u00e5r av en naturlig t\u00f8rket trebusk og en base av kunstharpiks (bunnplate).<br \/>\nDenne dekorative busken er h\u00e5ndlaget i Tyskland og er derfor preget av b\u00e6rekraft.<\/p>\n<p><strong>OBS!<\/strong> Ikke plasser i veldig fuktig formicaria (over 60% fuktighet). Busken kan begynne \u00e5 mugne. Med veldig god ventilasjon kan busken plasseres i mer fuktige formicarium.<\/p>\n<p>Noen prydbusker st\u00e5r ikke oppreist i formicariumet av seg selv p\u00e5 grunn av h\u00f8yden. I s\u00e5 fall kan det hjelpe \u00e5 dekke basen litt med substrat eller plassere produktet i n\u00e6rheten av vinduene p\u00e5 utsiden.<\/p>\n<p><span data-text-color=\"alert\"><strong>VIKTIG MERKNAD OM ARTIKKELEN:<\/strong><\/span><br \/>\nSiden dette er et naturprodukt \/ unikt, er bildene her ikke helt identiske med varen du vil motta. Det vil v\u00e6re variasjoner i st\u00f8rrelse, form og farge p\u00e5 minitreet samt steinbruddets skiferplate. Vi garanterer bare den maksimale h\u00f8yden p\u00e5 varen.<\/p>\n<p>Ved \u00e5 bestille denne varen godtar du og samtykker til ovennevnte mulige variasjoner av produktet i st\u00f8rrelse, form og farge p\u00e5 kj\u00f8pstidspunktet.<\/p>","protected":false},"excerpt":{"rendered":"<p>St\u00f8rrelse: 17-19 cm h\u00f8y<\/p>","protected":false},"featured_media":6380,"comment_status":"open","ping_status":"closed","template":"","meta":{"_acf_changed":false,"content-type":"","_monsterinsights_skip_tracking":false,"_monsterinsights_sitenote_active":false,"_monsterinsights_sitenote_note":"","_monsterinsights_sitenote_category":0},"product_brand":[],"product_cat":[99,101,102],"product_tag":[],"class_list":{"0":"post-4343","1":"product","2":"type-product","3":"status-publish","4":"has-post-thumbnail","6":"product_cat-desert","7":"product_cat-forest","8":"product_cat-meadow","10":"first","11":"outofstock","12":"taxable","13":"shipping-taxable","14":"purchasable","15":"product-type-simple"},"acf":[],"aioseo_notices":[],"jetpack_sharing_enabled":true,"_links":{"self":[{"href":"https:\/\/antcube.shop\/nb\/wp-json\/wp\/v2\/product\/4343","targetHints":{"allow":["GET"]}}],"collection":[{"href":"https:\/\/antcube.shop\/nb\/wp-json\/wp\/v2\/product"}],"about":[{"href":"https:\/\/antcube.shop\/nb\/wp-json\/wp\/v2\/types\/product"}],"replies":[{"embeddable":true,"href":"https:\/\/antcube.shop\/nb\/wp-json\/wp\/v2\/comments?post=4343"}],"wp:featuredmedia":[{"embeddable":true,"href":"https:\/\/antcube.shop\/nb\/wp-json\/wp\/v2\/media\/6380"}],"wp:attachment":[{"href":"https:\/\/antcube.shop\/nb\/wp-json\/wp\/v2\/media?parent=4343"}],"wp:term":[{"taxonomy":"product_brand","embeddable":true,"href":"https:\/\/antcube.shop\/nb\/wp-json\/wp\/v2\/product_brand?post=4343"},{"taxonomy":"product_cat","embeddable":true,"href":"https:\/\/antcube.shop\/nb\/wp-json\/wp\/v2\/product_cat?post=4343"},{"taxonomy":"product_tag","embeddable":true,"href":"https:\/\/antcube.shop\/nb\/wp-json\/wp\/v2\/product_tag?post=4343"}],"curies":[{"name":"wp","href":"https:\/\/api.w.org\/{rel}","templated":true}]}}