{"id":4342,"date":"2022-06-08T14:36:40","date_gmt":"2022-06-08T12:36:40","guid":{"rendered":"https:\/\/antcube.shop\/produkt\/naturbusch-auf-schieferplatte-klein\/"},"modified":"2026-04-20T16:40:53","modified_gmt":"2026-04-20T14:40:53","slug":"naturbusch-auf-schieferplatte-klein","status":"publish","type":"product","link":"https:\/\/antcube.shop\/nb\/produkt\/naturbusch-auf-schieferplatte-klein\/","title":{"rendered":"Naturlig busk p\u00e5 skifer - Liten"},"content":{"rendered":"<p>St\u00f8rrelse \/ h\u00f8yde opp til 9 cm, ideell for arenaene 20x20x10 cm.<br \/>\nVekten varierer fra 200 til 600 gram<\/p>\n<p>Dekorativ artikkel som best\u00e5r av rent naturlige komponenter, fra en t\u00f8rket trebusk og en skiferplate (bunnplate). Begge ubehandlede naturprodukter.<br \/>\nDette minitreet ble h\u00e5ndlaget i Tyskland, og er dermed preget av b\u00e6rekraft.<\/p>\n<p><strong>OBS!<\/strong> Ikke plasser i veldig fuktig formicaria (over 60% fuktighet). Busken kan begynne \u00e5 mugne. Med veldig god ventilasjon kan busken plasseres i mer fuktige formicarium.<\/p>\n<p><strong>VIKTIG MERKNAD OM VAREN:<\/strong><br \/>\nSiden dette er et naturprodukt \/ unikt, er bildene her ikke helt identiske med varen du vil motta. Det vil v\u00e6re variasjoner i st\u00f8rrelse, form og farge p\u00e5 minitreet samt steinbruddets skiferplate. Vi garanterer bare den maksimale h\u00f8yden p\u00e5 varen.<\/p>\n<p>Ved \u00e5 bestille denne varen godtar du og samtykker til ovennevnte mulige variasjoner av produktet i st\u00f8rrelse, form og farge p\u00e5 kj\u00f8pstidspunktet.<\/p>","protected":false},"excerpt":{"rendered":"<p>St\u00f8rrelse: 18x15x9<\/p>","protected":false},"featured_media":4355,"comment_status":"open","ping_status":"closed","template":"","meta":{"_acf_changed":false,"content-type":"","_monsterinsights_skip_tracking":false,"_monsterinsights_sitenote_active":false,"_monsterinsights_sitenote_note":"","_monsterinsights_sitenote_category":0},"product_brand":[],"product_cat":[99,101,102],"product_tag":[],"class_list":{"0":"post-4342","1":"product","2":"type-product","3":"status-publish","4":"has-post-thumbnail","6":"product_cat-desert","7":"product_cat-forest","8":"product_cat-meadow","10":"first","11":"instock","12":"taxable","13":"shipping-taxable","14":"purchasable","15":"product-type-simple"},"acf":[],"aioseo_notices":[],"jetpack_sharing_enabled":true,"_links":{"self":[{"href":"https:\/\/antcube.shop\/nb\/wp-json\/wp\/v2\/product\/4342","targetHints":{"allow":["GET"]}}],"collection":[{"href":"https:\/\/antcube.shop\/nb\/wp-json\/wp\/v2\/product"}],"about":[{"href":"https:\/\/antcube.shop\/nb\/wp-json\/wp\/v2\/types\/product"}],"replies":[{"embeddable":true,"href":"https:\/\/antcube.shop\/nb\/wp-json\/wp\/v2\/comments?post=4342"}],"wp:featuredmedia":[{"embeddable":true,"href":"https:\/\/antcube.shop\/nb\/wp-json\/wp\/v2\/media\/4355"}],"wp:attachment":[{"href":"https:\/\/antcube.shop\/nb\/wp-json\/wp\/v2\/media?parent=4342"}],"wp:term":[{"taxonomy":"product_brand","embeddable":true,"href":"https:\/\/antcube.shop\/nb\/wp-json\/wp\/v2\/product_brand?post=4342"},{"taxonomy":"product_cat","embeddable":true,"href":"https:\/\/antcube.shop\/nb\/wp-json\/wp\/v2\/product_cat?post=4342"},{"taxonomy":"product_tag","embeddable":true,"href":"https:\/\/antcube.shop\/nb\/wp-json\/wp\/v2\/product_tag?post=4342"}],"curies":[{"name":"wp","href":"https:\/\/api.w.org\/{rel}","templated":true}]}}