{"id":4258,"date":"2022-04-28T14:00:36","date_gmt":"2022-04-28T12:00:36","guid":{"rendered":"https:\/\/antcube.shop\/produkt\/ameisen-inkubator\/"},"modified":"2026-04-09T15:04:51","modified_gmt":"2026-04-09T13:04:51","slug":"maur-inkubator","status":"publish","type":"product","link":"https:\/\/antcube.shop\/nb\/produkt\/maur-inkubator\/","title":{"rendered":"Kuv\u00f8se for maur"},"content":{"rendered":"<p><strong>St\u00f8rrelse:\u00a0<\/strong>Enhetens st\u00f8rrelse: 40 \u00d7 39,5 \u00d7 48 cm; Innvendig: 32 \u00d7 22,5 \u00d7 37 cm<\/p>\n<p><strong>Farge:<\/strong> Svart<\/p>\n<p><strong>Tekniske spesifikasjoner:<\/strong><br \/>\nSpenning: 220-240 V, 50 Hz<br \/>\nEffekt: 70W<br \/>\nKabellengde nettkabel: 1.60m<br \/>\nTemperaturomr\u00e5de: 5 \u00b0C - 40 \u00b0C<\/p>\n<p><strong>Materiell:<\/strong> Metall, glass<\/p>\n<p><strong>Beskrivelse:<\/strong><br \/>\nDenne maurinkubatoren egner seg ikke bare til oppfostring av maurkolonier i tropiske str\u00f8k, men ogs\u00e5 til maurkolonier i dvale.<br \/>\nDen har en temperaturregulator med digitalt display og en flyttbar mellomhylle for mer plass. Temperaturen kan stilles inn og endres etter behov. Apparatet kan b\u00e5de kj\u00f8le (ned til ca. 5 \u00b0C) og varme (opp til ca. 40 \u00b0C). Det justerbare temperaturomr\u00e5det er ca. 5 \u00b0C-40 \u00b0C. Det kan derfor ogs\u00e5 brukes til overvintring av innf\u00f8dte maur.<\/p>\n<p><strong>Fordeler:<\/strong><br \/>\nOfte st\u00e5r du overfor sp\u00f8rsm\u00e5let om hvordan du kan lagre maur for dvalemodus ukomplisert ved riktig temperatur. Kj\u00f8leskapet er uansett for fullt, p\u00e5 balkongen kan det bli for kaldt for dyrene og i kjelleren er det ogs\u00e5 trangt, eller du har ikke nok kontroll.<br \/>\n<strong>Her er l\u00f8sningen:<\/strong> Enten kan du la dyrene overvintre i inkubatoren med v\u00e5re reirr\u00f8rstativ i reagensglass, i dette tilfellet til og med opptil 100 kolonier samtidig, eller sammen med hele ANTCUBE Formicarium. For eksempel v\u00e5r ANTCUBE Arena Combi, passer helt inni. Men ogs\u00e5 et startsett med arena 20x20x10 og 2 reir 20\u00d720 ville ha nok plass.<br \/>\nOgs\u00e5 lagring og transport med bilen, for eksempel under svermflyging, flytting eller transport av de spesielt f\u00f8lsomme bladskj\u00e6rermaurene, kan realiseres derved.<br \/>\nDe praktiske stativene for pr\u00f8ver\u00f8r (nestr\u00f8r) er tilgjengelige i tre forskjellige st\u00f8rrelser. Her er v\u00e5r anbefaling:<\/p>\n<p><strong>Anbefaling:<\/strong><br \/>\nPlassen i inkubatoren er egnet for:<br \/>\nOpptil 24x cricket testr\u00f8r \/ eller 24x oppsamlingsboksen transparent 115x115x55<br \/>\nFor maur i reirr\u00f8r anbefaler vi reirr\u00f8rstativ for oppbevaring.<br \/>\nPasser inn i interi\u00f8ret:<br \/>\n- reirr\u00f8rstativ for 16 mm = 12 stykker eller 120 reirr\u00f8r med 16 mm diameter<br \/>\n- Hekker\u00f8rstativ for 18 mm = 12 stykker eller 120 hekker\u00f8r med 18 mm diameter<br \/>\n- Hekker\u00f8rstativ for 25mm = 9 stk. hhv. 54 hekker\u00f8r med 25mm diameter<\/p>\n<p><strong>Merk:<\/strong><br \/>\n- Ikke sett opp i direkte sollys eller ved siden av en varmekilde, da ytre temperatursvingninger p\u00e5virker den innvendige temperaturen.<br \/>\n- Sett opp apparatet p\u00e5 et t\u00f8rt sted der temperaturen er s\u00e5 konstant som mulig.<br \/>\n- Viftene m\u00e5 kunne rotere fritt<br \/>\n- Luftoverflatene m\u00e5 forbli frie<br \/>\n- Kontroller regelmessig for skader -&gt; stopp driften umiddelbart hvis det er skader<br \/>\n- Inkubatoren kan dobbeltsikres med en ekstra Thermo Control II eller Thermo Control Pro II. En tilsvarende gjennomf\u00f8ring er plassert p\u00e5 baksiden av apparatet.<\/p>\n<p><strong>Merk: <\/strong>20.01.2025 - Produktoppdatering - ny modell<\/p>","protected":false},"excerpt":{"rendered":"<p>St\u00f8rrelse: Enhetens st\u00f8rrelse: 40\u00d739,5\u00d748 cm ; Innvendig: 32\u00d722,5\u00d737 cm Farge: Svart Tekniske spesifikasjoner: Spenning: 220-240V, 50Hz Effekt: 70W Kabellengde nettkabel: 1,60m Temperaturomr\u00e5de: 5\u00b0C - 40\u00b0C Materiale: Metall, glass Beskrivelse: Denne maurinkubatoren er ikke bare sv\u00e6rt godt egnet for oppdrett av maurkolonier fra tropiske omr\u00e5der, men ogs\u00e5 for maurkolonier i dvale. Den har [...].","protected":false},"featured_media":11099,"comment_status":"open","ping_status":"closed","template":"","meta":{"_acf_changed":false,"content-type":"","_monsterinsights_skip_tracking":false,"_monsterinsights_sitenote_active":false,"_monsterinsights_sitenote_note":"","_monsterinsights_sitenote_category":0},"product_brand":[],"product_cat":[237],"product_tag":[],"class_list":{"0":"post-4258","1":"product","2":"type-product","3":"status-publish","4":"has-post-thumbnail","6":"product_cat-tools","8":"first","9":"instock","10":"taxable","11":"shipping-taxable","12":"purchasable","13":"product-type-simple"},"acf":[],"aioseo_notices":[],"jetpack_sharing_enabled":true,"_links":{"self":[{"href":"https:\/\/antcube.shop\/nb\/wp-json\/wp\/v2\/product\/4258","targetHints":{"allow":["GET"]}}],"collection":[{"href":"https:\/\/antcube.shop\/nb\/wp-json\/wp\/v2\/product"}],"about":[{"href":"https:\/\/antcube.shop\/nb\/wp-json\/wp\/v2\/types\/product"}],"replies":[{"embeddable":true,"href":"https:\/\/antcube.shop\/nb\/wp-json\/wp\/v2\/comments?post=4258"}],"wp:featuredmedia":[{"embeddable":true,"href":"https:\/\/antcube.shop\/nb\/wp-json\/wp\/v2\/media\/11099"}],"wp:attachment":[{"href":"https:\/\/antcube.shop\/nb\/wp-json\/wp\/v2\/media?parent=4258"}],"wp:term":[{"taxonomy":"product_brand","embeddable":true,"href":"https:\/\/antcube.shop\/nb\/wp-json\/wp\/v2\/product_brand?post=4258"},{"taxonomy":"product_cat","embeddable":true,"href":"https:\/\/antcube.shop\/nb\/wp-json\/wp\/v2\/product_cat?post=4258"},{"taxonomy":"product_tag","embeddable":true,"href":"https:\/\/antcube.shop\/nb\/wp-json\/wp\/v2\/product_tag?post=4258"}],"curies":[{"name":"wp","href":"https:\/\/api.w.org\/{rel}","templated":true}]}}