{"id":4175,"date":"2022-03-14T17:24:15","date_gmt":"2022-03-14T16:24:15","guid":{"rendered":"https:\/\/antcube.shop\/produkt\/candy-ant-snack-20g\/"},"modified":"2026-04-13T10:48:25","modified_gmt":"2026-04-13T08:48:25","slug":"candy-ant-snack-20g","status":"publish","type":"product","link":"https:\/\/antcube.shop\/nb\/produkt\/candy-ant-snack-20g\/","title":{"rendered":"Godteri maursnacks - 20g"},"content":{"rendered":"<p><strong>Innhold:<\/strong><br \/>\n20g<\/p>\n<p><strong>Beskrivelse:<\/strong><br \/>\nDette er et rent naturprodukt. V\u00e5r Candy Ant Snack, laget av \u00f8kologisk dyrket Acheta domesticus, belagt med \u00f8kologisk honning.<br \/>\nLett ford\u00f8yelig. Takket v\u00e6re proteinene av h\u00f8y kvalitet er det nesten en komplett mat (erstatter honning\/sukker og proteiner) for de fleste maurarter som Lasius sp., Camponotus sp. eller Messor sp. etc. Maurene elsker det. Det erstatter ikke ferskvannet som maurene trenger. Det erstatter heller ikke behovet for levende proteiner, for eksempel sm\u00e5 insekter.<\/p>\n<p>Dette tilleggsf\u00f4ret er fullt av kraftprotein som inneholder omtrent 50% rent naturlig protein.<br \/>\nI tillegg har produktet blitt f\u00f4ret med planteavfall uten plantevernmidler, noe som har en h\u00f8y \u00f8kologisk verdi ettersom det brukes mindre energi og vann i produksjonen.<\/p>\n<p>Merverdien for alle maurelskere er kombinasjonen av naturlig protein og belegget med naturlig honning. Maurene elsker og trenger dette for god yngelutvikling og sunn vekst av kolonien.<\/p>\n<p><strong>Bruksomr\u00e5de:<\/strong><br \/>\nFor f\u00f4ring b\u00f8r Candy Ant Snack deles i mindre porsjoner eller oppl\u00f8ses i vann.<\/p>\n<p><strong>Inneholder:<\/strong><br \/>\nNaturlig t\u00f8rket Acheta domesticus belagt med \u00f8kologisk honning. Ikke beregnet p\u00e5 konsum. Kun for maur.<br \/>\nOmtrentlig blandingsforhold 70% Acheta domesticus og 30% honning.<\/p>\n<p><strong>Lagring:<\/strong><br \/>\nKan gjenlukkes. Oppbevares p\u00e5 et m\u00f8rkt, kj\u00f8lig og t\u00f8rt sted.<\/p>\n<p><strong>Merk:<\/strong><br \/>\nSupplerende mat for maur.<br \/>\nSe pakningsvedlegget for sammensetning, analytiske ingredienser, holdbarhetsdato og partinummer.<\/p>\n<p>Informasjonstelefon +49 30 439703870<\/p>\n<p>Ansvarlig veterin\u00e6r- og mattilsyn:<br \/>\nSteglitz veterin\u00e6rkontor<br \/>\nK\u00f6nigin-Luise-Str. 92<br \/>\n14195 Berlin<\/p>","protected":false},"excerpt":{"rendered":"<p>Supplerende mat<\/p>","protected":false},"featured_media":4182,"comment_status":"open","ping_status":"closed","template":"","meta":{"_acf_changed":false,"content-type":"","_monsterinsights_skip_tracking":false,"_monsterinsights_sitenote_active":false,"_monsterinsights_sitenote_note":"","_monsterinsights_sitenote_category":0},"product_brand":[],"product_cat":[115,116],"product_tag":[],"class_list":{"0":"post-4175","1":"product","2":"type-product","3":"status-publish","4":"has-post-thumbnail","6":"product_cat-food-and-feeding","7":"product_cat-food","9":"first","10":"instock","11":"taxable","12":"shipping-taxable","13":"purchasable","14":"product-type-simple"},"acf":[],"aioseo_notices":[],"jetpack_sharing_enabled":true,"_links":{"self":[{"href":"https:\/\/antcube.shop\/nb\/wp-json\/wp\/v2\/product\/4175","targetHints":{"allow":["GET"]}}],"collection":[{"href":"https:\/\/antcube.shop\/nb\/wp-json\/wp\/v2\/product"}],"about":[{"href":"https:\/\/antcube.shop\/nb\/wp-json\/wp\/v2\/types\/product"}],"replies":[{"embeddable":true,"href":"https:\/\/antcube.shop\/nb\/wp-json\/wp\/v2\/comments?post=4175"}],"wp:featuredmedia":[{"embeddable":true,"href":"https:\/\/antcube.shop\/nb\/wp-json\/wp\/v2\/media\/4182"}],"wp:attachment":[{"href":"https:\/\/antcube.shop\/nb\/wp-json\/wp\/v2\/media?parent=4175"}],"wp:term":[{"taxonomy":"product_brand","embeddable":true,"href":"https:\/\/antcube.shop\/nb\/wp-json\/wp\/v2\/product_brand?post=4175"},{"taxonomy":"product_cat","embeddable":true,"href":"https:\/\/antcube.shop\/nb\/wp-json\/wp\/v2\/product_cat?post=4175"},{"taxonomy":"product_tag","embeddable":true,"href":"https:\/\/antcube.shop\/nb\/wp-json\/wp\/v2\/product_tag?post=4175"}],"curies":[{"name":"wp","href":"https:\/\/api.w.org\/{rel}","templated":true}]}}