{"id":4165,"date":"2022-02-28T11:41:35","date_gmt":"2022-02-28T10:41:35","guid":{"rendered":"https:\/\/antcube.shop\/produkt\/fixier-punkte-8-st\/"},"modified":"2026-04-05T12:30:31","modified_gmt":"2026-04-05T10:30:31","slug":"fixier-punkt-8-st","status":"publish","type":"product","link":"https:\/\/antcube.shop\/nb\/produkt\/fixier-punkt-8-st\/","title":{"rendered":"Festepunkter - 8 stk"},"content":{"rendered":"<p><strong>Dimensjoner (LxBxH):<\/strong> 12x12x3 mm (gjennomg\u00e5ende trapesform p\u00e5 toppen 10x10 mm).<\/p>\n<p><strong>Materiell:<\/strong> polyuretan uten myknere med selvklebende akrylat<\/p>\n<p><strong>Farge:<\/strong> gjennomsiktig<\/p>\n<p><strong>Innhold:<\/strong><br \/>\n8x festepunkter<\/p>\n<p><strong>Beskrivelse:<\/strong> For v\u00e5r maurarena deksel. Festepunktene er limt p\u00e5 bunnen av dekselet for \u00e5 forhindre at det glir av arenaen. Prikkene kan ogs\u00e5 brukes som f\u00f8tter for arenaen og ogs\u00e5 for innvendige arenainnsatser for \u00e5 beskytte dem mot \u00e5 velte.<\/p>","protected":false},"excerpt":{"rendered":"<p>Dimensjoner (LxBxH): 12x12x3 mm (gjennomg\u00e5ende trapesform p\u00e5 toppen 10x10mm). Materiale: polyuretan uten myknere med selvklebende akrylat Farge: gjennomsiktig Innhold: 8x festepunkter Beskrivelse: For v\u00e5r maur arena deksel. Festepunktene er limt til bunnen av dekselet for \u00e5 forhindre at det glir av arenaen. Prikkene kan ogs\u00e5 brukes som","protected":false},"featured_media":4178,"comment_status":"open","ping_status":"closed","template":"","meta":{"_acf_changed":false,"content-type":"","_monsterinsights_skip_tracking":false,"_monsterinsights_sitenote_active":false,"_monsterinsights_sitenote_note":"","_monsterinsights_sitenote_category":0},"product_brand":[],"product_cat":[92,237],"product_tag":[],"class_list":{"0":"post-4165","1":"product","2":"type-product","3":"status-publish","4":"has-post-thumbnail","6":"product_cat-arena-cover","7":"product_cat-tools","9":"first","10":"instock","11":"taxable","12":"shipping-taxable","13":"purchasable","14":"product-type-simple"},"acf":[],"aioseo_notices":[],"jetpack_sharing_enabled":true,"_links":{"self":[{"href":"https:\/\/antcube.shop\/nb\/wp-json\/wp\/v2\/product\/4165","targetHints":{"allow":["GET"]}}],"collection":[{"href":"https:\/\/antcube.shop\/nb\/wp-json\/wp\/v2\/product"}],"about":[{"href":"https:\/\/antcube.shop\/nb\/wp-json\/wp\/v2\/types\/product"}],"replies":[{"embeddable":true,"href":"https:\/\/antcube.shop\/nb\/wp-json\/wp\/v2\/comments?post=4165"}],"wp:featuredmedia":[{"embeddable":true,"href":"https:\/\/antcube.shop\/nb\/wp-json\/wp\/v2\/media\/4178"}],"wp:attachment":[{"href":"https:\/\/antcube.shop\/nb\/wp-json\/wp\/v2\/media?parent=4165"}],"wp:term":[{"taxonomy":"product_brand","embeddable":true,"href":"https:\/\/antcube.shop\/nb\/wp-json\/wp\/v2\/product_brand?post=4165"},{"taxonomy":"product_cat","embeddable":true,"href":"https:\/\/antcube.shop\/nb\/wp-json\/wp\/v2\/product_cat?post=4165"},{"taxonomy":"product_tag","embeddable":true,"href":"https:\/\/antcube.shop\/nb\/wp-json\/wp\/v2\/product_tag?post=4165"}],"curies":[{"name":"wp","href":"https:\/\/api.w.org\/{rel}","templated":true}]}}