{"id":4145,"date":"2022-02-14T15:54:25","date_gmt":"2022-02-14T14:54:25","guid":{"rendered":"https:\/\/antcube.shop\/produkt\/ant-nuggets-20g\/"},"modified":"2026-04-08T08:48:09","modified_gmt":"2026-04-08T06:48:09","slug":"ant-nuggets-20g","status":"publish","type":"product","link":"https:\/\/antcube.shop\/nb\/produkt\/ant-nuggets-20g\/","title":{"rendered":"Ant Nuggets - 20g"},"content":{"rendered":"<p><strong>Innhold:<\/strong><br \/>\n20g<\/p>\n<p><strong>Beskrivelse:<\/strong><br \/>\nDette er et rent naturprodukt. V\u00e5re Ant Nuggets, ble n\u00f8ye samlet i den ville naturen i Bulgaria av bir\u00f8ktere. Enkel ford\u00f8yelse p\u00e5 grunn av naturlig gj\u00e6ring. Takket v\u00e6re proteiner av h\u00f8y kvalitet er det nesten en komplett mat (erstatter honning \/ sukker og proteiner) for de fleste formicoide maurarter som Lasius sp., Camponotus sp. eller Messor sp. og til og med bladkuttermaur elsker det. Det erstatter ikke ferskvannsmaurens behov. Det erstatter heller ikke behovet for levende proteiner, for eksempel sm\u00e5 insekter.<\/p>\n<p><strong>Bruksomr\u00e5de:<\/strong><br \/>\nFor f\u00f4ring b\u00f8r Ant Nuggets deles i mindre porsjoner eller oppl\u00f8ses i vann.<\/p>\n<p><strong>Inneholder:<\/strong><br \/>\n100% naturlig fermentert blomsterpollen. Ikke beregnet p\u00e5 konsum. Kun for maur.<\/p>\n<p><strong>Lagring:<\/strong><br \/>\nKan gjenlukkes. Oppbevares p\u00e5 et m\u00f8rkt, kj\u00f8lig og t\u00f8rt sted.<\/p>\n<p><strong>Merk:<\/strong><br \/>\nSupplerende mat for maur.<br \/>\nSe pakningsvedlegget for sammensetning, analytiske ingredienser, holdbarhetsdato og partinummer.<\/p>\n<p>Informasjonstelefon +49 30 439703870<\/p>\n<p>Ansvarlig veterin\u00e6r- og mattilsyn:<br \/>\nSteglitz veterin\u00e6rkontor<br \/>\nK\u00f6nigin-Luise-Str. 92<br \/>\n14195 Berlin<\/p>","protected":false},"excerpt":{"rendered":"<p>Supplerende mat<\/p>","protected":false},"featured_media":4149,"comment_status":"open","ping_status":"closed","template":"","meta":{"_acf_changed":false,"content-type":"","_monsterinsights_skip_tracking":false,"_monsterinsights_sitenote_active":false,"_monsterinsights_sitenote_note":"","_monsterinsights_sitenote_category":0},"product_brand":[],"product_cat":[115,116],"product_tag":[],"class_list":{"0":"post-4145","1":"product","2":"type-product","3":"status-publish","4":"has-post-thumbnail","6":"product_cat-food-and-feeding","7":"product_cat-food","9":"first","10":"instock","11":"taxable","12":"shipping-taxable","13":"purchasable","14":"product-type-simple"},"acf":[],"aioseo_notices":[],"jetpack_sharing_enabled":true,"_links":{"self":[{"href":"https:\/\/antcube.shop\/nb\/wp-json\/wp\/v2\/product\/4145","targetHints":{"allow":["GET"]}}],"collection":[{"href":"https:\/\/antcube.shop\/nb\/wp-json\/wp\/v2\/product"}],"about":[{"href":"https:\/\/antcube.shop\/nb\/wp-json\/wp\/v2\/types\/product"}],"replies":[{"embeddable":true,"href":"https:\/\/antcube.shop\/nb\/wp-json\/wp\/v2\/comments?post=4145"}],"wp:featuredmedia":[{"embeddable":true,"href":"https:\/\/antcube.shop\/nb\/wp-json\/wp\/v2\/media\/4149"}],"wp:attachment":[{"href":"https:\/\/antcube.shop\/nb\/wp-json\/wp\/v2\/media?parent=4145"}],"wp:term":[{"taxonomy":"product_brand","embeddable":true,"href":"https:\/\/antcube.shop\/nb\/wp-json\/wp\/v2\/product_brand?post=4145"},{"taxonomy":"product_cat","embeddable":true,"href":"https:\/\/antcube.shop\/nb\/wp-json\/wp\/v2\/product_cat?post=4145"},{"taxonomy":"product_tag","embeddable":true,"href":"https:\/\/antcube.shop\/nb\/wp-json\/wp\/v2\/product_tag?post=4145"}],"curies":[{"name":"wp","href":"https:\/\/api.w.org\/{rel}","templated":true}]}}