{"id":4143,"date":"2022-02-14T15:34:07","date_gmt":"2022-02-14T14:34:07","guid":{"rendered":"https:\/\/antcube.shop\/produkt\/bodengrund-sand-lehm-weis-200g\/"},"modified":"2026-04-04T03:59:10","modified_gmt":"2026-04-04T01:59:10","slug":"bodengrund-sand-lehm-weis-200g","status":"publish","type":"product","link":"https:\/\/antcube.shop\/nb\/produkt\/bodengrund-sand-lehm-weis-200g\/","title":{"rendered":"jord - sand leire blanding hvit - 200g"},"content":{"rendered":"<p><strong>Innhold:<\/strong> 200g<\/p>\n<p><strong>Materiell:<\/strong> sand, kalk, kalkbinding<\/p>\n<p><strong>Farge:<\/strong> hvit<\/p>\n<p><strong>Blandingsforhold:<\/strong> gravevennlig<\/p>\n<p><strong>Beskrivelse:<\/strong> Denne ferdige sand-leireblandingen er et rent naturprodukt. Fargen kommer fra hvit kalksand. Styrken kommer fra en bindende kalkblanding, som er ufarlig for dyrene.<\/p>\n<p><strong>Bruk:<\/strong> Gravejord, kan brukes til reir og arenaomr\u00e5der! Har \u00f8kt styrke i forhold til jordbeige, selv n\u00e5r den er v\u00e5t.<\/p>\n<p><strong>Merk:<\/strong> siden dette er et rent naturprodukt, kan det v\u00e6re sm\u00e5 forskjeller i farge og struktur som vi ikke kan p\u00e5virke.<\/p>\n<p><strong>Viktig:<\/strong> Fukt substratet f\u00f8r bruk, slik at blandingen kan kombinere og utvikle et fast grep i maurfarmen. I tillegg kan for t\u00f8rt og st\u00f8vete substrat f\u00f8re til blokkering av maurens luftveier og i verste fall kveles dyrene.<\/p>","protected":false},"excerpt":{"rendered":"<p>Naturlig substrat - kan graves<\/p>","protected":false},"featured_media":4386,"comment_status":"open","ping_status":"closed","template":"","meta":{"_acf_changed":false,"content-type":"","_monsterinsights_skip_tracking":false,"_monsterinsights_sitenote_active":false,"_monsterinsights_sitenote_note":"","_monsterinsights_sitenote_category":0},"product_brand":[],"product_cat":[96],"product_tag":[],"class_list":{"0":"post-4143","1":"product","2":"type-product","3":"status-publish","4":"has-post-thumbnail","6":"product_cat-soil","8":"first","9":"instock","10":"taxable","11":"shipping-taxable","12":"purchasable","13":"product-type-simple"},"acf":[],"aioseo_notices":[],"jetpack_sharing_enabled":true,"_links":{"self":[{"href":"https:\/\/antcube.shop\/nb\/wp-json\/wp\/v2\/product\/4143","targetHints":{"allow":["GET"]}}],"collection":[{"href":"https:\/\/antcube.shop\/nb\/wp-json\/wp\/v2\/product"}],"about":[{"href":"https:\/\/antcube.shop\/nb\/wp-json\/wp\/v2\/types\/product"}],"replies":[{"embeddable":true,"href":"https:\/\/antcube.shop\/nb\/wp-json\/wp\/v2\/comments?post=4143"}],"wp:featuredmedia":[{"embeddable":true,"href":"https:\/\/antcube.shop\/nb\/wp-json\/wp\/v2\/media\/4386"}],"wp:attachment":[{"href":"https:\/\/antcube.shop\/nb\/wp-json\/wp\/v2\/media?parent=4143"}],"wp:term":[{"taxonomy":"product_brand","embeddable":true,"href":"https:\/\/antcube.shop\/nb\/wp-json\/wp\/v2\/product_brand?post=4143"},{"taxonomy":"product_cat","embeddable":true,"href":"https:\/\/antcube.shop\/nb\/wp-json\/wp\/v2\/product_cat?post=4143"},{"taxonomy":"product_tag","embeddable":true,"href":"https:\/\/antcube.shop\/nb\/wp-json\/wp\/v2\/product_tag?post=4143"}],"curies":[{"name":"wp","href":"https:\/\/api.w.org\/{rel}","templated":true}]}}