{"id":4047,"date":"2021-11-30T15:12:53","date_gmt":"2021-11-30T14:12:53","guid":{"rendered":"https:\/\/antcube.shop\/produkt\/enamel-mug\/"},"modified":"2024-12-12T12:25:27","modified_gmt":"2024-12-12T11:25:27","slug":"emalje-krus","status":"publish","type":"product","link":"https:\/\/antcube.shop\/nb\/produkt\/emalje-krus\/","title":{"rendered":"Emaljekrus"},"content":{"rendered":"<p>Alle glade bobiler trenger et unikt bobilkrus. Den er lett, slitesterk og multifunksjonell. Bruk det til favorittdrikken din eller et varmt m\u00e5ltid, og fest det til vesken din for enkel tilgang p\u00e5 tur.<\/p>\n<p>- Materiale: Emalje<br \/>\n- Dimensjoner: h\u00f8yde 3.14\u2033 (8 cm), diameter 3.25\u2033 (8.25 cm)<br \/>\n- Hvitt belegg med s\u00f8lvkant<br \/>\n- Kun h\u00e5ndvask<br \/>\n- Blanke produkter fra Kina<\/p>\n<p><strong>OBS! Ikke varm opp v\u00e6sker eller mat direkte i kruset - det kan skade belegget.<\/strong><\/p>","protected":false},"excerpt":{"rendered":"<p>Alle glade bobiler trenger et unikt bobilkrus. Det er lett, slitesterkt og multifunksjonelt. Bruk det til favorittdrikken din eller et varmt m\u00e5ltid, og fest det til bagen for enkel tilgang p\u00e5 tur. - Materiale: Emalje: Emalje - M\u00e5l: h\u00f8yde 3,14\u2033 (8 cm), diameter 3,25\u2033(8,25 cm) - Hvitt belegg med s\u00f8lvkant - [...]","protected":false},"featured_media":4048,"comment_status":"open","ping_status":"closed","template":"","meta":{"_acf_changed":false,"content-type":"","_monsterinsights_skip_tracking":false,"_monsterinsights_sitenote_active":false,"_monsterinsights_sitenote_note":"","_monsterinsights_sitenote_category":0},"product_brand":[],"product_cat":[245],"product_tag":[],"class_list":{"0":"post-4047","1":"product","2":"type-product","3":"status-publish","4":"has-post-thumbnail","6":"product_cat-merchandise","8":"first","9":"instock","10":"taxable","11":"shipping-taxable","12":"purchasable","13":"product-type-simple"},"acf":[],"aioseo_notices":[],"jetpack_sharing_enabled":true,"_links":{"self":[{"href":"https:\/\/antcube.shop\/nb\/wp-json\/wp\/v2\/product\/4047","targetHints":{"allow":["GET"]}}],"collection":[{"href":"https:\/\/antcube.shop\/nb\/wp-json\/wp\/v2\/product"}],"about":[{"href":"https:\/\/antcube.shop\/nb\/wp-json\/wp\/v2\/types\/product"}],"replies":[{"embeddable":true,"href":"https:\/\/antcube.shop\/nb\/wp-json\/wp\/v2\/comments?post=4047"}],"wp:featuredmedia":[{"embeddable":true,"href":"https:\/\/antcube.shop\/nb\/wp-json\/wp\/v2\/media\/4048"}],"wp:attachment":[{"href":"https:\/\/antcube.shop\/nb\/wp-json\/wp\/v2\/media?parent=4047"}],"wp:term":[{"taxonomy":"product_brand","embeddable":true,"href":"https:\/\/antcube.shop\/nb\/wp-json\/wp\/v2\/product_brand?post=4047"},{"taxonomy":"product_cat","embeddable":true,"href":"https:\/\/antcube.shop\/nb\/wp-json\/wp\/v2\/product_cat?post=4047"},{"taxonomy":"product_tag","embeddable":true,"href":"https:\/\/antcube.shop\/nb\/wp-json\/wp\/v2\/product_tag?post=4047"}],"curies":[{"name":"wp","href":"https:\/\/api.w.org\/{rel}","templated":true}]}}