{"id":3957,"date":"2021-11-30T13:32:38","date_gmt":"2021-11-30T12:32:38","guid":{"rendered":"https:\/\/antcube.shop\/produkt\/mens-high-top-canvas-shoes\/"},"modified":"2024-12-12T12:25:45","modified_gmt":"2024-12-12T11:25:45","slug":"mens-high-top-canvas-shoes","status":"publish","type":"product","link":"https:\/\/antcube.shop\/nb\/produkt\/mens-high-top-canvas-shoes\/","title":{"rendered":"H\u00f8ye lerretssko for menn"},"content":{"rendered":"<p>G\u00e5 opp skospillet ditt med High Top Canvas Shoes. Disse h\u00e5ndlagde, trendy skoene vil garantert piffe opp antrekket ditt. F\u00e5 din n\u00e5!<\/p>\n<p>- 100% polyester, lerret p\u00e5 oversiden<br \/>\n- Ytters\u00e5le av etylenvinylacetat (EVA) gummi.<br \/>\n- Pustende f\u00f4r, myk inners\u00e5le<br \/>\n- T\u00e5hette i imitert skinn<br \/>\n- Hvite blonder<br \/>\n- Polstret krage, sn\u00f8resn\u00f8ring foran<br \/>\n- Blanke produkter fra Kina<\/p>\n<p><strong>Viktig:<\/strong> Dette produktet er tilgjengelig i f\u00f8lgende land: USA, Canada, Australia, New Zealand og Japan. Hvis leveringsadressen din er utenfor disse landene, m\u00e5 du velge et annet produkt.<\/p>\n<p><strong>Ansvarsfraskrivelse:<\/strong> Skoene vil ha en limlignende lukt n\u00e5r du \u00e5pner esken. Lukten vil forsvinne noen dager etter at skoene er pakket ut.<\/p>","protected":false},"excerpt":{"rendered":"<p>G\u00e5 opp skospillet ditt med High Top Canvas Shoes. Disse h\u00e5ndlagde, trendy skoene vil garantert piffe opp antrekket ditt. F\u00e5 din n\u00e5! - 100% polyester, overside i lerret - Ytters\u00e5le i etylen-vinylacetat (EVA) gummi - Pustende f\u00f4r, myk inners\u00e5le - T\u00e5kappe i imitert skinn - Hvite sn\u00f8reb\u00e5nd - Polstret krage, sn\u00f8ring foran","protected":false},"featured_media":3975,"comment_status":"open","ping_status":"closed","template":"","meta":{"_acf_changed":false,"content-type":"","_monsterinsights_skip_tracking":false,"_monsterinsights_sitenote_active":false,"_monsterinsights_sitenote_note":"","_monsterinsights_sitenote_category":0},"product_brand":[],"product_cat":[245],"product_tag":[],"class_list":{"0":"post-3957","1":"product","2":"type-product","3":"status-publish","4":"has-post-thumbnail","6":"product_cat-merchandise","8":"first","9":"instock","10":"taxable","11":"shipping-taxable","12":"purchasable","13":"product-type-variable"},"acf":[],"aioseo_notices":[],"jetpack_sharing_enabled":true,"_links":{"self":[{"href":"https:\/\/antcube.shop\/nb\/wp-json\/wp\/v2\/product\/3957","targetHints":{"allow":["GET"]}}],"collection":[{"href":"https:\/\/antcube.shop\/nb\/wp-json\/wp\/v2\/product"}],"about":[{"href":"https:\/\/antcube.shop\/nb\/wp-json\/wp\/v2\/types\/product"}],"replies":[{"embeddable":true,"href":"https:\/\/antcube.shop\/nb\/wp-json\/wp\/v2\/comments?post=3957"}],"wp:featuredmedia":[{"embeddable":true,"href":"https:\/\/antcube.shop\/nb\/wp-json\/wp\/v2\/media\/3975"}],"wp:attachment":[{"href":"https:\/\/antcube.shop\/nb\/wp-json\/wp\/v2\/media?parent=3957"}],"wp:term":[{"taxonomy":"product_brand","embeddable":true,"href":"https:\/\/antcube.shop\/nb\/wp-json\/wp\/v2\/product_brand?post=3957"},{"taxonomy":"product_cat","embeddable":true,"href":"https:\/\/antcube.shop\/nb\/wp-json\/wp\/v2\/product_cat?post=3957"},{"taxonomy":"product_tag","embeddable":true,"href":"https:\/\/antcube.shop\/nb\/wp-json\/wp\/v2\/product_tag?post=3957"}],"curies":[{"name":"wp","href":"https:\/\/api.w.org\/{rel}","templated":true}]}}