{"id":3874,"date":"2021-11-23T18:18:59","date_gmt":"2021-11-23T17:18:59","guid":{"rendered":"https:\/\/antcube.shop\/produkt\/ameisen-spiralturm-l-20\/"},"modified":"2026-03-31T18:19:05","modified_gmt":"2026-03-31T16:19:05","slug":"ameisen-spiralturm-l-20","status":"publish","type":"product","link":"https:\/\/antcube.shop\/nb\/produkt\/ameisen-spiralturm-l-20\/","title":{"rendered":"Myrspiralt\u00e5rn L - 20"},"content":{"rendered":"<div><strong>Dimensjoner<\/strong>: 19x19x20cm; <strong>L<\/strong> for slange 20\/16 mm<\/div>\n<div><\/div>\n<div><strong>Materiell<\/strong>: PMMA, PVC<\/div>\n<div><\/div>\n<div><strong>Farge<\/strong>: krystallklar, gjennomsiktig, gjennomskinnelig<\/div>\n<div><\/div>\n<div><strong>Innhold<\/strong>:<\/div>\n<div>2x bunn \/ dekkplate<\/div>\n<div>2x slangetilgang for 20\/16 mm slange<\/div>\n<div>4x slanges\u00f8yle for 20\/16 mm slange<\/div>\n<div>10x klemmepinne<\/div>\n<div>4 m slange 20\/16 mm<\/div>\n<div><strong>Merknad<\/strong>: Delene leveres som et sett eller plug-in-system. Ingen liming er n\u00f8dvendig.<\/div>\n<div><\/div>\n<div><strong>Tilkobling<\/strong>:<\/div>\n<div>2x slange 20\/16 mm<\/div>\n<div><\/div>\n<div><strong>Beskrivelse<\/strong>: Maurspiralt\u00e5rnet brukes til \u00e5 bygge bro over h\u00f8yden fra arenaen til maurfarmen og gir i tillegg dyrene mye gangavstand p\u00e5 en kompakt plass. Den ekstra gangavstanden simulerer stiene som maur m\u00e5 dekke i naturen til matkildene sine og kan ha en positiv effekt p\u00e5 maurkoloniens utvikling og atferd.<\/div>\n<div><\/div>\n<div><strong>Bruksomr\u00e5de<\/strong>for maurfarmer av st\u00f8rrelse <strong>L<\/strong><\/div>","protected":false},"excerpt":{"rendered":"<p><strong>Tilkobling<\/strong>: slange 20\/16 mm<br \/>\nSt\u00f8rrelse <strong>L<\/strong><\/p>","protected":false},"featured_media":3878,"comment_status":"open","ping_status":"closed","template":"","meta":{"_acf_changed":false,"content-type":"","_monsterinsights_skip_tracking":false,"_monsterinsights_sitenote_active":false,"_monsterinsights_sitenote_note":"","_monsterinsights_sitenote_category":0},"product_brand":[],"product_cat":[119,256],"product_tag":[],"class_list":{"0":"post-3874","1":"product","2":"type-product","3":"status-publish","4":"has-post-thumbnail","6":"product_cat-formicarium-components","7":"product_cat-spiral-tower","9":"first","10":"instock","11":"taxable","12":"shipping-taxable","13":"purchasable","14":"product-type-simple"},"acf":[],"aioseo_notices":[],"jetpack_sharing_enabled":true,"_links":{"self":[{"href":"https:\/\/antcube.shop\/nb\/wp-json\/wp\/v2\/product\/3874","targetHints":{"allow":["GET"]}}],"collection":[{"href":"https:\/\/antcube.shop\/nb\/wp-json\/wp\/v2\/product"}],"about":[{"href":"https:\/\/antcube.shop\/nb\/wp-json\/wp\/v2\/types\/product"}],"replies":[{"embeddable":true,"href":"https:\/\/antcube.shop\/nb\/wp-json\/wp\/v2\/comments?post=3874"}],"wp:featuredmedia":[{"embeddable":true,"href":"https:\/\/antcube.shop\/nb\/wp-json\/wp\/v2\/media\/3878"}],"wp:attachment":[{"href":"https:\/\/antcube.shop\/nb\/wp-json\/wp\/v2\/media?parent=3874"}],"wp:term":[{"taxonomy":"product_brand","embeddable":true,"href":"https:\/\/antcube.shop\/nb\/wp-json\/wp\/v2\/product_brand?post=3874"},{"taxonomy":"product_cat","embeddable":true,"href":"https:\/\/antcube.shop\/nb\/wp-json\/wp\/v2\/product_cat?post=3874"},{"taxonomy":"product_tag","embeddable":true,"href":"https:\/\/antcube.shop\/nb\/wp-json\/wp\/v2\/product_tag?post=3874"}],"curies":[{"name":"wp","href":"https:\/\/api.w.org\/{rel}","templated":true}]}}