{"id":3611,"date":"2021-11-19T12:49:31","date_gmt":"2021-11-19T11:49:31","guid":{"rendered":"https:\/\/antcube.shop\/produkt\/dad-hat\/"},"modified":"2024-12-12T12:26:53","modified_gmt":"2024-12-12T11:26:53","slug":"pappahatt","status":"publish","type":"product","link":"https:\/\/antcube.shop\/nb\/produkt\/pappahatt\/","title":{"rendered":"Pappahatt"},"content":{"rendered":"<p>Pappahatter er ikke bare for pappaer. Denne har en lav profil med justerbar stropp og buet visir.<\/p>\n<p>- 100% chino bomullstwill<br \/>- Gr\u00f8nn Camo farge er 35% chino bomull twill, 65% polyester<br \/>- Ustrukturert, 6-paneler, lav profil<br \/>- 6 broderte maljer<br \/>- 3 \u215b\" (7,6 cm) kronen<br \/>- Justerbar stropp med antikk spenne<br \/>- Blanke produkter fra Vietnam eller Bangladesh<\/p>\n<p>\u00a0<\/p>\n<p>Levering og produksjon av produkter i kategorien Merchandise h\u00e5ndteres av v\u00e5r partner PRINTFUL. Ved \u00e5 bestille et av disse produktene godtar du vilk\u00e5rene og betingelsene, personvernreglene og returpolitikken til PRINTFUL.\u00a0<\/p>\n<p><a href=\"https:\/\/www.printful.com\/policies\/terms-of-service\">Finn PRINTFULs vilk\u00e5r og betingelser her.<\/a><\/p>\n<p><a href=\"https:\/\/www.printful.com\/policies\/returns\">Finn PRINTFULs retningslinjer for retur her.<\/a><\/p>\n<p><a href=\"https:\/\/www.printful.com\/policies\/privacy\">Finn PRINTFULs retningslinjer for personvern her.<\/a><\/p>","protected":false},"excerpt":{"rendered":"<p>Pappahatter er ikke bare for pappaer. Denne har en lav profil med justerbar stropp og buet visir. - 100% chino bomullstwill- Gr\u00f8nn Camo-farge er 35% chino bomullstwill, 65% polyester- Ustrukturert, 6-panel, lav profil- 6 broderte maljer- 3 \u215b \"(7.6 cm) krone- Justerbar stropp med antikk spenne- Blankt produkt hentet fra Vietnam","protected":false},"featured_media":3613,"comment_status":"open","ping_status":"closed","template":"","meta":{"_acf_changed":false,"content-type":"","_monsterinsights_skip_tracking":false,"_monsterinsights_sitenote_active":false,"_monsterinsights_sitenote_note":"","_monsterinsights_sitenote_category":0},"product_brand":[],"product_cat":[245],"product_tag":[],"class_list":{"0":"post-3611","1":"product","2":"type-product","3":"status-publish","4":"has-post-thumbnail","6":"product_cat-merchandise","8":"first","9":"instock","10":"taxable","11":"shipping-taxable","12":"purchasable","13":"product-type-simple"},"acf":[],"aioseo_notices":[],"jetpack_sharing_enabled":true,"_links":{"self":[{"href":"https:\/\/antcube.shop\/nb\/wp-json\/wp\/v2\/product\/3611","targetHints":{"allow":["GET"]}}],"collection":[{"href":"https:\/\/antcube.shop\/nb\/wp-json\/wp\/v2\/product"}],"about":[{"href":"https:\/\/antcube.shop\/nb\/wp-json\/wp\/v2\/types\/product"}],"replies":[{"embeddable":true,"href":"https:\/\/antcube.shop\/nb\/wp-json\/wp\/v2\/comments?post=3611"}],"wp:featuredmedia":[{"embeddable":true,"href":"https:\/\/antcube.shop\/nb\/wp-json\/wp\/v2\/media\/3613"}],"wp:attachment":[{"href":"https:\/\/antcube.shop\/nb\/wp-json\/wp\/v2\/media?parent=3611"}],"wp:term":[{"taxonomy":"product_brand","embeddable":true,"href":"https:\/\/antcube.shop\/nb\/wp-json\/wp\/v2\/product_brand?post=3611"},{"taxonomy":"product_cat","embeddable":true,"href":"https:\/\/antcube.shop\/nb\/wp-json\/wp\/v2\/product_cat?post=3611"},{"taxonomy":"product_tag","embeddable":true,"href":"https:\/\/antcube.shop\/nb\/wp-json\/wp\/v2\/product_tag?post=3611"}],"curies":[{"name":"wp","href":"https:\/\/api.w.org\/{rel}","templated":true}]}}