{"id":3599,"date":"2021-11-19T12:47:56","date_gmt":"2021-11-19T11:47:56","guid":{"rendered":"https:\/\/antcube.shop\/produkt\/premium-eco-hoodie\/"},"modified":"2024-12-12T12:27:02","modified_gmt":"2024-12-12T11:27:02","slug":"premium-eco-hoodie","status":"publish","type":"product","link":"https:\/\/antcube.shop\/nb\/produkt\/premium-eco-hoodie\/","title":{"rendered":"Premium \u00f8ko-hettegenser"},"content":{"rendered":"<p>M\u00f8t den f\u00f8rsteklasses hettegenseren laget av organiske og resirkulerte materialer. Med sin komfortable passform, lomme foran og hette med to lag er hettegenseren et klassisk streetwear-plagg som kan styles med mange forskjellige looks.<\/p>\n<p>- 85% \u00f8kologisk bomull, 15% resirkulert polyester<br \/>\n- Ribbing: 97% \u00f8kologisk bomull, 3% elastan<br \/>\n- B\u00f8rstet fleecestoff innvendig<br \/>\n- Komfortabel unisex-passform<br \/>\n- Dobbeltlags hette<br \/>\n- Flate snorer med metallmaljer for en f\u00f8rsteklasses f\u00f8lelse<br \/>\n- Kengurulomme<br \/>\n- Innvendig\/utvendig etikettlapp for merkevarebygging<br \/>\n- Avrivbar vedlikeholdsetikett<\/p>\n<p>&nbsp;<\/p>\n<p>Levering og produksjon av produkter i kategorien Merchandise h\u00e5ndteres av v\u00e5r partner PRINTFUL. Ved \u00e5 bestille et av disse produktene godtar du vilk\u00e5rene og betingelsene, personvernreglene og returpolitikken til PRINTFUL.<\/p>\n<p><a href=\"https:\/\/www.printful.com\/policies\/terms-of-service\">Finn PRINTFULs vilk\u00e5r og betingelser her.<\/a><\/p>\n<p><a href=\"https:\/\/www.printful.com\/policies\/returns\">Finn PRINTFULs retningslinjer for retur her.<\/a><\/p>\n<p><a href=\"https:\/\/www.printful.com\/policies\/privacy\">Finn PRINTFULs retningslinjer for personvern her.<\/a><\/p>","protected":false},"excerpt":{"rendered":"<p>M\u00f8t den f\u00f8rsteklasses hettegenseren laget av organiske og resirkulerte materialer. Med sin komfortable passform, lomme foran og hette med to lag er hettegenseren et klassisk streetwear-plagg som kan styles med mange forskjellige looks. - 85% \u00f8kologisk bomull, 15% resirkulert polyester - Ribbing: 97% \u00f8kologisk bomull, 3% elastan - B\u00f8rstet fleecestoff p\u00e5 innsiden","protected":false},"featured_media":3607,"comment_status":"open","ping_status":"closed","template":"","meta":{"_acf_changed":false,"content-type":"","_monsterinsights_skip_tracking":false,"_monsterinsights_sitenote_active":false,"_monsterinsights_sitenote_note":"","_monsterinsights_sitenote_category":0},"product_brand":[],"product_cat":[245],"product_tag":[],"class_list":{"0":"post-3599","1":"product","2":"type-product","3":"status-publish","4":"has-post-thumbnail","6":"product_cat-merchandise","8":"first","9":"instock","10":"taxable","11":"shipping-taxable","12":"purchasable","13":"product-type-variable"},"acf":[],"aioseo_notices":[],"jetpack_sharing_enabled":true,"_links":{"self":[{"href":"https:\/\/antcube.shop\/nb\/wp-json\/wp\/v2\/product\/3599","targetHints":{"allow":["GET"]}}],"collection":[{"href":"https:\/\/antcube.shop\/nb\/wp-json\/wp\/v2\/product"}],"about":[{"href":"https:\/\/antcube.shop\/nb\/wp-json\/wp\/v2\/types\/product"}],"replies":[{"embeddable":true,"href":"https:\/\/antcube.shop\/nb\/wp-json\/wp\/v2\/comments?post=3599"}],"wp:featuredmedia":[{"embeddable":true,"href":"https:\/\/antcube.shop\/nb\/wp-json\/wp\/v2\/media\/3607"}],"wp:attachment":[{"href":"https:\/\/antcube.shop\/nb\/wp-json\/wp\/v2\/media?parent=3599"}],"wp:term":[{"taxonomy":"product_brand","embeddable":true,"href":"https:\/\/antcube.shop\/nb\/wp-json\/wp\/v2\/product_brand?post=3599"},{"taxonomy":"product_cat","embeddable":true,"href":"https:\/\/antcube.shop\/nb\/wp-json\/wp\/v2\/product_cat?post=3599"},{"taxonomy":"product_tag","embeddable":true,"href":"https:\/\/antcube.shop\/nb\/wp-json\/wp\/v2\/product_tag?post=3599"}],"curies":[{"name":"wp","href":"https:\/\/api.w.org\/{rel}","templated":true}]}}