{"id":3575,"date":"2021-11-19T12:45:26","date_gmt":"2021-11-19T11:45:26","guid":{"rendered":"https:\/\/antcube.shop\/produkt\/unisex-organic-cotton-t-shirt\/"},"modified":"2024-12-12T12:27:10","modified_gmt":"2024-12-12T11:27:10","slug":"unisex-organisk-bomull-t-skjorte","status":"publish","type":"product","link":"https:\/\/antcube.shop\/nb\/produkt\/unisex-organisk-bomull-t-skjorte\/","title":{"rendered":"Unisex t-skjorte i \u00f8kologisk bomull"},"content":{"rendered":"<p>Denne unisex-t-skjorten er laget av 100% \u00f8kologisk ringspunnet bomull og er et absolutt must-have. Den er av h\u00f8y kvalitet, superkomfortabel og best av alt - milj\u00f8vennlig.<\/p>\n<p>- 100% \u00f8kologisk ringspunnet bomull<br \/>\n- Stoffvekt: 5,3 oz\/yd\u00b2 (180 g\/m\u00b2)<br \/>\n- Enkel tr\u00f8ye<br \/>\n- Middels passform<br \/>\n- Innsatte ermer<br \/>\n- 1 \u00d7 1 ribbe ved krage<br \/>\n- Bred dobbelts\u00f8m p\u00e5 ermene og nederst p\u00e5 ermene.<br \/>\n- Nakkeb\u00e5nd av eget stoff (innvendig, bak i nakken)<br \/>\n- Blanke produkter fra Kina eller Bangladesh<\/p>\n<p>&nbsp;<\/p>\n<p>Levering og produksjon av produkter i kategorien Merchandise h\u00e5ndteres av v\u00e5r partner PRINTFUL. Ved \u00e5 bestille et av disse produktene godtar du vilk\u00e5rene og betingelsene, personvernreglene og returpolitikken til PRINTFUL.<\/p>\n<p><a href=\"https:\/\/www.printful.com\/policies\/terms-of-service\">Finn PRINTFULs vilk\u00e5r og betingelser her.<\/a><\/p>\n<p><a href=\"https:\/\/www.printful.com\/policies\/returns\">Finn PRINTFULs retningslinjer for retur her.<\/a><\/p>\n<p><a href=\"https:\/\/www.printful.com\/policies\/privacy\">Finn PRINTFULs retningslinjer for personvern her.<\/a><\/p>","protected":false},"excerpt":{"rendered":"<p>Denne unisex-t-skjorten er laget av 100% \u00f8kologisk ringspunnet bomull og er et absolutt must-have. Den er av h\u00f8y kvalitet, superkomfortabel og best av alt - milj\u00f8vennlig. - 100% \u00f8kologisk ringspunnet bomull - Stoffvekt: 5,3 oz\/yd\u00b2 (180 g\/m\u00b2) - Single jersey - Middels passform - Innsatte ermer - 1 \u00d7 1 ribbe i kragen - Bred dobbeln\u00e5lss\u00f8m p\u00e5 ermene.","protected":false},"featured_media":3582,"comment_status":"open","ping_status":"closed","template":"","meta":{"_acf_changed":false,"content-type":"","_monsterinsights_skip_tracking":false,"_monsterinsights_sitenote_active":false,"_monsterinsights_sitenote_note":"","_monsterinsights_sitenote_category":0},"product_brand":[],"product_cat":[245],"product_tag":[],"class_list":{"0":"post-3575","1":"product","2":"type-product","3":"status-publish","4":"has-post-thumbnail","6":"product_cat-merchandise","8":"first","9":"instock","10":"taxable","11":"shipping-taxable","12":"purchasable","13":"product-type-variable"},"acf":[],"aioseo_notices":[],"jetpack_sharing_enabled":true,"_links":{"self":[{"href":"https:\/\/antcube.shop\/nb\/wp-json\/wp\/v2\/product\/3575","targetHints":{"allow":["GET"]}}],"collection":[{"href":"https:\/\/antcube.shop\/nb\/wp-json\/wp\/v2\/product"}],"about":[{"href":"https:\/\/antcube.shop\/nb\/wp-json\/wp\/v2\/types\/product"}],"replies":[{"embeddable":true,"href":"https:\/\/antcube.shop\/nb\/wp-json\/wp\/v2\/comments?post=3575"}],"wp:featuredmedia":[{"embeddable":true,"href":"https:\/\/antcube.shop\/nb\/wp-json\/wp\/v2\/media\/3582"}],"wp:attachment":[{"href":"https:\/\/antcube.shop\/nb\/wp-json\/wp\/v2\/media?parent=3575"}],"wp:term":[{"taxonomy":"product_brand","embeddable":true,"href":"https:\/\/antcube.shop\/nb\/wp-json\/wp\/v2\/product_brand?post=3575"},{"taxonomy":"product_cat","embeddable":true,"href":"https:\/\/antcube.shop\/nb\/wp-json\/wp\/v2\/product_cat?post=3575"},{"taxonomy":"product_tag","embeddable":true,"href":"https:\/\/antcube.shop\/nb\/wp-json\/wp\/v2\/product_tag?post=3575"}],"curies":[{"name":"wp","href":"https:\/\/api.w.org\/{rel}","templated":true}]}}