{"id":3566,"date":"2021-11-19T12:43:48","date_gmt":"2021-11-19T11:43:48","guid":{"rendered":"https:\/\/antcube.shop\/produkt\/youth-short-sleeve-t-shirt\/"},"modified":"2024-12-12T12:27:18","modified_gmt":"2024-12-12T11:27:18","slug":"ungdoms-kortermet-t-skjorte","status":"publish","type":"product","link":"https:\/\/antcube.shop\/nb\/produkt\/ungdoms-kortermet-t-skjorte\/","title":{"rendered":"T-skjorte med korte ermer for ungdom"},"content":{"rendered":"<p>Dette er t-skjorten du har lett etter, og den vil garantert bli en favoritt i enhver ungdoms garderobe. Den er lett, myk og kommer med et unikt design.<\/p>\n<p>- 100% kjemmmet og ringspunnet bomull<br \/>\n- Lyngfarger er 52% kjemmet og ringspunnet bomull, 48% polyester<br \/>\n- Athletic Heather er 90% kjemmet og ringspunnet bomull, 10% polyester.<br \/>\n- Stoffvekt: 4,2 oz\/yd\u00b2 (142 g\/m2)<br \/>\n- Forkrympet stoff<br \/>\n- 32 singler<br \/>\n- Avslappet unisex-passform<br \/>\n- Konstruksjon med sides\u00f8m<br \/>\n- Blanke produkter fra Nicaragua, USA eller Honduras.<\/p>\n<p>&nbsp;<\/p>\n<p>Levering og produksjon av produkter i kategorien Merchandise h\u00e5ndteres av v\u00e5r partner PRINTFUL. Ved \u00e5 bestille et av disse produktene godtar du vilk\u00e5rene og betingelsene, personvernreglene og returpolitikken til PRINTFUL.<\/p>\n<p><a href=\"https:\/\/www.printful.com\/policies\/terms-of-service\">Finn PRINTFULs vilk\u00e5r og betingelser her.<\/a><\/p>\n<p><a href=\"https:\/\/www.printful.com\/policies\/returns\">Finn PRINTFULs retningslinjer for retur her.<\/a><\/p>\n<p><a href=\"https:\/\/www.printful.com\/policies\/privacy\">Finn PRINTFULs retningslinjer for personvern her.<\/a><\/p>","protected":false},"excerpt":{"rendered":"<p>This is the tee that you&#8217;ve been looking for, and it&#8217;s bound to become a favorite in any youngster&#8217;s wardrobe. It&#8217;s light, soft, and comes with a unique design. \u2022 100% combed and ring-spun cotton \u2022 Heather colors are 52% combed and ring-spun cotton, 48% polyester \u2022 Athletic Heather is 90% combed and ring-spun cotton, [&#8230;]","protected":false},"featured_media":3573,"comment_status":"open","ping_status":"closed","template":"","meta":{"_acf_changed":false,"content-type":"","_monsterinsights_skip_tracking":false,"_monsterinsights_sitenote_active":false,"_monsterinsights_sitenote_note":"","_monsterinsights_sitenote_category":0},"product_brand":[],"product_cat":[245],"product_tag":[],"class_list":{"0":"post-3566","1":"product","2":"type-product","3":"status-publish","4":"has-post-thumbnail","6":"product_cat-merchandise","8":"first","9":"instock","10":"taxable","11":"shipping-taxable","12":"purchasable","13":"product-type-variable"},"acf":[],"aioseo_notices":[],"jetpack_sharing_enabled":true,"_links":{"self":[{"href":"https:\/\/antcube.shop\/nb\/wp-json\/wp\/v2\/product\/3566","targetHints":{"allow":["GET"]}}],"collection":[{"href":"https:\/\/antcube.shop\/nb\/wp-json\/wp\/v2\/product"}],"about":[{"href":"https:\/\/antcube.shop\/nb\/wp-json\/wp\/v2\/types\/product"}],"replies":[{"embeddable":true,"href":"https:\/\/antcube.shop\/nb\/wp-json\/wp\/v2\/comments?post=3566"}],"wp:featuredmedia":[{"embeddable":true,"href":"https:\/\/antcube.shop\/nb\/wp-json\/wp\/v2\/media\/3573"}],"wp:attachment":[{"href":"https:\/\/antcube.shop\/nb\/wp-json\/wp\/v2\/media?parent=3566"}],"wp:term":[{"taxonomy":"product_brand","embeddable":true,"href":"https:\/\/antcube.shop\/nb\/wp-json\/wp\/v2\/product_brand?post=3566"},{"taxonomy":"product_cat","embeddable":true,"href":"https:\/\/antcube.shop\/nb\/wp-json\/wp\/v2\/product_cat?post=3566"},{"taxonomy":"product_tag","embeddable":true,"href":"https:\/\/antcube.shop\/nb\/wp-json\/wp\/v2\/product_tag?post=3566"}],"curies":[{"name":"wp","href":"https:\/\/api.w.org\/{rel}","templated":true}]}}